{"id":4999,"date":"2026-04-29T11:23:54","date_gmt":"2026-04-29T11:23:54","guid":{"rendered":"https:\/\/naturalpixel.net\/recuperarecopii\/?page_id=4999"},"modified":"2026-04-29T11:24:17","modified_gmt":"2026-04-29T11:24:17","slug":"informatii-publice","status":"publish","type":"page","link":"https:\/\/naturalpixel.net\/recuperarecopii\/informatii-publice\/","title":{"rendered":"Informatii publice"},"content":{"rendered":"<div class=\"gb-container gb-container-ef9cf393\">\n<div class=\"gb-container gb-container-2e52666f\"><div class=\"gb-inside-container\">\n\n<h2 class=\"gb-headline gb-headline-2150e0d7 gb-headline-text\">Informa\u021bii publice<\/h2>\n\n\n\n<ol class=\"wp-block-list\">\n<li><a href=\"#consiliul-etic\">Consiliul etic<\/a><\/li>\n\n\n\n<li><a href=\"#atributii-consiliu-etic\">Atribu\u021bii Consiliul etic<\/a><\/li>\n\n\n\n<li><a href=\"#gdpr\">GDPR<\/a><\/li>\n\n\n\n<li><a href=\"#alocatia-de-hrana\">Aloca\u021bia de hran\u0103<\/a><\/li>\n<\/ol>\n\n<\/div><\/div>\n<\/div>\n\n<div class=\"gb-container gb-container-bb5262ba\"><div class=\"gb-inside-container\">\n\n<div id=\"consiliul-etic\"><\/div>\n\n\n\n<h2 class=\"gb-headline gb-headline-01ed2288 gb-headline-text\">Consiliul etic<\/h2>\n\n\n\n<h3>CONSILIUL ETIC<\/h3>\n<p>2025<\/p>\n<p><a href=\"https:\/\/recuperarecopii.ro\/assets\/images\/administratie\/2025\/07\/Jul%208,%20Doc%201.pdf\" target=\"_blank\" rel=\"noopener noreferrer\">Procedura de selec\u021bie \u00een vederea alegerii \u0219i desemn\u0103rii reprezentan\u021bilor asocia\u021biilor de pacien\u021bi in cadrul Consiliului Etic<\/a><\/p>\n<p>2024<\/p>\n<p><a href=\"https:\/\/recuperarecopii.ro\/assets\/images\/administratie\/2025\/03\/Doctor%20Nicolae%20Robanescu.pdf\" target=\"_blank\" rel=\"noopener noreferrer\">Procedura de selec\u021bie \u00een vederea alegerii \u0219i desemn\u0103rii reprezentan\u021bilor asocia\u021biilor de pacien\u021bi in cadrul Consiliului Etic<\/a><\/p>\n<p><a href=\"https:\/\/recuperarecopii.ro\/assets\/images\/administratie\/2025\/03\/Mar%206,%20Doc%203.pdf\" target=\"_blank\" rel=\"noopener noreferrer\">Lista sesiz\u0103ri Consiliul etic 2024<\/a><\/p>\n<p><a href=\"https:\/\/recuperarecopii.ro\/assets\/images\/administratie\/2025\/03\/raport%20semestrul%20I%202024.pdf\" target=\"_blank\" rel=\"noopener noreferrer\">Raport semestru I 2024<\/a><\/p>\n<p><a href=\"https:\/\/recuperarecopii.ro\/assets\/images\/administratie\/2025\/03\/raport%20semestrul%20II%202024.pdf\" target=\"_blank\" rel=\"noopener noreferrer\">Raport semestru II 2024<\/a><\/p>\n<p><a href=\"https:\/\/recuperarecopii.ro\/assets\/images\/administratie\/2025\/03\/AVIZE%20SI%20HOTARARI%202024.pdf\" target=\"_blank\" rel=\"noopener noreferrer\">Avize \u0219i hot\u0103r\u00e2ri 2024<\/a><\/p>\n<p><a href=\"https:\/\/recuperarecopii.ro\/spitalul\/nota-de-informare-privind-protectia-datelor-cu-caracter-personal\" target=\"_blank\" rel=\"noopener noreferrer\">Nota de informare privind protectia datelor cu caracter personal<\/a><\/p>\n<p><a href=\"https:\/\/recuperarecopii.ro\/assets\/images\/Spitalul\/decizie%20Consiliu%20Etic.pdf\" target=\"_blank\" rel=\"noopener noreferrer\">Decizie consiliul etic 2018<\/a><\/p>\n<p><a href=\"https:\/\/recuperarecopii.ro\/assets\/images\/administratie\/2024\/07\/Decizia%20159%20-%2023.06.22.pdf\" target=\"_blank\" rel=\"noopener noreferrer\">Decizie consiliul etic 2022<\/a><\/p>\n\n<\/div><\/div>\n\n<div class=\"gb-container gb-container-0bbcd7fb\"><div class=\"gb-inside-container\">\n\n<div id=\"atributii-consiliu-etic\"><\/div>\n\n\n\n<h2 class=\"gb-headline gb-headline-307ebe6e gb-headline-text\">Atribu\u021bii Consiliul etic<\/h2>\n\n\n\n<h3>ATRIBU\u021aII CONSILIUL ETIC<\/h3>\n<p>La nivelul institutiei exista Consiliul etic cu urmatoarele atributii:<\/p>\n<p>\u2022 promoveaz\u0103 valorile etice \u00een r\u00e2ndul personalului medico-sanitar, auxiliar \u015fi administrativ al unit\u0103\u0163ii sanitare;<\/p>\n<p>\u2022 identific\u0103 \u015fi analizeaz\u0103 vulnerabilit\u0103\u0163ile etice \u015fi riscurile ap\u0103rute, propune managerului adoptarea \u015fi implementarea m\u0103surilor de preven\u0163ie a actelor de corup\u0163ie la nivelul unit\u0103\u0163ii sanitare;<\/p>\n<p>\u2022 formuleaz\u0103 \u015fi \u00eenainteaz\u0103 managerului propuneri pentru diminuarea riscurilor de incidente de etic\u0103;<\/p>\n<p>\u2022 analizeaz\u0103 \u015fi avizeaz\u0103 regulamentul de ordine interioar\u0103 al unit\u0103\u0163ii sanitare \u015fi poate face propuneri pentru \u00eembun\u0103t\u0103\u0163irea acestuia;<\/p>\n<p>\u2022 formuleaz\u0103 punct de vedere etic consultativ, la solicitarea comitetului director al unit\u0103\u0163ii sanitare;<\/p>\n<p>\u2022 analizeaz\u0103 din punct de vedere etic situa\u0163iile de dubiu care pot ap\u0103rea \u00een exercitarea profesiei medicale;<\/p>\n<p>\u2022 prime\u015fte, din partea managerului unit\u0103\u0163ii sanitare, sesiz\u0103rile f\u0103cute \u00een vederea solu\u0163ion\u0103rii;<\/p>\n<p>\u2022 analizeaz\u0103 cazurile de \u00eenc\u0103lcare a principiilor morale sau deontologice \u00een rela\u0163ia pacient &#8211; cadru medicosanitar \u015fi personal auxiliar din cadrul spitalului;<\/p>\n<p>\u2022 verific\u0103 dac\u0103 personalul medico-sanitar \u015fi auxiliar, prin conduita sa, \u00eencalc\u0103 drepturile pacien\u0163ilor prev\u0103zute \u00een legisla\u0163ia specific\u0103, pe baza sesiz\u0103rilor primite;<\/p>\n<p>\u2022 analizeaz\u0103 sesiz\u0103rile personalului unit\u0103\u0163ii sanitare \u00een leg\u0103tur\u0103 cu diferitele tipuri de abuzuri s\u0103v\u00e2r\u015fite de c\u0103tre pacien\u0163i sau superiori ierarhici;<\/p>\n<p>\u2022 analizeaz\u0103 sesiz\u0103rile ce privesc nerespectarea demnit\u0103\u0163ii umane \u015fi propune m\u0103suri concrete de solu\u0163ionare;<\/p>\n<p>\u2022 emite avize referitoare la incidentele de etic\u0103 semnalate;<\/p>\n<p>\u2022 emite hot\u0103r\u00e2ri cu caracter general ce vizeaz\u0103 unitatea sanitar\u0103 respectiv\u0103;<\/p>\n<p>\u2022 asigur\u0103 informarea managerului, a Compartimentului de integritate din cadrul Ministerului S\u0103n\u0103t\u0103\u0163ii \u015fi a petentului privind con\u0163inutul avizului etic;<\/p>\n<p>\u2022 analizeaz\u0103 rezultatele aplic\u0103rii chestionarului de evaluare, parte a mecanismului de feedback al pacientului.<\/p>\n<p>Consiliul etic la cerere ofera consiliere de natura etica personalului angajat.<\/p>\n\n<\/div><\/div>\n\n<div class=\"gb-container gb-container-c5c8983e\"><div class=\"gb-inside-container\">\n\n<div id=\"gdpr\"><\/div>\n\n\n\n<h2 class=\"gb-headline gb-headline-c9e97714 gb-headline-text\">GDPR<\/h2>\n\n\n\n<p><a href=\"https:\/\/recuperarecopii.ro\/assets\/images\/Transparenta-Strategia\/GDPR\/Masuri-organizatorice-Protejarea-datelor-cu-caracter-personal.pdf\" target=\"_blank\" rel=\"noopener noreferrer\">Masuri organizatorice &#8211; Protejarea datelor cu caracter personal<\/a><\/p>\n<p><a href=\"https:\/\/recuperarecopii.ro\/assets\/images\/Transparenta-Strategia\/GDPR\/NOTA-DE-INFORMARE--PRIVIND-PRELUCRAREA-DATELOR-CU-CARACTER-PERSONAL.pdf\" target=\"_blank\" rel=\"noopener noreferrer\">Nota de informare privind prelucrarea datelor cu caracter personal<\/a><\/p>\n<p><a href=\"https:\/\/recuperarecopii.ro\/assets\/images\/Transparenta-Strategia\/GDPR\/Politica-de-confidentialitate-GDPR.pdf\" target=\"_blank\" rel=\"noopener noreferrer\">Politica de confidentialitate GDPR<\/a><\/p>\n<p><a href=\"https:\/\/recuperarecopii.ro\/assets\/images\/Transparenta-Strategia\/GDPR\/regulament_679_2016.pdf\" target=\"_blank\" rel=\"noopener noreferrer\">Regulament 679 \/ 2016<\/a><\/p>\n<p><a href=\"https:\/\/recuperarecopii.ro\/assets\/images\/Transparenta-Strategia\/GDPR\/drepturile-si-obligatiile-pacientilor.pdf\" target=\"_blank\" rel=\"noopener noreferrer\">Drepturile si obligatiile pacientilor<\/a><\/p>\n<p>Persoana responsabila GDPR<\/p>\n<p>Cons.jr.Iubis Oana Carmen \u2013 telefon 0214600232<\/p>\n\n<\/div><\/div>\n\n<div class=\"gb-container gb-container-c28565cb\"><div class=\"gb-inside-container\">\n\n<div id=\"alocatia-de-hrana\"><\/div>\n\n\n\n<h2 class=\"gb-headline gb-headline-67d93091 gb-headline-text\">Aloca\u021bia de hran\u0103<\/h2>\n\n\n\n<h3>Aloca\u021bia de hran\u0103<\/h3>\n<p>Norma de hran\u0103. Pentru detalii click <a href=\"https:\/\/recuperarecopii.ro\/assets\/images\/Documente\/norma%20de%20hrana(1\" target=\"_blank\" rel=\"noopener noreferrer\">aici.<\/a>.pdf)<\/p>\n\n<\/div><\/div>","protected":false},"excerpt":{"rendered":"<p>Informa\u021bii publice Consiliul etic CONSILIUL ETIC 2025 Procedura de selec\u021bie \u00een vederea alegerii \u0219i desemn\u0103rii reprezentan\u021bilor asocia\u021biilor de pacien\u021bi in cadrul Consiliului Etic 2024 Procedura de selec\u021bie \u00een vederea alegerii \u0219i desemn\u0103rii reprezentan\u021bilor asocia\u021biilor de pacien\u021bi in cadrul Consiliului Etic Lista sesiz\u0103ri Consiliul etic 2024 Raport semestru I 2024 Raport semestru II 2024 Avize \u0219i &#8230; <a title=\"Informatii publice\" class=\"read-more\" href=\"https:\/\/naturalpixel.net\/recuperarecopii\/informatii-publice\/\" aria-label=\"Read more about Informatii publice\">Read more<\/a><\/p>\n","protected":false},"author":1,"featured_media":0,"parent":0,"menu_order":0,"comment_status":"closed","ping_status":"closed","template":"","meta":{"footnotes":""},"class_list":["post-4999","page","type-page","status-publish"],"_links":{"self":[{"href":"https:\/\/naturalpixel.net\/recuperarecopii\/wp-json\/wp\/v2\/pages\/4999","targetHints":{"allow":["GET"]}}],"collection":[{"href":"https:\/\/naturalpixel.net\/recuperarecopii\/wp-json\/wp\/v2\/pages"}],"about":[{"href":"https:\/\/naturalpixel.net\/recuperarecopii\/wp-json\/wp\/v2\/types\/page"}],"author":[{"embeddable":true,"href":"https:\/\/naturalpixel.net\/recuperarecopii\/wp-json\/wp\/v2\/users\/1"}],"replies":[{"embeddable":true,"href":"https:\/\/naturalpixel.net\/recuperarecopii\/wp-json\/wp\/v2\/comments?post=4999"}],"version-history":[{"count":1,"href":"https:\/\/naturalpixel.net\/recuperarecopii\/wp-json\/wp\/v2\/pages\/4999\/revisions"}],"predecessor-version":[{"id":5000,"href":"https:\/\/naturalpixel.net\/recuperarecopii\/wp-json\/wp\/v2\/pages\/4999\/revisions\/5000"}],"wp:attachment":[{"href":"https:\/\/naturalpixel.net\/recuperarecopii\/wp-json\/wp\/v2\/media?parent=4999"}],"curies":[{"name":"wp","href":"https:\/\/api.w.org\/{rel}","templated":true}]}}