{"id":4997,"date":"2026-04-29T11:20:19","date_gmt":"2026-04-29T11:20:19","guid":{"rendered":"https:\/\/naturalpixel.net\/recuperarecopii\/?page_id=4997"},"modified":"2026-04-29T12:17:50","modified_gmt":"2026-04-29T12:17:50","slug":"integritate-institutionala","status":"publish","type":"page","link":"https:\/\/naturalpixel.net\/recuperarecopii\/integritate-institutionala\/","title":{"rendered":"Integritate institutionala"},"content":{"rendered":"<div class=\"gb-container gb-container-ef9cf393\">\n<div class=\"gb-container gb-container-2e52666f\"><div class=\"gb-inside-container\">\n\n<h2 class=\"gb-headline gb-headline-2150e0d7 gb-headline-text\">Integritate institu\u021bional\u0103<\/h2>\n\n\n\n<ol class=\"wp-block-list\">\n<li><a href=\"#plan-integritate\">Plan de integritate<\/a><\/li>\n\n\n\n<li><a href=\"#cadouri-legea-251\">Cadouri potrivit Legii 251 din 2004<\/a><\/li>\n\n\n\n<li><a href=\"#mecanism-raportare-incalcare-lege\">Mecanism de raportare a \u00eenc\u0103lc\u0103rii legii<\/a><\/li>\n\n\n\n<li><a href=\"#stadiu-implementare-sna\">Stadiu implementare SNA 2021-2025<\/a><\/li>\n\n\n\n<li><a href=\"#incident-integritate\">Situa\u021bia incidentelor de integritate<\/a><\/li>\n<\/ol>\n\n<\/div><\/div>\n<\/div>\n\n<div class=\"gb-container gb-container-a372cd30\"><div class=\"gb-inside-container\">\n\n<div id=\"plan-integritate\"><\/div>\n\n\n\n<h2 class=\"gb-headline gb-headline-00c9c46f gb-headline-text\">Plan de integritate<\/h2>\n\n\n\n<h3>PLAN DE INTEGRITATE<\/h3>\n<p><a href=\"https:\/\/recuperarecopii.ro\/assets\/images\/administratie\/documente\/interes_public\/integritate_institutionala\/plan_de_integritate_si_anexe.pdf\" target=\"_blank\" rel=\"noopener noreferrer\">Plan de integritate<\/a><\/p>\n\n<\/div><\/div>\n\n<div class=\"gb-container gb-container-c03b1858\"><div class=\"gb-inside-container\">\n\n<div id=\"cadouri-legea-251\"><\/div>\n\n\n\n<h2 class=\"gb-headline gb-headline-030d30da gb-headline-text\">Cadouri potrivit Legii 251 din 2004<\/h2>\n\n\n\n<h3>LISTA CUPRINZ\u00c2ND CADOURILE POTRIVIT LEGII 241 DIN 2004 \u0218I DESTINA\u021aIA ACESTORA<\/h3>\n<p><a href=\"https:\/\/recuperarecopii.ro\/assets\/images\/administratie\/2026\/04\/LISTA%20CADOURI.pdf\" target=\"_blank\" rel=\"noopener noreferrer\">Lista cadourilor primite conform Legii 251 din 2004 &#8211; anul 2025<\/a><\/p>\n<p><a href=\"https:\/\/recuperarecopii.ro\/assets\/images\/administratie\/documente\/interes_public\/integritate_institutionala\/LISTA%20CADOURILOR%20PRIMITE%20CONFORM%20LEGII%20251%20DIN%202004%20-_2024.pdf\" target=\"_blank\" rel=\"noopener noreferrer\">Lista cadourilor primite conform Legii 251 din 2004 &#8211; anul 2024<\/a><\/p>\n<p><a href=\"https:\/\/recuperarecopii.ro\/assets\/images\/administratie\/documente\/interes_public\/integritate_institutionala\/LISTA%20CADOURILOR%20PRIMITE%20CONFORM%20LEGII%20251%20DIN%202004%20-2023.pdf\" target=\"_blank\" rel=\"noopener noreferrer\">Lista cadourilor primite conform Legii 251 din 2004 &#8211; anul 2023<\/a><\/p>\n<p><a href=\"https:\/\/recuperarecopii.ro\/assets\/images\/administratie\/documente\/interes_public\/integritate_institutionala\/LISTA%20CADOURILOR%20PRIMITE%20CONFORM%20LEGII%20251%20DIN%202004%20-%20%202022.pdf\" target=\"_blank\" rel=\"noopener noreferrer\">Lista cadourilor primite conform Legii 251 din 2004 &#8211; anul 2022<\/a><\/p>\n\n<\/div><\/div>\n\n<div class=\"gb-container gb-container-b91e273d\"><div class=\"gb-inside-container\">\n\n<div id=\"mecanism-raportare-incalcare-lege\"><\/div>\n\n\n\n<h2 class=\"gb-headline gb-headline-4ffe39b8 gb-headline-text\">Mecanism de raportare a \u00eenc\u0103lc\u0103rii legii<\/h2>\n\n\n\n<h3>MECANISM DE RAPORTARE A \u00ceNC\u0102LC\u0102RII LEGII<\/h3>\n<p><a href=\"https:\/\/recuperarecopii.ro\/assets\/images\/administratie\/documente\/interes_public\/integritate_institutionala\/agenda%20integritate%20SNA%202021-2025.pdf\" target=\"_blank\" rel=\"noopener noreferrer\">Agenda de integritate SNA 2021-2025<\/a><\/p>\n<p><a href=\"https:\/\/recuperarecopii.ro\/assets\/images\/administratie\/documente\/interes_public\/integritate_institutionala\/Masuri%20preventive%20SNA.pdf\" target=\"_blank\" rel=\"noopener noreferrer\">M\u0103suri de preven\u021bie SNA<\/a><\/p>\n<p><a href=\"https:\/\/recuperarecopii.ro\/assets\/images\/administratie\/documente\/interes_public\/integritate_institutionala\/PS-36%20Protejarea%20avertizorilor%20in%20interes%20public%201.0%20(1\" target=\"_blank\" rel=\"noopener noreferrer\">Procedura privind protejarea avertizorilor \u00een interes public<\/a>.pdf)<\/p>\n\n<\/div><\/div>\n\n<div class=\"gb-container gb-container-a2df493d\"><div class=\"gb-inside-container\">\n\n<div id=\"stadiu-implementare-sna\"><\/div>\n\n\n\n<h2 class=\"gb-headline gb-headline-9073b478 gb-headline-text\">Stadiu implementare SNA 2021-2025<\/h2>\n\n\n\n<h3>STADIU IMPLEMENTARE SNA 2021-2025<\/h3>\n<p><a href=\"https:\/\/recuperarecopii.ro\/assets\/images\/administratie\/2026\/04\/RAPORT%20NARATIV.pdf\" target=\"_blank\" rel=\"noopener noreferrer\">Raport narativ strategia na\u021bional\u0103 anticorup\u021bie 2021-2025 &#8211; anul 2025<\/a><\/p>\n<p><a href=\"https:\/\/recuperarecopii.ro\/assets\/images\/administratie\/documente\/interes_public\/integritate_institutionala\/Raport%20narativ%20strategia%20nationala%20anticoruptie%202021-2025_2024.pdf\" target=\"_blank\" rel=\"noopener noreferrer\">Raport narativ strategia na\u021bional\u0103 anticorup\u021bie 2021-2025 &#8211; anul 2024<\/a><\/p>\n<p><a href=\"https:\/\/recuperarecopii.ro\/assets\/images\/administratie\/documente\/interes_public\/integritate_institutionala\/Raport%20narativ%20strategia%20nationala%20anticoruptie%202021-2025%202023.pdf\" target=\"_blank\" rel=\"noopener noreferrer\">Raport narativ strategia na\u021bional\u0103 anticorup\u021bie 2021-2025 &#8211; anul 2023<\/a><\/p>\n<p><a href=\"https:\/\/recuperarecopii.ro\/assets\/images\/administratie\/documente\/interes_public\/integritate_institutionala\/Raport%20narativ%20strategia%20nationala%20anticoruptie%202021-2025_2022.pdf\" target=\"_blank\" rel=\"noopener noreferrer\">Raport narativ strategia na\u021bional\u0103 anticorup\u021bie 2021-2025 &#8211; anul 2022<\/a><\/p>\n\n<\/div><\/div>\n\n<div class=\"gb-container gb-container-808aa8a5\"><div class=\"gb-inside-container\">\n\n<div id=\"incident-integritate\"><\/div>\n\n\n\n<h2 class=\"gb-headline gb-headline-844f54a0 gb-headline-text\">Situa\u021bia incidentelor de integritate<\/h2>\n\n\n\n<h3>SITUA\u021aIA INCIDENTELOR DE INTEGRITATE<\/h3>\n<p><a href=\"https:\/\/recuperarecopii.ro\/assets\/images\/administratie\/2026\/04\/raport%20anual%20evaluare%20incidente%202025.pdf\" target=\"_blank\" rel=\"noopener noreferrer\">Raport anual evaluare incidente de integritate &#8211; anul 2025<\/a><\/p>\n<p><a href=\"https:\/\/recuperarecopii.ro\/assets\/images\/administratie\/documente\/interes_public\/integritate_institutionala\/Anexa_6_metodologie_evaluare_incidente_de_integritate_2024.pdf\" target=\"_blank\" rel=\"noopener noreferrer\">Metodologie evaluare incidente de integritate &#8211; anul 2024<\/a><\/p>\n<p><a href=\"https:\/\/recuperarecopii.ro\/assets\/images\/administratie\/documente\/interes_public\/integritate_institutionala\/Anexa_6_metodologie_evaluare_incidente_de_integritate_2023.pdf\" target=\"_blank\" rel=\"noopener noreferrer\">Metodologie evaluare incidente de integritate &#8211; anul 2023<\/a><\/p>\n<p><a href=\"https:\/\/recuperarecopii.ro\/assets\/images\/administratie\/documente\/interes_public\/integritate_institutionala\/Anexa_6_metodologie_evaluare_incidente_de_%20integritate_2022.pdf\" target=\"_blank\" rel=\"noopener noreferrer\">Metodologie evaluare incidente de integritate &#8211; anul 2022<\/a><\/p>\n\n<\/div><\/div>","protected":false},"excerpt":{"rendered":"<p>Integritate institu\u021bional\u0103 Plan de integritate PLAN DE INTEGRITATE Plan de integritate Cadouri potrivit Legii 251 din 2004 LISTA CUPRINZ\u00c2ND CADOURILE POTRIVIT LEGII 241 DIN 2004 \u0218I DESTINA\u021aIA ACESTORA Lista cadourilor primite conform Legii 251 din 2004 &#8211; anul 2025 Lista cadourilor primite conform Legii 251 din 2004 &#8211; anul 2024 Lista cadourilor primite conform Legii &#8230; <a title=\"Integritate institutionala\" class=\"read-more\" href=\"https:\/\/naturalpixel.net\/recuperarecopii\/integritate-institutionala\/\" aria-label=\"Read more about Integritate institutionala\">Read more<\/a><\/p>\n","protected":false},"author":1,"featured_media":0,"parent":0,"menu_order":0,"comment_status":"closed","ping_status":"closed","template":"","meta":{"footnotes":""},"class_list":["post-4997","page","type-page","status-publish"],"_links":{"self":[{"href":"https:\/\/naturalpixel.net\/recuperarecopii\/wp-json\/wp\/v2\/pages\/4997","targetHints":{"allow":["GET"]}}],"collection":[{"href":"https:\/\/naturalpixel.net\/recuperarecopii\/wp-json\/wp\/v2\/pages"}],"about":[{"href":"https:\/\/naturalpixel.net\/recuperarecopii\/wp-json\/wp\/v2\/types\/page"}],"author":[{"embeddable":true,"href":"https:\/\/naturalpixel.net\/recuperarecopii\/wp-json\/wp\/v2\/users\/1"}],"replies":[{"embeddable":true,"href":"https:\/\/naturalpixel.net\/recuperarecopii\/wp-json\/wp\/v2\/comments?post=4997"}],"version-history":[{"count":1,"href":"https:\/\/naturalpixel.net\/recuperarecopii\/wp-json\/wp\/v2\/pages\/4997\/revisions"}],"predecessor-version":[{"id":4998,"href":"https:\/\/naturalpixel.net\/recuperarecopii\/wp-json\/wp\/v2\/pages\/4997\/revisions\/4998"}],"wp:attachment":[{"href":"https:\/\/naturalpixel.net\/recuperarecopii\/wp-json\/wp\/v2\/media?parent=4997"}],"curies":[{"name":"wp","href":"https:\/\/api.w.org\/{rel}","templated":true}]}}