{"id":4910,"date":"2026-03-12T12:02:46","date_gmt":"2026-03-12T12:02:46","guid":{"rendered":"https:\/\/naturalpixel.net\/recuperarecopii\/?page_id=4910"},"modified":"2026-03-12T12:02:47","modified_gmt":"2026-03-12T12:02:47","slug":"consultatii-pediatrie-bucures","status":"publish","type":"page","link":"https:\/\/naturalpixel.net\/recuperarecopii\/consultatii-pediatrie-bucures\/","title":{"rendered":"Pediatrie"},"content":{"rendered":"<div class=\"gb-container gb-container-0be6146d\">\n<div class=\"gb-container gb-container-fab78e7d\"><div class=\"gb-inside-container\">\n\n<p>Consulta\u021biile de\u00a0<strong>pediatrie<\/strong>\u00a0\u00een Centrul \u201eRob\u0103nescu &#8211; P\u0103dure\u201d completeaz\u0103 abordarea multidisciplinar\u0103 pentru copiii cu deficien\u021be neuropsihomotorii 0-18 ani, oferind management integrat \u00een Sec\u021bia Clinic\u0103 Recuperare Neuropsihomotorie Copii \u0219i Ambulatoriu Integrat.<\/p>\n\n\n\n<p>Servicii: monitorizare cre\u0219tere, management complica\u021bii respiratorii\/cardiovasculare \u00een boli neuromusculare, coordonare intern\u0103ri, decontate CASMB.<br><br><\/p>\n\n<\/div><\/div>\n\n<div class=\"gb-container gb-container-97ddc147\"><div class=\"gb-inside-container\">\n\n<figure class=\"gb-block-image gb-block-image-3e938582\"><img loading=\"lazy\" decoding=\"async\" width=\"1024\" height=\"683\" class=\"gb-image gb-image-3e938582 image-style img\" src=\"https:\/\/naturalpixel.net\/recuperarecopii\/wp-content\/uploads\/2025\/10\/slider_2-1024x683.jpg\" alt=\"\" title=\"slider_2\" srcset=\"https:\/\/naturalpixel.net\/recuperarecopii\/wp-content\/uploads\/2025\/10\/slider_2-1024x683.jpg 1024w, https:\/\/naturalpixel.net\/recuperarecopii\/wp-content\/uploads\/2025\/10\/slider_2-300x200.jpg 300w, https:\/\/naturalpixel.net\/recuperarecopii\/wp-content\/uploads\/2025\/10\/slider_2-768x512.jpg 768w, https:\/\/naturalpixel.net\/recuperarecopii\/wp-content\/uploads\/2025\/10\/slider_2-1536x1024.jpg 1536w, https:\/\/naturalpixel.net\/recuperarecopii\/wp-content\/uploads\/2025\/10\/slider_2.jpg 1920w\" sizes=\"auto, (max-width: 1024px) 100vw, 1024px\" \/><\/figure>\n\n<\/div><\/div>\n<\/div>\n\n<div class=\"gb-container gb-container-5ab7a396\">\n<div class=\"gb-container gb-container-b4c25fa8\">\n<div class=\"gb-container gb-container-68b8a67a\"><div class=\"gb-inside-container\">\n\n<h3 class=\"gb-headline gb-headline-48dc581d gb-headline-text\">Afec\u021biuni<\/h3>\n\n\n\n<ul class=\"wp-block-list\">\n<li><strong>Deficien\u021be neuropsihomotorii<\/strong>\u00a0asociate pediatrice (0-18 ani)<a href=\"https:\/\/ms.ro\/ro\/unitati-sanitare\/centrul-national-clinic-de-recuperare-neuropsihomotorie-copii-dr-nicolae-robanescu\/\" target=\"_blank\" rel=\"noreferrer noopener\"><\/a>\u200b<\/li>\n\n\n\n<li><strong>Complica\u021bii respiratorii<\/strong>\u00a0\u00een hipotonie neuromuscular\u0103 sever\u0103<a href=\"http:\/\/www.saptamanamedicala.ro\/articole\/Centrul-National-Medical-Clinic-de-Recuperare-Neuropshihomotorie-pentru-copii-DrN-Robanescu\" target=\"_blank\" rel=\"noreferrer noopener\"><\/a>\u200b<\/li>\n\n\n\n<li><strong>Insuficien\u021b\u0103 cardiovascular\u0103<\/strong>\u00a0secundar\u0103 bolilor rare (AMS, DMD)<a href=\"https:\/\/recuperarecopii.ro\/spitalul\/personalul\/medici\" target=\"_blank\" rel=\"noreferrer noopener\"><\/a>\u200b<\/li>\n\n\n\n<li><strong>Deficit nutri\u021bional<\/strong>\u00a0prin disfagie neurogen\u0103<a href=\"http:\/\/www.saptamanamedicala.ro\/articole\/Centrul-National-Medical-Clinic-de-Recuperare-Neuropshihomotorie-pentru-copii-DrN-Robanescu\" target=\"_blank\" rel=\"noreferrer noopener\"><\/a>\u200b<\/li>\n\n\n\n<li><strong>Infec\u021bii nosocomiale<\/strong>\u00a0\u00een imobilizare prelungit\u0103<a href=\"https:\/\/www.ms.ro\/ro\/unitati-sanitare\/centrul-national-clinic-de-recuperare-neuropsihomotorie-copii-dr-nicolae-robanescu\/\" target=\"_blank\" rel=\"noreferrer noopener\"><\/a>\u200b<\/li>\n\n\n\n<li><strong>Cre\u0219tere staturo-ponderal\u0103<\/strong>\u00a0\u00eent\u00e2rziat\u0103 \u00een boli cronice<a href=\"https:\/\/ms.ro\/ro\/unitati-sanitare\/centrul-national-clinic-de-recuperare-neuropsihomotorie-copii-dr-nicolae-robanescu\/\" target=\"_blank\" rel=\"noreferrer noopener\"><\/a>\u200b<\/li>\n\n\n\n<li><strong>Monitorizare pacien\u021bi<\/strong>\u00a0>18 ani cu diagnostic pediatric (studen\u021bi\/elevi)<a href=\"https:\/\/ms.ro\/ro\/unitati-sanitare\/centrul-national-clinic-de-recuperare-neuropsihomotorie-copii-dr-nicolae-robanescu\/\" target=\"_blank\" rel=\"noreferrer noopener\"><\/a>\u200b<\/li>\n<\/ul>\n\n\n\n<p><strong>Abordare<\/strong>: management integrat cu neurologie, recuperare, nutri\u021bie, decontat CASMB prin bilet internare\/externare.<\/p>\n\n<\/div><\/div>\n<\/div>\n<div class=\"gb-shapes\"><div class=\"gb-shape gb-shape-1\"><svg xmlns=\"http:\/\/www.w3.org\/2000\/svg\" viewBox=\"0 0 1200 218\" preserveAspectRatio=\"none\"><path d=\"M0 218h1200v-31.3l-40 4.4c-40 4.8-120 13.1-200 0-80-13.6-160-48.6-240-66.7-80-17.8-160-17.8-240-8.8-80 8.6-160 26.9-240 8.8-80-17.7-160-71.1-200-97.7L0 0v218z\"\/><\/svg><\/div><div class=\"gb-shape gb-shape-2\"><svg xmlns=\"http:\/\/www.w3.org\/2000\/svg\" viewBox=\"0 0 1200 218\" preserveAspectRatio=\"none\"><path d=\"M0 218h1200v-31.3l-40 4.4c-40 4.8-120 13.1-200 0-80-13.6-160-48.6-240-66.7-80-17.8-160-17.8-240-8.8-80 8.6-160 26.9-240 8.8-80-17.7-160-71.1-200-97.7L0 0v218z\"\/><\/svg><\/div><\/div><\/div>\n\n<div class=\"gb-container gb-container-ef9cf393\">\n<div class=\"gb-container gb-container-2e52666f\"><div class=\"gb-inside-container\">\n\n<h2 class=\"gb-headline gb-headline-2150e0d7 gb-headline-text\">Echipa<\/h2>\n\n\n\n<div class=\"gb-grid-wrapper\">\n<div class=\"team gb-grid-colum\">\n<a href=\"https:\/\/naturalpixel.net\/recuperarecopii\/wp-content\/uploads\/2026\/03\/Dr.-Roxana-Draganici-pediatrie-1-960x1024.jpeg\">\n<img decoding=\"async\" src=\"https:\/\/naturalpixel.net\/recuperarecopii\/wp-content\/uploads\/2026\/03\/Dr.-Roxana-Draganici-pediatrie-1-768x819.jpeg\" alt=\"Dr. Roxana Draganici- pediatrie\" \/><\/a>\n<p><strong>Dr. Roxana Amelia Dr\u0103g\u0103nici<\/strong><\/p>\n<p>Medic primar Pediatrie<\/p>\n<div class=\"expanded\"><p>Sec\u021bia Clinic\u0103 Recuperare Neuropsihomotorie Copii<\/p><\/div>\n<\/div><\/div>\n\n<\/div><\/div>\n<\/div>","protected":false},"excerpt":{"rendered":"<p>Consulta\u021biile de\u00a0pediatrie\u00a0\u00een Centrul \u201eRob\u0103nescu &#8211; P\u0103dure\u201d completeaz\u0103 abordarea multidisciplinar\u0103 pentru copiii cu deficien\u021be neuropsihomotorii 0-18 ani, oferind management integrat \u00een Sec\u021bia Clinic\u0103 Recuperare Neuropsihomotorie Copii \u0219i Ambulatoriu Integrat. Servicii: monitorizare cre\u0219tere, management complica\u021bii respiratorii\/cardiovasculare \u00een boli neuromusculare, coordonare intern\u0103ri, decontate CASMB. Afec\u021biuni Abordare: management integrat cu neurologie, recuperare, nutri\u021bie, decontat CASMB prin bilet internare\/externare. Echipa<\/p>\n","protected":false},"author":1,"featured_media":0,"parent":0,"menu_order":0,"comment_status":"closed","ping_status":"closed","template":"","meta":{"footnotes":""},"class_list":["post-4910","page","type-page","status-publish"],"_links":{"self":[{"href":"https:\/\/naturalpixel.net\/recuperarecopii\/wp-json\/wp\/v2\/pages\/4910","targetHints":{"allow":["GET"]}}],"collection":[{"href":"https:\/\/naturalpixel.net\/recuperarecopii\/wp-json\/wp\/v2\/pages"}],"about":[{"href":"https:\/\/naturalpixel.net\/recuperarecopii\/wp-json\/wp\/v2\/types\/page"}],"author":[{"embeddable":true,"href":"https:\/\/naturalpixel.net\/recuperarecopii\/wp-json\/wp\/v2\/users\/1"}],"replies":[{"embeddable":true,"href":"https:\/\/naturalpixel.net\/recuperarecopii\/wp-json\/wp\/v2\/comments?post=4910"}],"version-history":[{"count":4,"href":"https:\/\/naturalpixel.net\/recuperarecopii\/wp-json\/wp\/v2\/pages\/4910\/revisions"}],"predecessor-version":[{"id":4914,"href":"https:\/\/naturalpixel.net\/recuperarecopii\/wp-json\/wp\/v2\/pages\/4910\/revisions\/4914"}],"wp:attachment":[{"href":"https:\/\/naturalpixel.net\/recuperarecopii\/wp-json\/wp\/v2\/media?parent=4910"}],"curies":[{"name":"wp","href":"https:\/\/api.w.org\/{rel}","templated":true}]}}