{"id":4906,"date":"2026-03-12T11:52:11","date_gmt":"2026-03-12T11:52:11","guid":{"rendered":"https:\/\/naturalpixel.net\/recuperarecopii\/?page_id=4906"},"modified":"2026-03-12T11:52:12","modified_gmt":"2026-03-12T11:52:12","slug":"genetica-medicala-bucuresti","status":"publish","type":"page","link":"https:\/\/naturalpixel.net\/recuperarecopii\/genetica-medicala-bucuresti\/","title":{"rendered":"Genetic\u0103 Medical\u0103"},"content":{"rendered":"<div class=\"gb-container gb-container-0be6146d\">\n<div class=\"gb-container gb-container-fab78e7d\"><div class=\"gb-inside-container\">\n\n<p><strong>Laboratorul de Genetic\u0103 Molecular\u0103<\/strong>\u00a0din Centrul \u201eRob\u0103nescu &#8211; P\u0103dure\u201d ofer\u0103\u00a0<strong>diagnostic molecular RT-PCR<\/strong>\u00a0\u0219i consiliere genetic\u0103 pentru copii 0-18 ani cu afec\u021biuni neuromusculare rare, integrat \u00een Nucleul de Cercetare \u0218tiin\u021bific\u0103 Medical\u0103.<\/p>\n\n<\/div><\/div>\n\n<div class=\"gb-container gb-container-97ddc147\"><div class=\"gb-inside-container\">\n\n<figure class=\"gb-block-image gb-block-image-3e938582\"><img loading=\"lazy\" decoding=\"async\" width=\"1024\" height=\"683\" class=\"gb-image gb-image-3e938582 image-style img\" src=\"https:\/\/naturalpixel.net\/recuperarecopii\/wp-content\/uploads\/2025\/10\/slider_2-1024x683.jpg\" alt=\"\" title=\"slider_2\" srcset=\"https:\/\/naturalpixel.net\/recuperarecopii\/wp-content\/uploads\/2025\/10\/slider_2-1024x683.jpg 1024w, https:\/\/naturalpixel.net\/recuperarecopii\/wp-content\/uploads\/2025\/10\/slider_2-300x200.jpg 300w, https:\/\/naturalpixel.net\/recuperarecopii\/wp-content\/uploads\/2025\/10\/slider_2-768x512.jpg 768w, https:\/\/naturalpixel.net\/recuperarecopii\/wp-content\/uploads\/2025\/10\/slider_2-1536x1024.jpg 1536w, https:\/\/naturalpixel.net\/recuperarecopii\/wp-content\/uploads\/2025\/10\/slider_2.jpg 1920w\" sizes=\"auto, (max-width: 1024px) 100vw, 1024px\" \/><\/figure>\n\n<\/div><\/div>\n<\/div>\n\n<div class=\"gb-container gb-container-5ab7a396\">\n<div class=\"gb-container gb-container-b4c25fa8\">\n<div class=\"gb-container gb-container-68b8a67a\"><div class=\"gb-inside-container\">\n\n<h3 class=\"gb-headline gb-headline-48dc581d gb-headline-text\">Servicii<\/h3>\n\n\n\n<ul class=\"wp-block-list\">\n<li>Cercetare etiologie intelectual disability (CNV patogene)<\/li>\n\n\n\n<li>Testare genetic\u0103 boli neuromusculare (SMA, DMD)<\/li>\n\n\n\n<li>Analize RT-PCR compartiment Medicin\u0103 Molecular\u0103<\/li>\n<\/ul>\n\n\n\n<h3 class=\"gb-headline gb-headline-cfb09816 gb-headline-text\">Lista afec\u021biuni investigate<\/h3>\n\n\n\n<ul class=\"wp-block-list\">\n<li><strong>Amiotrofie spinal\u0103 (SMA)<\/strong>\u00a0\u2013 screening neonatal, testare muta\u021bii SMN1<\/li>\n\n\n\n<li><strong>Distrofie muscular\u0103 Duchenne (DMD)<\/strong>\u00a0\u2013 dele\u021bii\/duplica\u021bii gen\u0103 DMD<a href=\"https:\/\/recuperarecopii.ro\/cercetare\" target=\"_blank\" rel=\"noreferrer noopener\"><\/a>\u200b<\/li>\n\n\n\n<li><strong>Sindroame genetice rare<\/strong>: Ehlers-Danlos, MICPCH (muta\u021bii CASK)<a href=\"https:\/\/recuperarecopii.ro\/cercetare\" target=\"_blank\" rel=\"noreferrer noopener\"><\/a>\u200b<\/li>\n\n\n\n<li><strong>Deficien\u021be intelectuale sindromice\/non-sindromice<\/strong>\u00a0(CNV patogene)<a href=\"https:\/\/recuperarecopii.ro\/cercetare\" target=\"_blank\" rel=\"noreferrer noopener\"><\/a>\u200b<\/li>\n\n\n\n<li><strong>Cataract\u0103 congenital\u0103 genetic\u0103<\/strong><a href=\"https:\/\/recuperarecopii.ro\/cercetare\" target=\"_blank\" rel=\"noreferrer noopener\"><\/a>\u200b<\/li>\n\n\n\n<li><strong>Boli neuromusculare cu etiologie genetic\u0103<\/strong>\u00a0(polineuropatii ereditare)<a href=\"https:\/\/recuperarecopii.ro\/spitalul\/2022\" target=\"_blank\" rel=\"noreferrer noopener\"><\/a><\/li>\n\n\n\n<li><\/li>\n<\/ul>\n\n<\/div><\/div>\n<\/div>\n<div class=\"gb-shapes\"><div class=\"gb-shape gb-shape-1\"><svg xmlns=\"http:\/\/www.w3.org\/2000\/svg\" viewBox=\"0 0 1200 218\" preserveAspectRatio=\"none\"><path d=\"M0 218h1200v-31.3l-40 4.4c-40 4.8-120 13.1-200 0-80-13.6-160-48.6-240-66.7-80-17.8-160-17.8-240-8.8-80 8.6-160 26.9-240 8.8-80-17.7-160-71.1-200-97.7L0 0v218z\"\/><\/svg><\/div><div class=\"gb-shape gb-shape-2\"><svg xmlns=\"http:\/\/www.w3.org\/2000\/svg\" viewBox=\"0 0 1200 218\" preserveAspectRatio=\"none\"><path d=\"M0 218h1200v-31.3l-40 4.4c-40 4.8-120 13.1-200 0-80-13.6-160-48.6-240-66.7-80-17.8-160-17.8-240-8.8-80 8.6-160 26.9-240 8.8-80-17.7-160-71.1-200-97.7L0 0v218z\"\/><\/svg><\/div><\/div><\/div>\n\n<div class=\"gb-container gb-container-ef9cf393\">\n<div class=\"gb-container gb-container-2e52666f\"><div class=\"gb-inside-container\">\n\n<h2 class=\"gb-headline gb-headline-2150e0d7 gb-headline-text\">Echipa<\/h2>\n\n\n\n<div class=\"gb-grid-wrapper\">\n<div class=\"team gb-grid-colum\">\n<a href=\"https:\/\/naturalpixel.net\/recuperarecopii\/wp-content\/uploads\/2026\/03\/Dr.-Elena-Neagu-genetica-medicala-926x1024.jpeg\">\n<img decoding=\"async\" src=\"https:\/\/naturalpixel.net\/recuperarecopii\/wp-content\/uploads\/2026\/03\/Dr.-Elena-Neagu-genetica-medicala-768x849.jpeg\" alt=\"Dr. Elena Neagu - genetica medicala\" \/><\/a>\n<p><strong>Dr. Elena Neagu<\/strong><\/p>\n<p>Medic Primar Genetic\u0103 Medical\u0103<\/p>\n<div class=\"expanded\"><p>Medic Primar Genetic\u0103 Medical\u0103<br \/>\r\nCoordonator Laborator de genetic\u0103 al Centrului Na\u021bional Clinic de Recuperare Neuropsihootorie Copii \"Dr. Nicolae Robanescu\"<\/p><\/div>\n<\/div>\n<div class=\"team gb-grid-colum\">\n<a href=\"https:\/\/naturalpixel.net\/recuperarecopii\/wp-content\/uploads\/2026\/03\/Dr.-Silvia-Shelby-genetica-medicala.jpg\">\n<img decoding=\"async\" src=\"https:\/\/naturalpixel.net\/recuperarecopii\/wp-content\/uploads\/2026\/03\/Dr.-Silvia-Shelby-genetica-medicala-768x767.jpg\" alt=\"Dr. Silvia Shelby - genetica medicala\" \/><\/a>\n<p><strong>Dr. Elena Silvia Shelby<\/strong><\/p>\n<p>Medic primar Genetic\u0103 Medical\u0103<\/p>\n<div class=\"expanded\"><p>Cercet\u0103tor \u0218tiin\u021bific Principal<br \/>\r\nNucleu Cercetare \u0218tiin\u021bific\u0103 Medical\u0103<br \/>\r\nDoctor \u00een \u0218tiin\u021be Medicale<\/p><\/div>\n<\/div><\/div>\n\n<\/div><\/div>\n<\/div>","protected":false},"excerpt":{"rendered":"<p>Laboratorul de Genetic\u0103 Molecular\u0103\u00a0din Centrul \u201eRob\u0103nescu &#8211; P\u0103dure\u201d ofer\u0103\u00a0diagnostic molecular RT-PCR\u00a0\u0219i consiliere genetic\u0103 pentru copii 0-18 ani cu afec\u021biuni neuromusculare rare, integrat \u00een Nucleul de Cercetare \u0218tiin\u021bific\u0103 Medical\u0103. Servicii Lista afec\u021biuni investigate Echipa<\/p>\n","protected":false},"author":1,"featured_media":0,"parent":0,"menu_order":0,"comment_status":"closed","ping_status":"closed","template":"","meta":{"footnotes":""},"class_list":["post-4906","page","type-page","status-publish"],"_links":{"self":[{"href":"https:\/\/naturalpixel.net\/recuperarecopii\/wp-json\/wp\/v2\/pages\/4906","targetHints":{"allow":["GET"]}}],"collection":[{"href":"https:\/\/naturalpixel.net\/recuperarecopii\/wp-json\/wp\/v2\/pages"}],"about":[{"href":"https:\/\/naturalpixel.net\/recuperarecopii\/wp-json\/wp\/v2\/types\/page"}],"author":[{"embeddable":true,"href":"https:\/\/naturalpixel.net\/recuperarecopii\/wp-json\/wp\/v2\/users\/1"}],"replies":[{"embeddable":true,"href":"https:\/\/naturalpixel.net\/recuperarecopii\/wp-json\/wp\/v2\/comments?post=4906"}],"version-history":[{"count":2,"href":"https:\/\/naturalpixel.net\/recuperarecopii\/wp-json\/wp\/v2\/pages\/4906\/revisions"}],"predecessor-version":[{"id":4908,"href":"https:\/\/naturalpixel.net\/recuperarecopii\/wp-json\/wp\/v2\/pages\/4906\/revisions\/4908"}],"wp:attachment":[{"href":"https:\/\/naturalpixel.net\/recuperarecopii\/wp-json\/wp\/v2\/media?parent=4906"}],"curies":[{"name":"wp","href":"https:\/\/api.w.org\/{rel}","templated":true}]}}