{"id":4751,"date":"2025-12-22T06:08:49","date_gmt":"2025-12-22T06:08:49","guid":{"rendered":"https:\/\/naturalpixel.net\/recuperarecopii\/?page_id=4751"},"modified":"2025-12-22T06:08:51","modified_gmt":"2025-12-22T06:08:51","slug":"tratament-boli-rare-copii-duchenne","status":"publish","type":"page","link":"https:\/\/naturalpixel.net\/recuperarecopii\/tratament-boli-rare-copii-duchenne\/","title":{"rendered":"Diagnostic \u0219i Terapii \u00een Bolile Rare"},"content":{"rendered":"<div class=\"gb-container gb-container-0be6146d\">\n<div class=\"gb-container gb-container-fab78e7d\"><div class=\"gb-inside-container\">\n\n<p>Centrul Na\u021bional Clinic de Recuperare Neuropsihomotorie Copii \u201eDr. Nicolae Rob\u0103nescu\u201d este specializat \u00een\u00a0<strong>diagnostic \u0219i terapii pentru boli rare<\/strong>\u00a0la copii 0-18 ani, oferind servicii integrate \u00een ambulatoriu \u0219i internare, cu acces la programe na\u021bionale \u0219i studii clinice interna\u021bionale.<\/p>\n\n<\/div><\/div>\n\n<div class=\"gb-container gb-container-97ddc147\"><div class=\"gb-inside-container\">\n\n<figure class=\"gb-block-image gb-block-image-3e938582\"><img loading=\"lazy\" decoding=\"async\" width=\"1024\" height=\"683\" class=\"gb-image gb-image-3e938582 image-style img\" src=\"https:\/\/naturalpixel.net\/recuperarecopii\/wp-content\/uploads\/2025\/10\/slider_2-1024x683.jpg\" alt=\"\" title=\"slider_2\" srcset=\"https:\/\/naturalpixel.net\/recuperarecopii\/wp-content\/uploads\/2025\/10\/slider_2-1024x683.jpg 1024w, https:\/\/naturalpixel.net\/recuperarecopii\/wp-content\/uploads\/2025\/10\/slider_2-300x200.jpg 300w, https:\/\/naturalpixel.net\/recuperarecopii\/wp-content\/uploads\/2025\/10\/slider_2-768x512.jpg 768w, https:\/\/naturalpixel.net\/recuperarecopii\/wp-content\/uploads\/2025\/10\/slider_2-1536x1024.jpg 1536w, https:\/\/naturalpixel.net\/recuperarecopii\/wp-content\/uploads\/2025\/10\/slider_2.jpg 1920w\" sizes=\"auto, (max-width: 1024px) 100vw, 1024px\" \/><\/figure>\n\n<\/div><\/div>\n<\/div>\n\n<div class=\"gb-container gb-container-5ab7a396\">\n<div class=\"gb-container gb-container-b4c25fa8\">\n<div class=\"gb-container gb-container-68b8a67a\"><div class=\"gb-inside-container\">\n\n<h3 class=\"gb-headline gb-headline-48dc581d gb-headline-text\">Screening \u0219i diagnostic precoce<\/h3>\n\n\n\n<ul class=\"wp-block-list\">\n<li><strong>Screening neonatal amiotrofie spinal\u0103 (AMS)<\/strong>\u00a0\u00een 4 maternit\u0103\u021bi din Bucure\u0219ti (Giule\u0219ti, Polizu, Bucur, Elias) prin analiz\u0103 genetic\u0103 \u00een laboratorul propriu.<a href=\"https:\/\/hotnews.ro\/program-de-screening-neonatal-pentru-amiotrofie-spinala-n-4-maternitati-din-bucuresti-lansat-de-centrul-dr-nicolae-robanescu-n-36-de-ore-copilul-beneficiaza-de-tratame-114989\" target=\"_blank\" rel=\"noreferrer noopener\"><\/a>\u200b<\/li>\n\n\n\n<li><strong>Diagnostic genetic<\/strong>\u00a0pentru displazii scheletice, disautonomie, sindroame ultra-rare.<a href=\"https:\/\/recuperarecopii.ro\/cercetare\" target=\"_blank\" rel=\"noreferrer noopener\"><\/a>\u200b<\/li>\n\n\n\n<li><strong>Conferin\u021be anuale \u201eZiua Bolilor Rare\u201d<\/strong>\u00a0(28 februarie) cu acreditare EMC.<a href=\"https:\/\/recuperarecopii.ro\/assets\/images\/Evenimente\/2023\/02\/Program%20Conferinta%2028%20Februarie%202023(4).pdf\" target=\"_blank\" rel=\"noreferrer noopener\"><\/a>\u200b<\/li>\n<\/ul>\n\n\n\n<h3 class=\"gb-headline gb-headline-3b942696 gb-headline-text\">Terapii moderne \u0219i inovatoare<\/h3>\n\n\n\n<p><strong>Administrarea terapiilor moderne \u00een amiotrofia spinal\u0103 progresiv\u0103 (AMS):<\/strong><\/p>\n\n\n\n<ul class=\"wp-block-list\">\n<li><strong>Nusinersen (Spinraza)<\/strong>\u00a0\u2013 tratament prin punc\u021bie lombar\u0103 pentru 12 pacien\u021bi prin Programul Na\u021bional Boli Rare.<a href=\"https:\/\/recuperarecopii.ro\/spitalul\/comunicate\" target=\"_blank\" rel=\"noreferrer noopener\"><\/a>\u200b<\/li>\n\n\n\n<li><strong>Studii clinice interna\u021bionale<\/strong>\u00a0pentru distrofie muscular\u0103 Duchenne (DMD) \u2013 medicamente prin inginerie genetic\u0103.<a href=\"https:\/\/www.facebook.com\/RecuperareRobanescu\/\" target=\"_blank\" rel=\"noreferrer noopener\"><\/a>\u200b<\/li>\n\n\n\n<li><strong>Terapii \u021bintite<\/strong>\u00a0pentru polineuropatie familial\u0103 amiloid\u0103, miastenii gravis.<a href=\"https:\/\/edubolirare.ro\/programul-national-de-tratament-pentru-boli-rare\/\" target=\"_blank\" rel=\"noreferrer noopener\"><\/a>\u200b<\/li>\n<\/ul>\n\n\n\n<h3 class=\"gb-headline gb-headline-0fb1fd6e gb-headline-text\">Afec\u021biuni tratate<\/h3>\n\n\n\n<ul class=\"wp-block-list\">\n<li><strong>Boli neuromusculare degenerative<\/strong>\u00a0(polineuropatii cronice).<a href=\"https:\/\/edubolirare.ro\/programul-national-de-tratament-pentru-boli-rare\/\" target=\"_blank\" rel=\"noreferrer noopener\"><\/a>\u200b<\/li>\n\n\n\n<li><strong>Amiotrofie spinal\u0103<\/strong>\u00a0tip I\/II\/III (screening neonatal, tratament precoce).<a href=\"https:\/\/maternitateagiulesti.ro\/2023\/03\/06\/screening-neonatal-pentru-amiotrofie-musculara-spinala\/\" target=\"_blank\" rel=\"noreferrer noopener\"><\/a>\u200b<\/li>\n\n\n\n<li><strong>Distrofie muscular\u0103 Duchenne<\/strong>\u00a0(studii clinice, recuperare func\u021bional\u0103).<a href=\"https:\/\/www.facebook.com\/RecuperareRobanescu\/\" target=\"_blank\" rel=\"noreferrer noopener\"><\/a>\u200b<\/li>\n\n\n\n<li><strong>Sindroame genetice rare<\/strong>\u00a0(displazie scheletal\u0103 + disautonomie).<a href=\"https:\/\/recuperarecopii.ro\/cercetare\" target=\"_blank\" rel=\"noreferrer noopener\"><\/a>\u200b<\/li>\n<\/ul>\n\n<\/div><\/div>\n<\/div>\n<div class=\"gb-shapes\"><div class=\"gb-shape gb-shape-1\"><svg xmlns=\"http:\/\/www.w3.org\/2000\/svg\" viewBox=\"0 0 1200 218\" preserveAspectRatio=\"none\"><path d=\"M0 218h1200v-31.3l-40 4.4c-40 4.8-120 13.1-200 0-80-13.6-160-48.6-240-66.7-80-17.8-160-17.8-240-8.8-80 8.6-160 26.9-240 8.8-80-17.7-160-71.1-200-97.7L0 0v218z\"\/><\/svg><\/div><div class=\"gb-shape gb-shape-2\"><svg xmlns=\"http:\/\/www.w3.org\/2000\/svg\" viewBox=\"0 0 1200 218\" preserveAspectRatio=\"none\"><path d=\"M0 218h1200v-31.3l-40 4.4c-40 4.8-120 13.1-200 0-80-13.6-160-48.6-240-66.7-80-17.8-160-17.8-240-8.8-80 8.6-160 26.9-240 8.8-80-17.7-160-71.1-200-97.7L0 0v218z\"\/><\/svg><\/div><\/div><\/div>\n\n<div class=\"gb-container gb-container-ef9cf393\">\n<div class=\"gb-container gb-container-2e52666f\"><div class=\"gb-inside-container\">\n\n<h2 class=\"gb-headline gb-headline-2150e0d7 gb-headline-text\">Echipa<\/h2>\n\n\n\n<p>Centrul dispune de laboratoare moderne pentru explor\u0103ri func\u021bionale, neurofiziologie, analiza multifactorial\u0103 a mi\u0219c\u0103rii, precum \u0219i facilit\u0103\u021bi pentru recuperare robotizat\u0103 a membrelor, toate menite s\u0103 asigure cea mai bun\u0103 \u00eengrijire \u0219i monitorizare a progresului pacientului.<\/p>\n\n<\/div><\/div>\n<\/div>","protected":false},"excerpt":{"rendered":"<p>Centrul Na\u021bional Clinic de Recuperare Neuropsihomotorie Copii \u201eDr. Nicolae Rob\u0103nescu\u201d este specializat \u00een\u00a0diagnostic \u0219i terapii pentru boli rare\u00a0la copii 0-18 ani, oferind servicii integrate \u00een ambulatoriu \u0219i internare, cu acces la programe na\u021bionale \u0219i studii clinice interna\u021bionale. Screening \u0219i diagnostic precoce Terapii moderne \u0219i inovatoare Administrarea terapiilor moderne \u00een amiotrofia spinal\u0103 progresiv\u0103 (AMS): Afec\u021biuni tratate &#8230; <a title=\"Diagnostic \u0219i Terapii \u00een Bolile Rare\" class=\"read-more\" href=\"https:\/\/naturalpixel.net\/recuperarecopii\/tratament-boli-rare-copii-duchenne\/\" aria-label=\"Read more about Diagnostic \u0219i Terapii \u00een Bolile Rare\">Read more<\/a><\/p>\n","protected":false},"author":1,"featured_media":0,"parent":0,"menu_order":0,"comment_status":"closed","ping_status":"closed","template":"","meta":{"footnotes":""},"class_list":["post-4751","page","type-page","status-publish"],"_links":{"self":[{"href":"https:\/\/naturalpixel.net\/recuperarecopii\/wp-json\/wp\/v2\/pages\/4751","targetHints":{"allow":["GET"]}}],"collection":[{"href":"https:\/\/naturalpixel.net\/recuperarecopii\/wp-json\/wp\/v2\/pages"}],"about":[{"href":"https:\/\/naturalpixel.net\/recuperarecopii\/wp-json\/wp\/v2\/types\/page"}],"author":[{"embeddable":true,"href":"https:\/\/naturalpixel.net\/recuperarecopii\/wp-json\/wp\/v2\/users\/1"}],"replies":[{"embeddable":true,"href":"https:\/\/naturalpixel.net\/recuperarecopii\/wp-json\/wp\/v2\/comments?post=4751"}],"version-history":[{"count":1,"href":"https:\/\/naturalpixel.net\/recuperarecopii\/wp-json\/wp\/v2\/pages\/4751\/revisions"}],"predecessor-version":[{"id":4752,"href":"https:\/\/naturalpixel.net\/recuperarecopii\/wp-json\/wp\/v2\/pages\/4751\/revisions\/4752"}],"wp:attachment":[{"href":"https:\/\/naturalpixel.net\/recuperarecopii\/wp-json\/wp\/v2\/media?parent=4751"}],"curies":[{"name":"wp","href":"https:\/\/api.w.org\/{rel}","templated":true}]}}