{"id":4731,"date":"2025-12-21T21:31:59","date_gmt":"2025-12-21T21:31:59","guid":{"rendered":"https:\/\/naturalpixel.net\/recuperarecopii\/?page_id=4731"},"modified":"2026-03-18T09:13:22","modified_gmt":"2026-03-18T09:13:22","slug":"echipa-spital-recuperare-copii-bucuresti","status":"publish","type":"page","link":"https:\/\/naturalpixel.net\/recuperarecopii\/echipa-spital-recuperare-copii-bucuresti\/","title":{"rendered":"Echipa"},"content":{"rendered":"<div class=\"gb-container gb-container-ef9cf393\">\n<div class=\"gb-container gb-container-2e52666f\"><div class=\"gb-inside-container\">\n\n<h2 class=\"gb-headline gb-headline-2150e0d7 gb-headline-text\">Management<\/h2>\n\n\n\n<div class=\"gb-grid-wrapper\">\n<div class=\"team gb-grid-colum\">\n<a href=\"https:\/\/naturalpixel.net\/recuperarecopii\/wp-content\/uploads\/2025\/12\/Dr.-Andrada-Mirea.png\">\n<img decoding=\"async\" src=\"https:\/\/naturalpixel.net\/recuperarecopii\/wp-content\/uploads\/2025\/12\/Dr.-Andrada-Mirea.png\" alt=\"Dr. Andrada Mirea\" \/><\/a>\n<p><strong>Dr. Andrada Mirea<\/strong><\/p>\n<p>Director medical<\/p>\n<div class=\"expanded\"><p>Profesor Universitar<br \/>\r\nMedic primar Pediatrie<br \/>\r\nMedic specialist Medicin\u0103 Fizic\u0103 \u0219i de Reabilitare<br \/>\r\nDoctor \u00een \u0218tiin\u021be Medicale, Managementul Serviciilor de S\u0103n\u0103tate<br \/>\r\n<br \/>\r\nTel: <A href=\"tel:+40 728 310 073\">+40 728 310 073<\/a><br \/>\r\nEmail: mirea.andrada@recuperarecopii.ro <br \/>\r\nAudien\u021be: Joi 12:00-14:00<\/p><\/div>\n<\/div>\n<div class=\"team gb-grid-colum\">\n<a href=\"https:\/\/naturalpixel.net\/recuperarecopii\/wp-content\/uploads\/2026\/03\/Manager-Alina-Mariana-Cofei.jpeg\">\n<img decoding=\"async\" src=\"https:\/\/naturalpixel.net\/recuperarecopii\/wp-content\/uploads\/2026\/03\/Manager-Alina-Mariana-Cofei.jpeg\" alt=\"Manager Alina Mariana Cofei\" \/><\/a>\n<p><strong>Ec. Alina Mariana Cofei<\/strong><\/p>\n<p>Manager<\/p>\n<div class=\"expanded\"><p>Tel: <a href=\"tel:021 460 02 32\">021 460 02 32<\/a>, int. 125<br \/>\r\nEmail: cofei.alina@recuperarecopii.ro<br \/>\r\nAudien\u021be: Miercuri 12:00-14:00<\/p><\/div>\n<\/div>\n<div class=\"team gb-grid-colum\">\n<a href=\"https:\/\/naturalpixel.net\/recuperarecopii\/wp-content\/uploads\/2026\/03\/Teodora-Antoaneta-Stroiny.jpeg\">\n<img decoding=\"async\" src=\"https:\/\/naturalpixel.net\/recuperarecopii\/wp-content\/uploads\/2026\/03\/Teodora-Antoaneta-Stroiny.jpeg\" alt=\"Teodora Antoaneta Stroiny\" \/><\/a>\n<p><strong>Ec. Teodora Antoaneta Stroiny<\/strong><\/p>\n<p>Director Financiar-Contabil<\/p>\n<div class=\"expanded\"><p>Tel: <a href=\"tel:021 460 02 32\">021 460 02 32<\/a>, int. 197<br \/>\r\nEmail: stroiny.teodora@recuperarecopii.ro<br \/>\r\nAudien\u021be: Mar\u021bi 13:00-15:00<\/p><\/div>\n<\/div><\/div>\n\n<\/div><\/div>\n<\/div>\n\n<div class=\"gb-container gb-container-d0243b07\">\n<div class=\"gb-container gb-container-1a74112f\"><div class=\"gb-inside-container\">\n\n<h2 class=\"gb-headline gb-headline-73d84dbc gb-headline-text\">Medicin\u0103 Fizic\u0103 \u0219i de Reabilitare<\/h2>\n\n\n\n<div class=\"gb-grid-wrapper\">\n<div class=\"team gb-grid-colum\">\n<a href=\"https:\/\/naturalpixel.net\/recuperarecopii\/wp-content\/uploads\/2026\/03\/Dr.-Mihaela-Bejan-medicina-fizica-si-reabilitare.jpeg\">\n<img decoding=\"async\" src=\"https:\/\/naturalpixel.net\/recuperarecopii\/wp-content\/uploads\/2026\/03\/Dr.-Mihaela-Bejan-medicina-fizica-si-reabilitare-768x772.jpeg\" alt=\"Dr. Mihaela Bejan - medicina fizica si reabilitare\" \/><\/a>\n<p><strong>Dr. Mihaela Bejan<\/strong><\/p>\n<p>\u0218ef de Sec\u021bie<\/p>\n<div class=\"expanded\"><p>Medic primar Medicin\u0103 Fizic\u0103 \u0219i de Reabilitare<br \/>\r\nSec\u021bia Clinic\u0103 Recuperare Neuropsihomotorie Copii<br \/>\r\nApiterapie, Fitoterapie \u0219i Aromaterapie, Homeopatie<br \/>\r\nEcografia aparatului locomotor<br \/>\r\nDoctor \u00een \u0218tiin\u021be Medicale<br \/>\r\n<br \/>\r\nInternare: <a href=\"tel:+40736355875\">0736 355 875<\/a> (Miercuri-Joi 13:00-15:00)<br \/>\r\nAmbulatoriu: <a href=\"tel:+40730565575\">0730 565 575<\/a> (Mar\u021bi-Miercuri-Joi 13:00-15:00)<\/p><\/div>\n<\/div>\n<div class=\"team gb-grid-colum\">\n<a href=\"https:\/\/naturalpixel.net\/recuperarecopii\/wp-content\/uploads\/2025\/12\/Dr.-Andrada-Mirea.png\">\n<img decoding=\"async\" src=\"https:\/\/naturalpixel.net\/recuperarecopii\/wp-content\/uploads\/2025\/12\/Dr.-Andrada-Mirea.png\" alt=\"Dr. Andrada Mirea\" \/><\/a>\n<p><strong>Dr. Andrada Mirea<\/strong><\/p>\n<p>Medic specialist Medicinia Fizica<\/p>\n<div class=\"expanded\"><p>Profesor Universitar<br \/>\r\nMedic primar Pediatrie<br \/>\r\nMedic specialist Medicin\u0103 Fizic\u0103 \u0219i de Reabilitare<br \/>\r\nDoctor \u00een \u0218tiin\u021be Medicale, Managementul Serviciilor de S\u0103n\u0103tate<br \/>\r\n<br \/>\r\nProgramari<br \/>\r\nTel: <A href=\"tel:+40 728 310 073\">+40 728 310 073<\/a><\/p><\/div>\n<\/div>\n<div class=\"team gb-grid-colum\">\n<a href=\"https:\/\/naturalpixel.net\/recuperarecopii\/wp-content\/uploads\/2026\/03\/Dr.-Nicoleta-Chiriloi-medicina-fizica-si-de-reabilitare-890x1024.jpeg\">\n<img decoding=\"async\" src=\"https:\/\/naturalpixel.net\/recuperarecopii\/wp-content\/uploads\/2026\/03\/Dr.-Nicoleta-Chiriloi-medicina-fizica-si-de-reabilitare-768x884.jpeg\" alt=\"Dr. Nicoleta Chiriloi - medicina fizica si de reabilitare\" \/><\/a>\n<p><strong>Dr. Nicoleta Chiriloi<\/strong><\/p>\n<p>Medic primar Medicin\u0103 Fizic\u0103 \u0219i de Reabilitare<\/p>\n<div class=\"expanded\"><p>Sec\u021bia Clinic\u0103 Recuperare Neuropsihomotorie Copii<br \/>\r\nAmbulatoriu Integrat<br \/>\r\nEcografia musculoscheletal\u0103 \u00een reabilitarea medical\u0103<br \/>\r\nDoctor \u00een \u0218tiin\u021be Medicale<br \/>\r\n<br \/>\r\nInternare: <a href=\"tel:+40736355875\">0736 355 875<\/a> (Miercuri-Joi 13:00-15:00)<br \/>\r\nAmbulatoriu: <a href=\"tel:+40730565575\">0730 565 575<\/a> (Mar\u021bi-Miercuri-Joi 13:00-15:00)<\/p><\/div>\n<\/div>\n<div class=\"team gb-grid-colum\">\n<a href=\"https:\/\/naturalpixel.net\/recuperarecopii\/wp-content\/uploads\/2026\/03\/Dr.-Anca-Grigoriu-893x1024.jpeg\">\n<img decoding=\"async\" src=\"https:\/\/naturalpixel.net\/recuperarecopii\/wp-content\/uploads\/2026\/03\/Dr.-Anca-Grigoriu-768x880.jpeg\" alt=\"Dr. Anca Grigoriu\" \/><\/a>\n<p><strong>Dr. Anca Irina Grigoriu<\/strong><\/p>\n<p>Medic primar Medicin\u0103 Fizic\u0103 \u0219i de Reabilitare<\/p>\n<div class=\"expanded\"><p>Sec\u021bia Clinic\u0103 Recuperare Neuropsihomotorie Copii<br \/>\r\nAmbulatoriu Integrat<br \/>\r\nDoctor \u00een \u0218tiin\u021be Medicale<br \/>\r\n<br \/>\r\nAnaliz\u0103 mers: <a href=\"tel:+40723130374\">0723 130 374<\/a> (Luni-Vineri 13:00-15:00)<br \/>\r\nAmbulatoriu: <a href=\"tel:+40730565575\">0730 565 575<\/a><\/p><\/div>\n<\/div>\n<div class=\"team gb-grid-colum\">\n<a href=\"https:\/\/naturalpixel.net\/recuperarecopii\/wp-content\/uploads\/2026\/03\/Dr.-Raluca-Petcu-medicina-fizica-si-de-reabilitare-886x1024.jpeg\">\n<img decoding=\"async\" src=\"https:\/\/naturalpixel.net\/recuperarecopii\/wp-content\/uploads\/2026\/03\/Dr.-Raluca-Petcu-medicina-fizica-si-de-reabilitare-768x888.jpeg\" alt=\"Dr. Raluca Petcu - medicina fizica si de reabilitare\" \/><\/a>\n<p><strong>Dr. Irina Raluca Petcu<\/strong><\/p>\n<p>Medic primar Medicin\u0103 Fizic\u0103 \u0219i de Reabilitare<\/p>\n<div class=\"expanded\"><p>Sec\u021bia Clinic\u0103 Recuperare, Spitalizare de Zi<br \/>\r\nEcografia musculoscheletal\u0103<br \/>\r\nDoctor \u00een \u0218tiin\u021be Medicale<br \/>\r\n<br \/>\r\nInternare: <a href=\"tel:+40730555243\">0730 555 243<\/a> (Miercuri-Joi 13:00-15:00)<br \/>\r\nAmbulatoriu: <a href=\"tel:+40730565575\">0730 565 575<\/a> (Mar\u021bi-Miercuri-Joi 13:00-15:00)<\/p><\/div>\n<\/div>\n<div class=\"team gb-grid-colum\">\n<a href=\"https:\/\/naturalpixel.net\/recuperarecopii\/wp-content\/uploads\/2026\/03\/Dr.-Diana-Carabageac-medicina-fizica-si-de-reabilitare-751x1024.jpeg\">\n<img decoding=\"async\" src=\"https:\/\/naturalpixel.net\/recuperarecopii\/wp-content\/uploads\/2026\/03\/Dr.-Diana-Carabageac-medicina-fizica-si-de-reabilitare-768x1047.jpeg\" alt=\"Dr. Diana Carabageac - medicina fizica si de reabilitare\" \/><\/a>\n<p><strong>Dr. Diana Elena Carabageac<\/strong><\/p>\n<p>Medic specialist Medicin\u0103 Fizic\u0103 \u0219i de Reabilitare<\/p>\n<div class=\"expanded\"><p>Internare: <a href=\"tel:+40730555243\">0730 555 243<\/a> (Miercuri-Joi 13:00-15:00)<br \/>\r\nAmbulatoriu: <a href=\"tel:+40730565575\">0730 565 575<\/a><\/p><\/div>\n<\/div><\/div>\n\n<\/div><\/div>\n<\/div>\n\n<div class=\"gb-container gb-container-3788bc06\">\n<div class=\"gb-container gb-container-dbe32bfa\"><div class=\"gb-inside-container\">\n\n<h2 class=\"gb-headline gb-headline-4b6a22cf gb-headline-text\">Neurologie Pediatric\u0103<\/h2>\n\n\n\n<div class=\"gb-grid-wrapper\">\n<div class=\"team gb-grid-colum\">\n<a href=\"https:\/\/naturalpixel.net\/recuperarecopii\/wp-content\/uploads\/2026\/03\/Dr.-Madalina-Leanca-neurologie-Pediatrica-992x1024.jpeg\">\n<img decoding=\"async\" src=\"https:\/\/naturalpixel.net\/recuperarecopii\/wp-content\/uploads\/2026\/03\/Dr.-Madalina-Leanca-neurologie-Pediatrica-768x793.jpeg\" alt=\"Dr. M\u0103d\u0103lina Leanca - neurologie Pediatrica\" \/><\/a>\n<p><strong>Dr. M\u0103d\u0103lina Cristina Leanca<\/strong><\/p>\n<p>Medic primar Neurologie Pediatric\u0103<\/p>\n<div class=\"expanded\"><p>Ambulatoriu Integrat<br \/>\r\nElectroencefalografie<br \/>\r\nDoctor \u00een \u0218tiin\u021be Medicale<br \/>\r\n<br \/>\r\nAmbulatoriu: <a href=\"tel:+40725973431\">0725 973 431<\/a> (Luni-Vineri 07:00-15:00)<\/p><\/div>\n<\/div>\n<div class=\"team gb-grid-colum\">\n<a href=\"https:\/\/naturalpixel.net\/recuperarecopii\/wp-content\/uploads\/2026\/03\/Dr.-Daniela-Dorina-Vasile-neurologie-pediatrica-893x1024.jpeg\">\n<img decoding=\"async\" src=\"https:\/\/naturalpixel.net\/recuperarecopii\/wp-content\/uploads\/2026\/03\/Dr.-Daniela-Dorina-Vasile-neurologie-pediatrica-768x881.jpeg\" alt=\"Dr. Daniela Dorina Vasile - neurologie pediatrica\" \/><\/a>\n<p><strong>Dr. Daniela Dorina Vasile<\/strong><\/p>\n<p>Medic primar Neurologie Pediatric\u0103<\/p>\n<div class=\"expanded\"><p>Cronici Neurologie Pediatric\u0103<br \/>\r\nElectroencefalografie, Electromiografie<br \/>\r\n<br \/>\r\nInternare cronici: <a href=\"tel:+40730555243\">0730 555 243<\/a> (Miercuri-Joi 13:00-15:00)<br \/>\r\nAmbulatoriu cronici: <a href=\"tel:+40731351444\">0731 351 444<\/a> (Luni-Mar\u021bi 07:00-10:00)<\/p><\/div>\n<\/div><\/div>\n\n<\/div><\/div>\n<\/div>\n\n<div class=\"gb-container gb-container-ec2e9f85\">\n<div class=\"gb-container gb-container-495bbd99\"><div class=\"gb-inside-container\">\n\n<h2 class=\"gb-headline gb-headline-48a5f472 gb-headline-text\">Ortopedie Pediatric\u0103<\/h2>\n\n\n\n<div class=\"gb-grid-wrapper\">\n<div class=\"team gb-grid-colum\">\n<a href=\"https:\/\/naturalpixel.net\/recuperarecopii\/wp-content\/uploads\/2026\/03\/Dr.-Ileana-Georgescu-ortopedie-pediatrica.jpeg\">\n<img decoding=\"async\" src=\"https:\/\/naturalpixel.net\/recuperarecopii\/wp-content\/uploads\/2026\/03\/Dr.-Ileana-Georgescu-ortopedie-pediatrica-768x754.jpeg\" alt=\"Dr. Ileana Georgescu - ortopedie pediatrica\" \/><\/a>\n<p><strong>Dr. Ileana Georgescu<\/strong><\/p>\n<p>Medic primar Ortopedie Pediatric\u0103<\/p>\n<div class=\"expanded\"><p>Compartiment Recuperare Ortopedie Pediatric\u0103<br \/>\r\nAmbulatoriu Integrat<br \/>\r\nDoctor \u00een \u0218tiin\u021be Medicale<br \/>\r\n<br \/>\r\nAmbulatoriu: <a href=\"tel:+40725945116\">0725 945 116<\/a> (Luni-Vineri 07:00-15:00)<\/p><\/div>\n<\/div><\/div>\n\n<\/div><\/div>\n<\/div>\n\n<div class=\"gb-container gb-container-dd7701f6\">\n<div class=\"gb-container gb-container-b9d989c2\"><div class=\"gb-inside-container\">\n\n<h2 class=\"gb-headline gb-headline-c5331a60 gb-headline-text\">Cardiologie Pediatric\u0103<\/h2>\n\n\n\n<div class=\"gb-grid-wrapper\">\n<div class=\"team gb-grid-colum\">\n<a href=\"https:\/\/naturalpixel.net\/recuperarecopii\/wp-content\/uploads\/2025\/12\/Dr.-Georgiana-Nicolae.jpg\">\n<img decoding=\"async\" src=\"https:\/\/naturalpixel.net\/recuperarecopii\/wp-content\/uploads\/2025\/12\/Dr.-Georgiana-Nicolae.jpg\" alt=\"Dr. Georgiana Nicolae cardiolog pediatru\" \/><\/a>\n<p><strong>Dr. Georgiana Nicolae<\/strong><\/p>\n<p>Medic Specialist Cardiologie Pediatrica<\/p>\n<div class=\"expanded\"><p>Asistent Universitar<br \/>\r\nMedic Specialist Cardiologie Pediatrica<br \/>\r\nMedic Primar Pediatrie<br \/>\r\nDoctor in Stiinte Medicale<br \/>\r\nCompetenta Ecocardiografie Generala<br \/>\r\n<br \/>\r\nAmbulatoriu: <a href=\"tel:+40729063394\">0729 063 394<\/a> (Luni-Vineri 07:00-15:00)<\/p><\/div>\n<\/div><\/div>\n\n<\/div><\/div>\n<\/div>\n\n<div class=\"gb-container gb-container-68bf0832\">\n<div class=\"gb-container gb-container-b569ea94\"><div class=\"gb-inside-container\">\n\n<h2 class=\"gb-headline gb-headline-73ff0bf0 gb-headline-text\">Psihiatrie Pediatric\u0103<\/h2>\n\n\n\n<div class=\"gb-grid-wrapper\">\n<div class=\"team gb-grid-colum\">\n<a href=\"https:\/\/naturalpixel.net\/recuperarecopii\/wp-content\/uploads\/2026\/03\/Dr.-Cristian-Adam-psihiatrie-pediatrica-1024x923.jpeg\">\n<img decoding=\"async\" src=\"https:\/\/naturalpixel.net\/recuperarecopii\/wp-content\/uploads\/2026\/03\/Dr.-Cristian-Adam-psihiatrie-pediatrica-768x692.jpeg\" alt=\"Dr. Cristian Adam - psihiatrie pediatrica\" \/><\/a>\n<p><strong>Dr. Nicolae Cristian Adam<\/strong><\/p>\n<p>Medic primar Psihiatrie Pediatric\u0103<\/p>\n<div class=\"expanded\"><p>Ambulatoriu Integrat<br \/>\r\n<br \/>\r\nAmbulatoriu: <a href=\"tel:+40725973458\">0725 973 458<\/a> (Luni-Vineri 07:00-15:00)<\/p><\/div>\n<\/div>\n<div class=\"team gb-grid-colum\">\n<a href=\"https:\/\/naturalpixel.net\/recuperarecopii\/wp-content\/uploads\/2026\/03\/Dr.-Gabriela-Costache-psihiatrie-pediatrica-869x1024.jpeg\">\n<img decoding=\"async\" src=\"https:\/\/naturalpixel.net\/recuperarecopii\/wp-content\/uploads\/2026\/03\/Dr.-Gabriela-Costache-psihiatrie-pediatrica-768x905.jpeg\" alt=\"Dr. Gabriela Costache - psihiatrie pediatrica\" \/><\/a>\n<p><strong>Dr. Gabriela Costache<\/strong><\/p>\n<p>Medic specialist Psihiatrie Pediatric\u0103<\/p>\n<div class=\"expanded\"><p>Ambulatoriu Integrat<br \/>\r\n<br \/>\r\nAmbulatoriu: <a href=\"tel:+40729023426\">0729 023 426<\/a> (Luni-Vineri 07:00-15:00)<\/p><\/div>\n<\/div><\/div>\n\n<\/div><\/div>\n<\/div>\n\n<div class=\"gb-container gb-container-eb5df2c5\">\n<div class=\"gb-container gb-container-5ca29306\"><div class=\"gb-inside-container\">\n\n<h2 class=\"gb-headline gb-headline-49e401e0 gb-headline-text\">Endocrinologie Pediatric\u0103<\/h2>\n\n\n\n<div class=\"gb-grid-wrapper\">\n<div class=\"team gb-grid-colum\">\n<a href=\"https:\/\/naturalpixel.net\/recuperarecopii\/wp-content\/uploads\/2026\/03\/Dr.-Ivona-Fronea-endocrinologie-1-991x1024.jpeg\">\n<img decoding=\"async\" src=\"https:\/\/naturalpixel.net\/recuperarecopii\/wp-content\/uploads\/2026\/03\/Dr.-Ivona-Fronea-endocrinologie-1-768x793.jpeg\" alt=\"Dr. Ivona Fronea - endocrinologie\" \/><\/a>\n<p><strong>Dr. Andra Ivona Gheorghe Fronea<\/strong><\/p>\n<p>Medic primar Endocrinologie<\/p>\n<div class=\"expanded\"><p>Ambulatoriu Integrat<br \/>\r\n<br \/>\r\nAmbulatoriu: <a href=\"tel:+40725570891\">0725 570 891<\/a> (Luni-Vineri 07:00-15:00)<\/p><\/div>\n<\/div><\/div>\n\n<\/div><\/div>\n<\/div>\n\n<div class=\"gb-container gb-container-0a34198b\">\n<div class=\"gb-container gb-container-ac32dab4\"><div class=\"gb-inside-container\">\n\n<h2 class=\"gb-headline gb-headline-65f99cf3 gb-headline-text\">Genetic\u0103 Medical\u0103<\/h2>\n\n\n\n<div class=\"gb-grid-wrapper\">\n<div class=\"team gb-grid-colum\">\n<a href=\"https:\/\/naturalpixel.net\/recuperarecopii\/wp-content\/uploads\/2026\/03\/Dr.-Elena-Neagu-genetica-medicala-926x1024.jpeg\">\n<img decoding=\"async\" src=\"https:\/\/naturalpixel.net\/recuperarecopii\/wp-content\/uploads\/2026\/03\/Dr.-Elena-Neagu-genetica-medicala-768x849.jpeg\" alt=\"Dr. Elena Neagu - genetica medicala\" \/><\/a>\n<p><strong>Dr. Elena Neagu<\/strong><\/p>\n<p>Medic Primar Genetic\u0103 Medical\u0103<\/p>\n<div class=\"expanded\"><p>Medic Primar Genetic\u0103 Medical\u0103<br \/>\r\nCoordonator Laborator de genetic\u0103 al Centrului Na\u021bional Clinic de Recuperare Neuropsihootorie Copii \"Dr. Nicolae Robanescu\"<\/p><\/div>\n<\/div>\n<div class=\"team gb-grid-colum\">\n<a href=\"https:\/\/naturalpixel.net\/recuperarecopii\/wp-content\/uploads\/2026\/03\/Dr.-Silvia-Shelby-genetica-medicala.jpg\">\n<img decoding=\"async\" src=\"https:\/\/naturalpixel.net\/recuperarecopii\/wp-content\/uploads\/2026\/03\/Dr.-Silvia-Shelby-genetica-medicala-768x767.jpg\" alt=\"Dr. Silvia Shelby - genetica medicala\" \/><\/a>\n<p><strong>Dr. Elena Silvia Shelby<\/strong><\/p>\n<p>Medic primar Genetic\u0103 Medical\u0103<\/p>\n<div class=\"expanded\"><p>Cercet\u0103tor \u0218tiin\u021bific Principal<br \/>\r\nNucleu Cercetare \u0218tiin\u021bific\u0103 Medical\u0103<br \/>\r\nDoctor \u00een \u0218tiin\u021be Medicale<\/p><\/div>\n<\/div><\/div>\n\n<\/div><\/div>\n<\/div>\n\n<div class=\"gb-container gb-container-89a6131f\">\n<div class=\"gb-container gb-container-c17e67a9\"><div class=\"gb-inside-container\">\n\n<h2 class=\"gb-headline gb-headline-c70ad1b6 gb-headline-text\">Radiologie &#8211; Imagistic\u0103 Medical\u0103<\/h2>\n\n\n\n<div class=\"gb-grid-wrapper\">\n<div class=\"team gb-grid-colum\">\n<a href=\"https:\/\/naturalpixel.net\/recuperarecopii\/wp-content\/uploads\/2026\/03\/Dr-Raluca-Croitoru-768x1024.jpeg\">\n<img decoding=\"async\" src=\"https:\/\/naturalpixel.net\/recuperarecopii\/wp-content\/uploads\/2026\/03\/Dr-Raluca-Croitoru-768x1024.jpeg\" alt=\"Dr Raluca Croitoru\" \/><\/a>\n<p><strong>Dr. Raluca Leti\u021bia Croitoru<\/strong><\/p>\n<p>Medic primar Radiologie - Imagistic\u0103 Medical\u0103<\/p>\n<div class=\"expanded\"><p>Compartiment Imagistic\u0103 Medical\u0103<\/p><\/div>\n<\/div>\n<div class=\"team gb-grid-colum\">\n<a href=\"https:\/\/naturalpixel.net\/recuperarecopii\/wp-content\/uploads\/2026\/03\/Dr.-Mara-Roman-radiologie-2-980x1024.jpeg\">\n<img decoding=\"async\" src=\"https:\/\/naturalpixel.net\/recuperarecopii\/wp-content\/uploads\/2026\/03\/Dr.-Mara-Roman-radiologie-2-768x803.jpeg\" alt=\"Dr. Mara Roman radiologie\" \/><\/a>\n<p><strong>Dr. Iulia Mara Roman<\/strong><\/p>\n<p>Medic specialist Radiologie - Imagistic\u0103 Medical\u0103<\/p>\n<div class=\"expanded\"><p>Compartiment Imagistic\u0103 Medical\u0103<br \/>\r\nTomografie computerizat\u0103, RMN<\/p><\/div>\n<\/div>\n<div class=\"team gb-grid-colum\">\n<a href=\"https:\/\/naturalpixel.net\/recuperarecopii\/wp-content\/uploads\/2026\/03\/Dr.-Andreea-Guliman-radiologie-970x1024.jpeg\">\n<img decoding=\"async\" src=\"https:\/\/naturalpixel.net\/recuperarecopii\/wp-content\/uploads\/2026\/03\/Dr.-Andreea-Guliman-radiologie-768x811.jpeg\" alt=\"Dr. Andreea Guliman radiologie\" \/><\/a>\n<p><strong>Dr. Andreea Guliman<\/strong><\/p>\n<p>Medic specialist Radiologie - Imagistic\u0103 Medical\u0103<\/p>\n<div class=\"expanded\"><p>Compartiment Imagistic\u0103 Medical\u0103<br \/>\r\nTomografie computerizat\u0103<\/p><\/div>\n<\/div><\/div>\n\n<\/div><\/div>\n<\/div>\n\n<div class=\"gb-container gb-container-cce5b3f4\">\n<div class=\"gb-container gb-container-3fea3c37\"><div class=\"gb-inside-container\">\n\n<h2 class=\"gb-headline gb-headline-f4b221d0 gb-headline-text\">Pediatrie<\/h2>\n\n\n\n<div class=\"gb-grid-wrapper\">\n<div class=\"team gb-grid-colum\">\n<a href=\"https:\/\/naturalpixel.net\/recuperarecopii\/wp-content\/uploads\/2026\/03\/Dr.-Roxana-Draganici-pediatrie-1-960x1024.jpeg\">\n<img decoding=\"async\" src=\"https:\/\/naturalpixel.net\/recuperarecopii\/wp-content\/uploads\/2026\/03\/Dr.-Roxana-Draganici-pediatrie-1-768x819.jpeg\" alt=\"Dr. Roxana Draganici- pediatrie\" \/><\/a>\n<p><strong>Dr. Roxana Amelia Dr\u0103g\u0103nici<\/strong><\/p>\n<p>Medic primar Pediatrie<\/p>\n<div class=\"expanded\"><p>Sec\u021bia Clinic\u0103 Recuperare Neuropsihomotorie Copii<\/p><\/div>\n<\/div><\/div>\n\n<\/div><\/div>\n<\/div>\n\n<div class=\"gb-container gb-container-f2818e01\">\n<div class=\"gb-container gb-container-df08ead5\"><div class=\"gb-inside-container\">\n\n<h2 class=\"gb-headline gb-headline-01458a0a gb-headline-text\">Medicin\u0103 de Laborator<\/h2>\n\n\n\n<div class=\"gb-grid-wrapper\">\n<div class=\"team gb-grid-colum\">\n<a href=\"https:\/\/naturalpixel.net\/recuperarecopii\/wp-content\/uploads\/2026\/03\/Dr.-Mihaela-Badina-medic-laborator-1024x890.jpeg\">\n<img decoding=\"async\" src=\"https:\/\/naturalpixel.net\/recuperarecopii\/wp-content\/uploads\/2026\/03\/Dr.-Mihaela-Badina-medic-laborator-768x668.jpeg\" alt=\"Dr. Mihaela B\u01cedina - medic laborator\" \/><\/a>\n<p><strong>Dr. Mihaela B\u0103dina<\/strong><\/p>\n<p>Medic primar Medicin\u0103 de Laborator<\/p>\n<div class=\"expanded\"><p>Laborator Analize Medicale<br \/>\r\nDoctor \u00een \u0218tiin\u021be Medicale<\/p><\/div>\n<\/div>\n<div class=\"team gb-grid-colum\">\n<a href=\"https:\/\/naturalpixel.net\/recuperarecopii\/wp-content\/uploads\/2026\/03\/Dr.-Cristian-Bercu-medic-laborator-946x1024.jpeg\">\n<img decoding=\"async\" src=\"https:\/\/naturalpixel.net\/recuperarecopii\/wp-content\/uploads\/2026\/03\/Dr.-Cristian-Bercu-medic-laborator-768x832.jpeg\" alt=\"Dr. Cristian Bercu - medic laborator\" \/><\/a>\n<p><strong>Dr. Cristian Bercu<\/strong><\/p>\n<p>\u0218ef de Laborator<\/p>\n<div class=\"expanded\"><p>Medic primar Medicin\u0103 de Laborator<br \/>\r\nLaborator Analize Medicale<\/p><\/div>\n<\/div><\/div>\n\n<\/div><\/div>\n<\/div>\n\n<div class=\"gb-container gb-container-7e42ba5b\">\n<div class=\"gb-container gb-container-a8dc2682\"><div class=\"gb-inside-container\">\n\n<h2 class=\"gb-headline gb-headline-5d37f96d gb-headline-text\">Anestezie &#8211; Terapie Intensiv\u0103<\/h2>\n\n\n\n<div class=\"gb-grid-wrapper\">\n<div class=\"team gb-grid-colum\">\n<a href=\"https:\/\/naturalpixel.net\/recuperarecopii\/wp-content\/uploads\/2026\/03\/Dr.-Florin-Grigoras-ATI-899x1024.jpeg\">\n<img decoding=\"async\" src=\"https:\/\/naturalpixel.net\/recuperarecopii\/wp-content\/uploads\/2026\/03\/Dr.-Florin-Grigoras-ATI-768x875.jpeg\" alt=\"Dr. Florin Grigoras - ATI\" \/><\/a>\n<p><strong>Dr. Petru Florin Grigora\u0219<\/strong><\/p>\n<p>Medic specialist ATI<\/p>\n<div class=\"expanded\"><p>Compartiment Terapie Intensiv\u0103<\/p><\/div>\n<\/div><\/div>\n\n<\/div><\/div>\n<\/div>\n\n<div class=\"gb-container gb-container-9b554aa7\">\n<div class=\"gb-container gb-container-7109c461\"><div class=\"gb-inside-container\">\n\n<h2 class=\"gb-headline gb-headline-5a69472c gb-headline-text\">Epidemiologie<\/h2>\n\n\n\n<div class=\"gb-grid-wrapper\">\n<div class=\"team gb-grid-colum\">\n<a href=\"https:\/\/naturalpixel.net\/recuperarecopii\/wp-content\/uploads\/2026\/03\/Dr.-Ala-Craia-epidemiolog.jpeg\">\n<img decoding=\"async\" src=\"https:\/\/naturalpixel.net\/recuperarecopii\/wp-content\/uploads\/2026\/03\/Dr.-Ala-Craia-epidemiolog-768x776.jpeg\" alt=\"Dr. Ala Craia - epidemiolog\" \/><\/a>\n<p><strong>Dr. Ala Craia<\/strong><\/p>\n<p>Medic primar Epidemiologie<\/p>\n<div class=\"expanded\"><p>Serviciul de Prevenire a Infec\u021biilor Asociate Asisten\u021bei Medicale<\/p><\/div>\n<\/div><\/div>\n\n<\/div><\/div>\n<\/div>\n\n<div class=\"gb-container gb-container-1f405693\">\n<div class=\"gb-container gb-container-dfd1bafa\"><div class=\"gb-inside-container\">\n\n<h2 class=\"gb-headline gb-headline-59a64a54 gb-headline-text\">Medicin\u0103 de Familie \/ Management<\/h2>\n\n\n\n<div class=\"gb-grid-wrapper\">\n<div class=\"team gb-grid-colum\">\n<a href=\"https:\/\/naturalpixel.net\/recuperarecopii\/wp-content\/uploads\/2026\/03\/Dr.-Cristian-Morcov-Medic-de-Familie.jpeg\">\n<img decoding=\"async\" src=\"https:\/\/naturalpixel.net\/recuperarecopii\/wp-content\/uploads\/2026\/03\/Dr.-Cristian-Morcov-Medic-de-Familie-768x763.jpeg\" alt=\"Dr. Cristian Morcov - Medic de Familie\" \/><\/a>\n<p><strong>Dr. Cristian Gabriel Morcov<\/strong><\/p>\n<p>Medic primar Medicin\u0103 de Familie<\/p>\n<div class=\"expanded\"><p>Compartiment Management Calitate<br \/>\r\nDoctor \u00een \u0218tiin\u021be Medicale<\/p><\/div>\n<\/div><\/div>\n\n<\/div><\/div>\n<\/div>","protected":false},"excerpt":{"rendered":"<p>Management Medicin\u0103 Fizic\u0103 \u0219i de Reabilitare Neurologie Pediatric\u0103 Ortopedie Pediatric\u0103 Cardiologie Pediatric\u0103 Psihiatrie Pediatric\u0103 Endocrinologie Pediatric\u0103 Genetic\u0103 Medical\u0103 Radiologie &#8211; Imagistic\u0103 Medical\u0103 Pediatrie Medicin\u0103 de Laborator Anestezie &#8211; Terapie Intensiv\u0103 Epidemiologie Medicin\u0103 de Familie \/ Management<\/p>\n","protected":false},"author":1,"featured_media":0,"parent":0,"menu_order":0,"comment_status":"closed","ping_status":"closed","template":"","meta":{"footnotes":""},"class_list":["post-4731","page","type-page","status-publish"],"_links":{"self":[{"href":"https:\/\/naturalpixel.net\/recuperarecopii\/wp-json\/wp\/v2\/pages\/4731","targetHints":{"allow":["GET"]}}],"collection":[{"href":"https:\/\/naturalpixel.net\/recuperarecopii\/wp-json\/wp\/v2\/pages"}],"about":[{"href":"https:\/\/naturalpixel.net\/recuperarecopii\/wp-json\/wp\/v2\/types\/page"}],"author":[{"embeddable":true,"href":"https:\/\/naturalpixel.net\/recuperarecopii\/wp-json\/wp\/v2\/users\/1"}],"replies":[{"embeddable":true,"href":"https:\/\/naturalpixel.net\/recuperarecopii\/wp-json\/wp\/v2\/comments?post=4731"}],"version-history":[{"count":62,"href":"https:\/\/naturalpixel.net\/recuperarecopii\/wp-json\/wp\/v2\/pages\/4731\/revisions"}],"predecessor-version":[{"id":4959,"href":"https:\/\/naturalpixel.net\/recuperarecopii\/wp-json\/wp\/v2\/pages\/4731\/revisions\/4959"}],"wp:attachment":[{"href":"https:\/\/naturalpixel.net\/recuperarecopii\/wp-json\/wp\/v2\/media?parent=4731"}],"curies":[{"name":"wp","href":"https:\/\/api.w.org\/{rel}","templated":true}]}}