{"id":4722,"date":"2025-12-21T05:55:20","date_gmt":"2025-12-21T05:55:20","guid":{"rendered":"https:\/\/naturalpixel.net\/recuperarecopii\/?page_id=4722"},"modified":"2025-12-21T05:55:21","modified_gmt":"2025-12-21T05:55:21","slug":"psihologie-logopedie-educatie-terapeutica-bucuresti","status":"publish","type":"page","link":"https:\/\/naturalpixel.net\/recuperarecopii\/psihologie-logopedie-educatie-terapeutica-bucuresti\/","title":{"rendered":"Psihologie &#8211; Logopedie &#8211; Educa\u021bie Terapeutic\u0103"},"content":{"rendered":"<div class=\"gb-container gb-container-0be6146d\">\n<div class=\"gb-container gb-container-fab78e7d\"><div class=\"gb-inside-container\">\n\n<p>Compartimentul Psihologie &#8211; Logopedie &#8211; Educa\u021bie Terapeutic\u0103 din cadrul Centrului Na\u021bional Clinic de Recuperare Neuropsihomotorie Copii \u201eDr. Nicolae Rob\u0103nescu\u201d ofer\u0103 servicii integrate pentru copii 0-18 ani cu deficien\u021be neuropsihomotorii, tulbur\u0103ri de dezvoltare \u0219i nevoi speciale, \u00een ambulatoriu sau spitalizare de zi\/continu\u0103. <\/p>\n\n\n\n<p>Echipa realizeaz\u0103 evalu\u0103ri \u0219i interven\u021bii personalizate, colabor\u00e2nd cu neurologi, kinetoterapeu\u021bi \u0219i logopezi pentru recuperare complet\u0103 \u0219i integrare social\u0103.<a href=\"https:\/\/recuperarecopii.ro\/servicii\/terapii\" target=\"_blank\" rel=\"noreferrer noopener\"><\/a>\u200b<\/p>\n\n<\/div><\/div>\n\n<div class=\"gb-container gb-container-97ddc147\"><div class=\"gb-inside-container\">\n\n<figure class=\"gb-block-image gb-block-image-3e938582\"><img loading=\"lazy\" decoding=\"async\" width=\"1024\" height=\"683\" class=\"gb-image gb-image-3e938582 image-style img\" src=\"https:\/\/naturalpixel.net\/recuperarecopii\/wp-content\/uploads\/2025\/10\/slider_2-1024x683.jpg\" alt=\"\" title=\"slider_2\" srcset=\"https:\/\/naturalpixel.net\/recuperarecopii\/wp-content\/uploads\/2025\/10\/slider_2-1024x683.jpg 1024w, https:\/\/naturalpixel.net\/recuperarecopii\/wp-content\/uploads\/2025\/10\/slider_2-300x200.jpg 300w, https:\/\/naturalpixel.net\/recuperarecopii\/wp-content\/uploads\/2025\/10\/slider_2-768x512.jpg 768w, https:\/\/naturalpixel.net\/recuperarecopii\/wp-content\/uploads\/2025\/10\/slider_2-1536x1024.jpg 1536w, https:\/\/naturalpixel.net\/recuperarecopii\/wp-content\/uploads\/2025\/10\/slider_2.jpg 1920w\" sizes=\"auto, (max-width: 1024px) 100vw, 1024px\" \/><\/figure>\n\n<\/div><\/div>\n<\/div>\n\n<div class=\"gb-container gb-container-5ab7a396\">\n<div class=\"gb-container gb-container-b4c25fa8\">\n<div class=\"gb-container gb-container-68b8a67a\"><div class=\"gb-inside-container\">\n\n<h3 class=\"gb-headline gb-headline-48dc581d gb-headline-text\">Psihologie Pediatric\u0103<\/h3>\n\n\n\n<p>Evalu\u0103ri neuropsihologice complete \u0219i interven\u021bii terapeutice pentru dezvoltarea cognitiv\u0103, emo\u021bional\u0103 \u0219i comportamental\u0103:<\/p>\n\n\n\n<ul class=\"wp-block-list\">\n<li>\u00cent\u00e2rzieri mintale u\u0219oare-severe \u0219i tulbur\u0103ri pervazive (autism, sindrom Rett).<a href=\"https:\/\/ms.ro\/ro\/unitati-sanitare\/centrul-national-clinic-de-recuperare-neuropsihomotorie-copii-dr-nicolae-robanescu\/\" target=\"_blank\" rel=\"noreferrer noopener\"><\/a>\u200b<\/li>\n\n\n\n<li>Tulbur\u0103ri de comportament \u0219i adaptare post-traumatice.<a href=\"https:\/\/ms.ro\/ro\/unitati-sanitare\/centrul-national-clinic-de-recuperare-neuropsihomotorie-copii-dr-nicolae-robanescu\/\" target=\"_blank\" rel=\"noreferrer noopener\"><\/a>\u200b<\/li>\n\n\n\n<li>Suport psiho-cognitiv \u0219i strategii compensatorii pentru autonomie.<a href=\"https:\/\/recuperarecopii.ro\/servicii\/terapii\" target=\"_blank\" rel=\"noreferrer noopener\"><\/a>\u200b<\/li>\n\n\n\n<li>Consiliere familie pentru managementul deficien\u021belor cronice.<a href=\"https:\/\/www.recuperarecopii.ro\/images\/Regulamente\/Plan-Strategic-CNCRNC-Dr.-N.-Robanescu-2018-2022.pdf\" target=\"_blank\" rel=\"noreferrer noopener\"><\/a>\u200b<a href=\"https:\/\/ms.ro\/ro\/unitati-sanitare\/centrul-national-clinic-de-recuperare-neuropsihomotorie-copii-dr-nicolae-robanescu\/\" target=\"_blank\" rel=\"noreferrer noopener\"><\/a>\u200b<\/li>\n<\/ul>\n\n\n\n<h3 class=\"gb-headline gb-headline-c6e0d038 gb-headline-text\">Logopedie Pediatric\u0103<\/h3>\n\n\n\n<p>Stimulare a comunic\u0103rii \u0219i corectare tulbur\u0103ri de limbaj prin tehnici specializate:<\/p>\n\n\n\n<ul class=\"wp-block-list\">\n<li>Dislalie, disgrafie, tulbur\u0103ri expresiv-receptive de limbaj.<a href=\"https:\/\/recuperarecopii.ro\/servicii\/terapii\" target=\"_blank\" rel=\"noreferrer noopener\"><\/a>\u200b<\/li>\n\n\n\n<li>Afectare logopedic\u0103 \u00een paralizii cerebrale \u0219i boli neuromusculare.<a href=\"https:\/\/recuperarecopii.ro\/servicii\/interventii-terapeutice\" target=\"_blank\" rel=\"noreferrer noopener\"><\/a>\u200b<\/li>\n\n\n\n<li>Evaluare \u0219i terapie logopedic\u0103 integrat\u0103 cu kinetoterapie.<a href=\"https:\/\/recuperarecopii.ro\/servicii\/servicii-pacient\" target=\"_blank\" rel=\"noreferrer noopener\"><\/a>\u200b<\/li>\n\n\n\n<li>Dezvoltare comunicare alternativ\u0103 (AAC) pentru cazuri severe.<a href=\"https:\/\/www.recuperarecopii.ro\/images\/Regulamente\/Plan-Strategic-CNCRNC-Dr.-N.-Robanescu-2018-2022.pdf\" target=\"_blank\" rel=\"noreferrer noopener\"><\/a>\u200b<a href=\"https:\/\/www.recuperarecopii.ro\/images\/Regulamente\/Plan-Strategic-CNCRNC-Dr.-N.-Robanescu-2018-2022.pdf\" target=\"_blank\" rel=\"noreferrer noopener\"><\/a>\u200b<a href=\"https:\/\/ms.ro\/ro\/unitati-sanitare\/centrul-national-clinic-de-recuperare-neuropsihomotorie-copii-dr-nicolae-robanescu\/\" target=\"_blank\" rel=\"noreferrer noopener\"><\/a>\u200b<\/li>\n<\/ul>\n\n\n\n<h3 class=\"gb-headline gb-headline-d86df4c3 gb-headline-text\">Educa\u021bie Terapeutic\u0103<\/h3>\n\n\n\n<p>Instruire pacient\/familie pentru autogestionare afec\u021biuni cronice \u0219i adaptare social\u0103:<\/p>\n\n\n\n<ul class=\"wp-block-list\">\n<li>Educa\u021bie pentru boli neuromusculare, diabet, astm bron\u0219ic.<a href=\"https:\/\/recuperarecopii.ro\/servicii\/interventii-terapeutice\" target=\"_blank\" rel=\"noreferrer noopener\"><\/a>\u200b<\/li>\n\n\n\n<li>Tehnici de mobilizare precoce \u0219i stil de via\u021b\u0103 adaptat.<a href=\"https:\/\/recuperarecopii.ro\/pacienti\/recuperare-activa\" target=\"_blank\" rel=\"noreferrer noopener\"><\/a>\u200b<\/li>\n\n\n\n<li>Preg\u0103tire \u0219colar\u0103 \u0219i integrare social\u0103 prin psihopedagogie special\u0103.<a href=\"https:\/\/centrudezibrasov.ro\/psihopedagogie-speciala\/\" target=\"_blank\" rel=\"noreferrer noopener\"><\/a>\u200b<\/li>\n\n\n\n<li>Programe personalizate pentru neuroplasticitate \u0219i calitate via\u021b\u0103.<\/li>\n<\/ul>\n\n\n\n<h2 class=\"wp-block-heading\">Acces \u0219i program\u0103ri<\/h2>\n\n\n\n<p>Serviciile includ investiga\u021bii func\u021bionale gratuite la recomandare medical\u0103, cu 4 psihologi dedica\u021bi evalu\u0103rilor psiho-cognitive \u0219i comportamentale. Programa\u021bi consulta\u021bii prin portal.recuperarecopii.ro, telefon 021.335.22.82 sau ambulatoriu integrat, luni-vineri.<\/p>\n\n<\/div><\/div>\n<\/div>\n<div class=\"gb-shapes\"><div class=\"gb-shape gb-shape-1\"><svg xmlns=\"http:\/\/www.w3.org\/2000\/svg\" viewBox=\"0 0 1200 218\" preserveAspectRatio=\"none\"><path d=\"M0 218h1200v-31.3l-40 4.4c-40 4.8-120 13.1-200 0-80-13.6-160-48.6-240-66.7-80-17.8-160-17.8-240-8.8-80 8.6-160 26.9-240 8.8-80-17.7-160-71.1-200-97.7L0 0v218z\"\/><\/svg><\/div><div class=\"gb-shape gb-shape-2\"><svg xmlns=\"http:\/\/www.w3.org\/2000\/svg\" viewBox=\"0 0 1200 218\" preserveAspectRatio=\"none\"><path d=\"M0 218h1200v-31.3l-40 4.4c-40 4.8-120 13.1-200 0-80-13.6-160-48.6-240-66.7-80-17.8-160-17.8-240-8.8-80 8.6-160 26.9-240 8.8-80-17.7-160-71.1-200-97.7L0 0v218z\"\/><\/svg><\/div><\/div><\/div>\n\n<div class=\"gb-container gb-container-ef9cf393\">\n<div class=\"gb-container gb-container-2e52666f\"><div class=\"gb-inside-container\">\n\n<h2 class=\"gb-headline gb-headline-2150e0d7 gb-headline-text\">Echipa<\/h2>\n\n\n\n<p>Centrul dispune de laboratoare moderne pentru explor\u0103ri func\u021bionale, neurofiziologie, analiza multifactorial\u0103 a mi\u0219c\u0103rii, precum \u0219i facilit\u0103\u021bi pentru recuperare robotizat\u0103 a membrelor, toate menite s\u0103 asigure cea mai bun\u0103 \u00eengrijire \u0219i monitorizare a progresului pacientului.<\/p>\n\n<\/div><\/div>\n<\/div>","protected":false},"excerpt":{"rendered":"<p>Compartimentul Psihologie &#8211; Logopedie &#8211; Educa\u021bie Terapeutic\u0103 din cadrul Centrului Na\u021bional Clinic de Recuperare Neuropsihomotorie Copii \u201eDr. Nicolae Rob\u0103nescu\u201d ofer\u0103 servicii integrate pentru copii 0-18 ani cu deficien\u021be neuropsihomotorii, tulbur\u0103ri de dezvoltare \u0219i nevoi speciale, \u00een ambulatoriu sau spitalizare de zi\/continu\u0103. Echipa realizeaz\u0103 evalu\u0103ri \u0219i interven\u021bii personalizate, colabor\u00e2nd cu neurologi, kinetoterapeu\u021bi \u0219i logopezi pentru recuperare &#8230; <a title=\"Psihologie &#8211; Logopedie &#8211; Educa\u021bie Terapeutic\u0103\" class=\"read-more\" href=\"https:\/\/naturalpixel.net\/recuperarecopii\/psihologie-logopedie-educatie-terapeutica-bucuresti\/\" aria-label=\"Read more about Psihologie &#8211; Logopedie &#8211; Educa\u021bie Terapeutic\u0103\">Read more<\/a><\/p>\n","protected":false},"author":1,"featured_media":0,"parent":0,"menu_order":0,"comment_status":"closed","ping_status":"closed","template":"","meta":{"footnotes":""},"class_list":["post-4722","page","type-page","status-publish"],"_links":{"self":[{"href":"https:\/\/naturalpixel.net\/recuperarecopii\/wp-json\/wp\/v2\/pages\/4722","targetHints":{"allow":["GET"]}}],"collection":[{"href":"https:\/\/naturalpixel.net\/recuperarecopii\/wp-json\/wp\/v2\/pages"}],"about":[{"href":"https:\/\/naturalpixel.net\/recuperarecopii\/wp-json\/wp\/v2\/types\/page"}],"author":[{"embeddable":true,"href":"https:\/\/naturalpixel.net\/recuperarecopii\/wp-json\/wp\/v2\/users\/1"}],"replies":[{"embeddable":true,"href":"https:\/\/naturalpixel.net\/recuperarecopii\/wp-json\/wp\/v2\/comments?post=4722"}],"version-history":[{"count":1,"href":"https:\/\/naturalpixel.net\/recuperarecopii\/wp-json\/wp\/v2\/pages\/4722\/revisions"}],"predecessor-version":[{"id":4725,"href":"https:\/\/naturalpixel.net\/recuperarecopii\/wp-json\/wp\/v2\/pages\/4722\/revisions\/4725"}],"wp:attachment":[{"href":"https:\/\/naturalpixel.net\/recuperarecopii\/wp-json\/wp\/v2\/media?parent=4722"}],"curies":[{"name":"wp","href":"https:\/\/api.w.org\/{rel}","templated":true}]}}