{"id":4721,"date":"2025-12-19T09:46:01","date_gmt":"2025-12-19T09:46:01","guid":{"rendered":"https:\/\/naturalpixel.net\/recuperarecopii\/?page_id=4721"},"modified":"2026-03-02T11:54:57","modified_gmt":"2026-03-02T11:54:57","slug":"consultatii-cardiologie-pediatrica-bucuresti","status":"publish","type":"page","link":"https:\/\/naturalpixel.net\/recuperarecopii\/consultatii-cardiologie-pediatrica-bucuresti\/","title":{"rendered":"Consultatii cardiologie pediatrica"},"content":{"rendered":"<div class=\"gb-container gb-container-0be6146d\">\n<div class=\"gb-container gb-container-fab78e7d\"><div class=\"gb-inside-container\">\n\n<p>Consulta\u021biile de cardiologie pediatric\u0103 din cadrul Centrului Na\u021bional Clinic de Recuperare Neuropsihomotorie Copii \u201eRob\u0103nescu &#8211; Padure\u201d ofer\u0103 diagnostic \u0219i monitorizare specializat\u0103 pentru afec\u021biuni cardiace la copii \u00eentre 0-18 ani, integrate cu programe de recuperare neuropsihomotorie \u00een ambulatoriu, spitalizare de zi sau continu\u0103. Dr. Georgiana Nicolae, medic primar pediatrie, specialist cardiologie pediatric\u0103, doctor \u00een \u0219tiin\u021be medicale cu competen\u021b\u0103 \u00een ecocardiografie general\u0103<\/p>\n\n<\/div><\/div>\n\n<div class=\"gb-container gb-container-97ddc147\"><div class=\"gb-inside-container\">\n\n<figure class=\"gb-block-image gb-block-image-3e938582\"><img loading=\"lazy\" decoding=\"async\" width=\"1024\" height=\"683\" class=\"gb-image gb-image-3e938582 image-style img\" src=\"https:\/\/naturalpixel.net\/recuperarecopii\/wp-content\/uploads\/2025\/10\/slider_2-1024x683.jpg\" alt=\"\" title=\"slider_2\" srcset=\"https:\/\/naturalpixel.net\/recuperarecopii\/wp-content\/uploads\/2025\/10\/slider_2-1024x683.jpg 1024w, https:\/\/naturalpixel.net\/recuperarecopii\/wp-content\/uploads\/2025\/10\/slider_2-300x200.jpg 300w, https:\/\/naturalpixel.net\/recuperarecopii\/wp-content\/uploads\/2025\/10\/slider_2-768x512.jpg 768w, https:\/\/naturalpixel.net\/recuperarecopii\/wp-content\/uploads\/2025\/10\/slider_2-1536x1024.jpg 1536w, https:\/\/naturalpixel.net\/recuperarecopii\/wp-content\/uploads\/2025\/10\/slider_2.jpg 1920w\" sizes=\"auto, (max-width: 1024px) 100vw, 1024px\" \/><\/figure>\n\n<\/div><\/div>\n<\/div>\n\n<div class=\"gb-container gb-container-5ab7a396\">\n<div class=\"gb-container gb-container-b4c25fa8\">\n<div class=\"gb-container gb-container-68b8a67a\"><div class=\"gb-inside-container\">\n\n<h3 class=\"gb-headline gb-headline-48dc581d gb-headline-text\">Afec\u021biuni<\/h3>\n\n\n\n<p>Serviciile abordeaz\u0103 malforma\u021bii congenitale, boli dob\u00e2ndite \u0219i complica\u021bii cardiace asociate deficien\u021belor neuropsihomotorii:<\/p>\n\n\n\n<ul class=\"wp-block-list\">\n<li><strong>Cardiomiopatie<\/strong>&nbsp;la pacien\u021bi oncologici sau cu boli metabolice.<\/li>\n\n\n\n<li><strong>Malforma\u021bii cardiace congenitale<\/strong>&nbsp;(screening nou-n\u0103scu\u021bi, sufluri sistolice).<a href=\"https:\/\/recuperarecopii.ro\/servicii\/investigatii\" target=\"_blank\" rel=\"noreferrer noopener\"><\/a>\u200b<\/li>\n\n\n\n<li><strong>Miocardite<\/strong>&nbsp;post-virale sau infec\u021bii prelungite.<a href=\"https:\/\/www.ms.ro\/ro\/unitati-sanitare\/centrul-national-clinic-de-recuperare-neuropsihomotorie-copii-dr-nicolae-robanescu\/\" target=\"_blank\" rel=\"noreferrer noopener\"><\/a>\u200b<\/li>\n\n\n\n<li><strong>Endocardit\u0103 infec\u021bioas\u0103<\/strong>&nbsp;la copii cu infec\u021bii recurente.<a href=\"https:\/\/www.ms.ro\/ro\/unitati-sanitare\/centrul-national-clinic-de-recuperare-neuropsihomotorie-copii-dr-nicolae-robanescu\/\" target=\"_blank\" rel=\"noreferrer noopener\"><\/a>\u200b<\/li>\n\n\n\n<li><strong>Afectare cardiac\u0103<\/strong>&nbsp;\u00een boli neuromusculare (distrofie Duchenne, amiotrofii spinale).<a href=\"https:\/\/www.ms.ro\/ro\/unitati-sanitare\/centrul-national-clinic-de-recuperare-neuropsihomotorie-copii-dr-nicolae-robanescu\/\" target=\"_blank\" rel=\"noreferrer noopener\"><\/a>\u200b<\/li>\n\n\n\n<li><strong>Sindroame genetice<\/strong>&nbsp;(Down, Turner, Di George, Noonan, Williams).<a href=\"https:\/\/www.ms.ro\/ro\/unitati-sanitare\/centrul-national-clinic-de-recuperare-neuropsihomotorie-copii-dr-nicolae-robanescu\/\" target=\"_blank\" rel=\"noreferrer noopener\"><\/a>\u200b<\/li>\n\n\n\n<li><strong>Hipertensiune arterial\u0103<\/strong>&nbsp;(HTA) \u0219i aritmii (tahicardii, QT lung\/scurt).<a href=\"https:\/\/www.ms.ro\/ro\/unitati-sanitare\/centrul-national-clinic-de-recuperare-neuropsihomotorie-copii-dr-nicolae-robanescu\/\" target=\"_blank\" rel=\"noreferrer noopener\"><\/a>\u200b<\/li>\n<\/ul>\n\n\n\n<p>Consulta\u021biile includ examen clinic, anamnez\u0103 detaliat\u0103 \u0219i investiga\u021bii gratuite la recomandare \u00een regim de internare: ecocardiografie Doppler (15-20 min, neinvaziv\u0103), ECG 12 deriva\u021bii adaptat v\u00e2rstei, Holter ECG (24\/48 ore), Holter TA (monitorizare 24 ore). Dr. Nicolae colaboreaz\u0103 \u00een studii clinice interna\u021bionale pentru distrofie muscular\u0103 Duchenne \u0219i ofer\u0103 ghidare parental\u0103 pentru monitorizare acas\u0103.<\/p>\n\n<\/div><\/div>\n<\/div>\n<div class=\"gb-shapes\"><div class=\"gb-shape gb-shape-1\"><svg xmlns=\"http:\/\/www.w3.org\/2000\/svg\" viewBox=\"0 0 1200 218\" preserveAspectRatio=\"none\"><path d=\"M0 218h1200v-31.3l-40 4.4c-40 4.8-120 13.1-200 0-80-13.6-160-48.6-240-66.7-80-17.8-160-17.8-240-8.8-80 8.6-160 26.9-240 8.8-80-17.7-160-71.1-200-97.7L0 0v218z\"\/><\/svg><\/div><div class=\"gb-shape gb-shape-2\"><svg xmlns=\"http:\/\/www.w3.org\/2000\/svg\" viewBox=\"0 0 1200 218\" preserveAspectRatio=\"none\"><path d=\"M0 218h1200v-31.3l-40 4.4c-40 4.8-120 13.1-200 0-80-13.6-160-48.6-240-66.7-80-17.8-160-17.8-240-8.8-80 8.6-160 26.9-240 8.8-80-17.7-160-71.1-200-97.7L0 0v218z\"\/><\/svg><\/div><\/div><\/div>\n\n<div class=\"gb-container gb-container-ef9cf393\">\n<div class=\"gb-container gb-container-2e52666f\"><div class=\"gb-inside-container\">\n\n<h2 class=\"gb-headline gb-headline-2150e0d7 gb-headline-text\">Echipa<\/h2>\n\n\n\n<div class=\"gb-grid-wrapper\">\n<div class=\"team gb-grid-colum\">\n<a href=\"https:\/\/naturalpixel.net\/recuperarecopii\/wp-content\/uploads\/2025\/12\/Dr.-Georgiana-Nicolae.jpg\">\n<img decoding=\"async\" src=\"https:\/\/naturalpixel.net\/recuperarecopii\/wp-content\/uploads\/2025\/12\/Dr.-Georgiana-Nicolae.jpg\" alt=\"Dr. Georgiana Nicolae cardiolog pediatru\" \/><\/a>\n<p><strong>Dr. Georgiana Nicolae<\/strong><\/p>\n<p>Medic Specialist Cardiologie Pediatrica<\/p>\n<div class=\"expanded\"><p>Asistent Universitar<br \/>\r\nMedic Specialist Cardiologie Pediatrica<br \/>\r\nMedic Primar Pediatrie<br \/>\r\nDoctor in Stiinte Medicale<br \/>\r\nCompetenta Ecocardiografie Generala<br \/>\r\n<br \/>\r\nAmbulatoriu: <a href=\"tel:+40729063394\">0729 063 394<\/a> (Luni-Vineri 07:00-15:00)<\/p><\/div>\n<\/div><\/div>\n\n<\/div><\/div>\n<\/div>","protected":false},"excerpt":{"rendered":"<p>Consulta\u021biile de cardiologie pediatric\u0103 din cadrul Centrului Na\u021bional Clinic de Recuperare Neuropsihomotorie Copii \u201eRob\u0103nescu &#8211; Padure\u201d ofer\u0103 diagnostic \u0219i monitorizare specializat\u0103 pentru afec\u021biuni cardiace la copii \u00eentre 0-18 ani, integrate cu programe de recuperare neuropsihomotorie \u00een ambulatoriu, spitalizare de zi sau continu\u0103. Dr. Georgiana Nicolae, medic primar pediatrie, specialist cardiologie pediatric\u0103, doctor \u00een \u0219tiin\u021be medicale &#8230; <a title=\"Consultatii cardiologie pediatrica\" class=\"read-more\" href=\"https:\/\/naturalpixel.net\/recuperarecopii\/consultatii-cardiologie-pediatrica-bucuresti\/\" aria-label=\"Read more about Consultatii cardiologie pediatrica\">Read more<\/a><\/p>\n","protected":false},"author":1,"featured_media":0,"parent":0,"menu_order":0,"comment_status":"closed","ping_status":"closed","template":"","meta":{"footnotes":""},"class_list":["post-4721","page","type-page","status-publish"],"_links":{"self":[{"href":"https:\/\/naturalpixel.net\/recuperarecopii\/wp-json\/wp\/v2\/pages\/4721","targetHints":{"allow":["GET"]}}],"collection":[{"href":"https:\/\/naturalpixel.net\/recuperarecopii\/wp-json\/wp\/v2\/pages"}],"about":[{"href":"https:\/\/naturalpixel.net\/recuperarecopii\/wp-json\/wp\/v2\/types\/page"}],"author":[{"embeddable":true,"href":"https:\/\/naturalpixel.net\/recuperarecopii\/wp-json\/wp\/v2\/users\/1"}],"replies":[{"embeddable":true,"href":"https:\/\/naturalpixel.net\/recuperarecopii\/wp-json\/wp\/v2\/comments?post=4721"}],"version-history":[{"count":3,"href":"https:\/\/naturalpixel.net\/recuperarecopii\/wp-json\/wp\/v2\/pages\/4721\/revisions"}],"predecessor-version":[{"id":4834,"href":"https:\/\/naturalpixel.net\/recuperarecopii\/wp-json\/wp\/v2\/pages\/4721\/revisions\/4834"}],"wp:attachment":[{"href":"https:\/\/naturalpixel.net\/recuperarecopii\/wp-json\/wp\/v2\/media?parent=4721"}],"curies":[{"name":"wp","href":"https:\/\/api.w.org\/{rel}","templated":true}]}}