{"id":4717,"date":"2025-12-18T20:07:07","date_gmt":"2025-12-18T20:07:07","guid":{"rendered":"https:\/\/naturalpixel.net\/recuperarecopii\/?page_id=4717"},"modified":"2026-03-02T11:51:37","modified_gmt":"2026-03-02T11:51:37","slug":"endocrinologie-pediatrica-bucuresti","status":"publish","type":"page","link":"https:\/\/naturalpixel.net\/recuperarecopii\/endocrinologie-pediatrica-bucuresti\/","title":{"rendered":"Endocrinologie Pediatric\u0103"},"content":{"rendered":"<div class=\"gb-container gb-container-0be6146d\">\n<div class=\"gb-container gb-container-fab78e7d\"><div class=\"gb-inside-container\">\n\n<p>Consulta\u021biile de endocrinologie pediatric\u0103 ofer\u0103 diagnostic \u0219i tratament specializat pentru tulbur\u0103ri hormonale la copii \u00eentre 0-18 ani, integrate cu servicii de recuperare medical\u0103 \u00een ambulatoriu sau spitalizare de zi. <\/p>\n\n\n\n<p>Dr. Andra Ivona Gheorghe Fronea &#8211; medic primar endocrinologie cu competen\u021be \u00een DXA (densitometrie osoas\u0103), efectueaz\u0103 consulta\u021bii \u00een ambulatoriul integrat colabor\u00e2nd cu echipa multidisciplinar\u0103 pentru managementul afec\u021biunilor asociate deficien\u021belor neuropsihomotorii.<a href=\"https:\/\/www.recuperarecopii.ro\/\" target=\"_blank\" rel=\"noreferrer noopener\"><\/a>\u200b<\/p>\n\n<\/div><\/div>\n\n<div class=\"gb-container gb-container-97ddc147\"><div class=\"gb-inside-container\">\n\n<figure class=\"gb-block-image gb-block-image-3e938582\"><img loading=\"lazy\" decoding=\"async\" width=\"1024\" height=\"683\" class=\"gb-image gb-image-3e938582 image-style img\" src=\"https:\/\/naturalpixel.net\/recuperarecopii\/wp-content\/uploads\/2025\/10\/slider_2-1024x683.jpg\" alt=\"\" title=\"slider_2\" srcset=\"https:\/\/naturalpixel.net\/recuperarecopii\/wp-content\/uploads\/2025\/10\/slider_2-1024x683.jpg 1024w, https:\/\/naturalpixel.net\/recuperarecopii\/wp-content\/uploads\/2025\/10\/slider_2-300x200.jpg 300w, https:\/\/naturalpixel.net\/recuperarecopii\/wp-content\/uploads\/2025\/10\/slider_2-768x512.jpg 768w, https:\/\/naturalpixel.net\/recuperarecopii\/wp-content\/uploads\/2025\/10\/slider_2-1536x1024.jpg 1536w, https:\/\/naturalpixel.net\/recuperarecopii\/wp-content\/uploads\/2025\/10\/slider_2.jpg 1920w\" sizes=\"auto, (max-width: 1024px) 100vw, 1024px\" \/><\/figure>\n\n<\/div><\/div>\n<\/div>\n\n<div class=\"gb-container gb-container-5ab7a396\">\n<div class=\"gb-container gb-container-b4c25fa8\">\n<div class=\"gb-container gb-container-68b8a67a\"><div class=\"gb-inside-container\">\n\n<h3 class=\"gb-headline gb-headline-48dc581d gb-headline-text\">Afec\u021biuni<\/h3>\n\n\n\n<p>Serviciile se adreseaz\u0103 pacien\u021bilor pediatrici cu deficien\u021be neuropsihomotorii \u0219i tulbur\u0103ri endocrine:<\/p>\n\n\n\n<ul class=\"wp-block-list\">\n<li><strong>Tulbur\u0103ri de cre\u0219tere<\/strong>&nbsp;(nanism, gigantism, \u00eent\u00e2rzieri staturo-ponderale).<a href=\"http:\/\/endocrinologiepediatrica.ro\/\" target=\"_blank\" rel=\"noreferrer noopener\"><\/a>\u200b<\/li>\n\n\n\n<li><strong>Pubertate precoce sau \u00eent\u00e2rziat\u0103<\/strong>.<a href=\"http:\/\/endocrinologiepediatrica.ro\/\" target=\"_blank\" rel=\"noreferrer noopener\"><\/a>\u200b<\/li>\n\n\n\n<li><strong>Obezitate infantil\u0103<\/strong>&nbsp;\u0219i sindrom metabolic.<a href=\"http:\/\/endocrinologiepediatrica.ro\/\" target=\"_blank\" rel=\"noreferrer noopener\"><\/a>\u200b<\/li>\n\n\n\n<li><strong>Afec\u021biuni tiroidiene<\/strong>&nbsp;(hipo\/hipertiroidism congenital).<a href=\"https:\/\/aisclinic.ro\/en\/endocrinologie\/\" target=\"_blank\" rel=\"noreferrer noopener\"><\/a>\u200b<\/li>\n\n\n\n<li><strong>Diabet zaharat tip 1<\/strong>&nbsp;\u0219i alte tulbur\u0103ri metabolice.<a href=\"https:\/\/aisclinic.ro\/en\/endocrinologie\/\" target=\"_blank\" rel=\"noreferrer noopener\"><\/a>\u200b<\/li>\n\n\n\n<li><strong>Hiperplazie congenital\u0103 suprarenal\u0103<\/strong>.<a href=\"http:\/\/endocrinologiepediatrica.ro\/\" target=\"_blank\" rel=\"noreferrer noopener\"><\/a>\u200b<\/li>\n\n\n\n<li><strong>Osteoporoz\u0103 pediatric\u0103<\/strong>&nbsp;(evaluat\u0103 prin DXA).<a href=\"https:\/\/recuperarecopii.ro\/contact\" target=\"_blank\" rel=\"noreferrer noopener\"><\/a>\u200b<\/li>\n\n\n\n<li><strong>Patologii hipofizare \u0219i gonadale<\/strong>&nbsp;asociate bolilor neuromusculare.<a href=\"https:\/\/aisclinic.ro\/en\/endocrinologie\/\" target=\"_blank\" rel=\"noreferrer noopener\"><\/a>\u200b<\/li>\n<\/ul>\n\n\n\n<p>Consulta\u021biile includ examen clinic endocrinologic, doz\u0103ri hormonale, ecografii tiroidiene \u0219i osteodensitometrie, cu investiga\u021bii paraclinice gratuite la recomandare \u00een regim de internare. <\/p>\n\n<\/div><\/div>\n<\/div>\n<div class=\"gb-shapes\"><div class=\"gb-shape gb-shape-1\"><svg xmlns=\"http:\/\/www.w3.org\/2000\/svg\" viewBox=\"0 0 1200 218\" preserveAspectRatio=\"none\"><path d=\"M0 218h1200v-31.3l-40 4.4c-40 4.8-120 13.1-200 0-80-13.6-160-48.6-240-66.7-80-17.8-160-17.8-240-8.8-80 8.6-160 26.9-240 8.8-80-17.7-160-71.1-200-97.7L0 0v218z\"\/><\/svg><\/div><div class=\"gb-shape gb-shape-2\"><svg xmlns=\"http:\/\/www.w3.org\/2000\/svg\" viewBox=\"0 0 1200 218\" preserveAspectRatio=\"none\"><path d=\"M0 218h1200v-31.3l-40 4.4c-40 4.8-120 13.1-200 0-80-13.6-160-48.6-240-66.7-80-17.8-160-17.8-240-8.8-80 8.6-160 26.9-240 8.8-80-17.7-160-71.1-200-97.7L0 0v218z\"\/><\/svg><\/div><\/div><\/div>\n\n<div class=\"gb-container gb-container-ef9cf393\">\n<div class=\"gb-container gb-container-2e52666f\"><div class=\"gb-inside-container\">\n\n<h2 class=\"gb-headline gb-headline-2150e0d7 gb-headline-text\">Echipa<\/h2>\n\n\n\n<div class=\"gb-grid-wrapper\">\n<div class=\"team gb-grid-colum\">\n<a href=\"https:\/\/naturalpixel.net\/recuperarecopii\/wp-content\/uploads\/2026\/03\/Dr.-Ivona-Fronea-endocrinologie-1-991x1024.jpeg\">\n<img decoding=\"async\" src=\"https:\/\/naturalpixel.net\/recuperarecopii\/wp-content\/uploads\/2026\/03\/Dr.-Ivona-Fronea-endocrinologie-1-768x793.jpeg\" alt=\"Dr. Ivona Fronea - endocrinologie\" \/><\/a>\n<p><strong>Dr. Andra Ivona Gheorghe Fronea<\/strong><\/p>\n<p>Medic primar Endocrinologie<\/p>\n<div class=\"expanded\"><p>Ambulatoriu Integrat<br \/>\r\n<br \/>\r\nAmbulatoriu: <a href=\"tel:+40725570891\">0725 570 891<\/a> (Luni-Vineri 07:00-15:00)<\/p><\/div>\n<\/div><\/div>\n\n<\/div><\/div>\n<\/div>","protected":false},"excerpt":{"rendered":"<p>Consulta\u021biile de endocrinologie pediatric\u0103 ofer\u0103 diagnostic \u0219i tratament specializat pentru tulbur\u0103ri hormonale la copii \u00eentre 0-18 ani, integrate cu servicii de recuperare medical\u0103 \u00een ambulatoriu sau spitalizare de zi. Dr. Andra Ivona Gheorghe Fronea &#8211; medic primar endocrinologie cu competen\u021be \u00een DXA (densitometrie osoas\u0103), efectueaz\u0103 consulta\u021bii \u00een ambulatoriul integrat colabor\u00e2nd cu echipa multidisciplinar\u0103 pentru managementul &#8230; <a title=\"Endocrinologie Pediatric\u0103\" class=\"read-more\" href=\"https:\/\/naturalpixel.net\/recuperarecopii\/endocrinologie-pediatrica-bucuresti\/\" aria-label=\"Read more about Endocrinologie Pediatric\u0103\">Read more<\/a><\/p>\n","protected":false},"author":1,"featured_media":0,"parent":0,"menu_order":0,"comment_status":"closed","ping_status":"closed","template":"","meta":{"footnotes":""},"class_list":["post-4717","page","type-page","status-publish"],"_links":{"self":[{"href":"https:\/\/naturalpixel.net\/recuperarecopii\/wp-json\/wp\/v2\/pages\/4717","targetHints":{"allow":["GET"]}}],"collection":[{"href":"https:\/\/naturalpixel.net\/recuperarecopii\/wp-json\/wp\/v2\/pages"}],"about":[{"href":"https:\/\/naturalpixel.net\/recuperarecopii\/wp-json\/wp\/v2\/types\/page"}],"author":[{"embeddable":true,"href":"https:\/\/naturalpixel.net\/recuperarecopii\/wp-json\/wp\/v2\/users\/1"}],"replies":[{"embeddable":true,"href":"https:\/\/naturalpixel.net\/recuperarecopii\/wp-json\/wp\/v2\/comments?post=4717"}],"version-history":[{"count":2,"href":"https:\/\/naturalpixel.net\/recuperarecopii\/wp-json\/wp\/v2\/pages\/4717\/revisions"}],"predecessor-version":[{"id":4830,"href":"https:\/\/naturalpixel.net\/recuperarecopii\/wp-json\/wp\/v2\/pages\/4717\/revisions\/4830"}],"wp:attachment":[{"href":"https:\/\/naturalpixel.net\/recuperarecopii\/wp-json\/wp\/v2\/media?parent=4717"}],"curies":[{"name":"wp","href":"https:\/\/api.w.org\/{rel}","templated":true}]}}