{"id":4714,"date":"2025-12-12T07:49:20","date_gmt":"2025-12-12T07:49:20","guid":{"rendered":"https:\/\/naturalpixel.net\/recuperarecopii\/?page_id=4714"},"modified":"2026-03-02T11:50:34","modified_gmt":"2026-03-02T11:50:34","slug":"ortopedie-pediatrica-copii-bucuresti","status":"publish","type":"page","link":"https:\/\/naturalpixel.net\/recuperarecopii\/ortopedie-pediatrica-copii-bucuresti\/","title":{"rendered":"Ortopedie pediatric\u0103"},"content":{"rendered":"<div class=\"gb-container gb-container-0be6146d\">\n<div class=\"gb-container gb-container-fab78e7d\"><div class=\"gb-inside-container\">\n\n<p>Consulta\u021biile de ortopedie pediatric\u0103 din cadrul Centrului Na\u021bional Clinic de Recuperare Neuropsihomotorie Copii \u201eDr. Nicolae Rob\u0103nescu\u201d ofer\u0103 diagnostic \u0219i tratament pentru afec\u021biuni ortopedice la copii \u00eentre 0-18 ani, integrate cu servicii de recuperare medical\u0103 \u00een ambulatoriu, spitalizare de zi sau continu\u0103. Dr. Georgescu Ileana, medic primar ortopedie pediatric\u0103 cu doctorat \u00een medicin\u0103, coordoneaz\u0103 compartimentul dedicat cu 24 de paturi, colabor\u00e2nd cu kinetoterapeu\u021bi pentru programe personalizate de reabilitare.<\/p>\n\n\n\n<h2 class=\"wp-block-heading\">Servicii \u0219i investiga\u021bii<\/h2>\n\n\n\n<p>Consulta\u021biile includ examen clinic ortopedic, radiografii \u0219i explor\u0103ri func\u021bionale la recomandarea medicului curant, urmate de tratamente kinetice intensive, fizioterapie \u0219i masoterapie \u00een 7 s\u0103li specializate. <\/p>\n\n<\/div><\/div>\n\n<div class=\"gb-container gb-container-97ddc147\"><div class=\"gb-inside-container\">\n\n<figure class=\"gb-block-image gb-block-image-3e938582\"><img loading=\"lazy\" decoding=\"async\" width=\"1024\" height=\"683\" class=\"gb-image gb-image-3e938582 image-style img\" src=\"https:\/\/naturalpixel.net\/recuperarecopii\/wp-content\/uploads\/2025\/10\/slider_2-1024x683.jpg\" alt=\"\" title=\"slider_2\" srcset=\"https:\/\/naturalpixel.net\/recuperarecopii\/wp-content\/uploads\/2025\/10\/slider_2-1024x683.jpg 1024w, https:\/\/naturalpixel.net\/recuperarecopii\/wp-content\/uploads\/2025\/10\/slider_2-300x200.jpg 300w, https:\/\/naturalpixel.net\/recuperarecopii\/wp-content\/uploads\/2025\/10\/slider_2-768x512.jpg 768w, https:\/\/naturalpixel.net\/recuperarecopii\/wp-content\/uploads\/2025\/10\/slider_2-1536x1024.jpg 1536w, https:\/\/naturalpixel.net\/recuperarecopii\/wp-content\/uploads\/2025\/10\/slider_2.jpg 1920w\" sizes=\"auto, (max-width: 1024px) 100vw, 1024px\" \/><\/figure>\n\n<\/div><\/div>\n<\/div>\n\n<div class=\"gb-container gb-container-5ab7a396\">\n<div class=\"gb-container gb-container-b4c25fa8\">\n<div class=\"gb-container gb-container-68b8a67a\"><div class=\"gb-inside-container\">\n\n<h3 class=\"gb-headline gb-headline-48dc581d gb-headline-text\">Afec\u021biuni<\/h3>\n\n\n\n<p>Serviciile abordeaz\u0103 malforma\u021bii congenitale, sechele post-traumatice \u0219i tulbur\u0103ri de cre\u0219tere osoas\u0103, cu accent pe recuperare func\u021bional\u0103:<\/p>\n\n\n\n<ul class=\"wp-block-list\">\n<li><strong>Deform\u0103ri ale coloanei vertebrale<\/strong>: scolioze, cifoz\u0103 asociate deficien\u021belor motorii.<\/li>\n\n\n\n<li><strong>Malforma\u021bii congenitale<\/strong>: picior str\u00e2mb, displazii de \u0219old.<a href=\"http:\/\/www.saptamanamedicala.ro\/articole\/Centrul-National-Medical-Clinic-de-Recuperare-Neuropshihomotorie-pentru-copii-DrN-Robanescu\" target=\"_blank\" rel=\"noreferrer noopener\"><\/a>\u200b<\/li>\n\n\n\n<li><strong>Boli neuromusculare ortopedice<\/strong>: artrogripoza, distrofii musculare progresive.<a href=\"http:\/\/www.saptamanamedicala.ro\/articole\/Centrul-National-Medical-Clinic-de-Recuperare-Neuropshihomotorie-pentru-copii-DrN-Robanescu\" target=\"_blank\" rel=\"noreferrer noopener\"><\/a>\u200b<\/li>\n\n\n\n<li><strong>Amiotrofii spinale<\/strong>&nbsp;(tip I, II, III) cu deform\u0103ri scheletale.<a href=\"http:\/\/www.saptamanamedicala.ro\/articole\/Centrul-National-Medical-Clinic-de-Recuperare-Neuropshihomotorie-pentru-copii-DrN-Robanescu\" target=\"_blank\" rel=\"noreferrer noopener\"><\/a>\u200b<\/li>\n\n\n\n<li><strong>Sechele post-traumatice<\/strong>&nbsp;ortopedice \u0219i neuro-ortopedice.<a href=\"https:\/\/ms.ro\/ro\/unitati-sanitare\/centrul-national-clinic-de-recuperare-neuropsihomotorie-copii-dr-nicolae-robanescu\/\" target=\"_blank\" rel=\"noreferrer noopener\"><\/a>\u200b<a href=\"https:\/\/ms.ro\/ro\/unitati-sanitare\/centrul-national-clinic-de-recuperare-neuropsihomotorie-copii-dr-nicolae-robanescu\/\" target=\"_blank\" rel=\"noreferrer noopener\"><\/a>\u200b<\/li>\n<\/ul>\n\n<\/div><\/div>\n<\/div>\n<div class=\"gb-shapes\"><div class=\"gb-shape gb-shape-1\"><svg xmlns=\"http:\/\/www.w3.org\/2000\/svg\" viewBox=\"0 0 1200 218\" preserveAspectRatio=\"none\"><path d=\"M0 218h1200v-31.3l-40 4.4c-40 4.8-120 13.1-200 0-80-13.6-160-48.6-240-66.7-80-17.8-160-17.8-240-8.8-80 8.6-160 26.9-240 8.8-80-17.7-160-71.1-200-97.7L0 0v218z\"\/><\/svg><\/div><div class=\"gb-shape gb-shape-2\"><svg xmlns=\"http:\/\/www.w3.org\/2000\/svg\" viewBox=\"0 0 1200 218\" preserveAspectRatio=\"none\"><path d=\"M0 218h1200v-31.3l-40 4.4c-40 4.8-120 13.1-200 0-80-13.6-160-48.6-240-66.7-80-17.8-160-17.8-240-8.8-80 8.6-160 26.9-240 8.8-80-17.7-160-71.1-200-97.7L0 0v218z\"\/><\/svg><\/div><\/div><\/div>\n\n<div class=\"gb-container gb-container-b18bc1b8\">\n<div class=\"gb-container gb-container-0bae6cef\"><div class=\"gb-inside-container\">\n\n<h2 class=\"gb-headline gb-headline-02aefe5d gb-headline-text\">Echipa<\/h2>\n\n\n\n<div class=\"gb-grid-wrapper\">\n<div class=\"team gb-grid-colum\">\n<a href=\"https:\/\/naturalpixel.net\/recuperarecopii\/wp-content\/uploads\/2026\/03\/Dr.-Ileana-Georgescu-ortopedie-pediatrica.jpeg\">\n<img decoding=\"async\" src=\"https:\/\/naturalpixel.net\/recuperarecopii\/wp-content\/uploads\/2026\/03\/Dr.-Ileana-Georgescu-ortopedie-pediatrica-768x754.jpeg\" alt=\"Dr. Ileana Georgescu - ortopedie pediatrica\" \/><\/a>\n<p><strong>Dr. Ileana Georgescu<\/strong><\/p>\n<p>Medic primar Ortopedie Pediatric\u0103<\/p>\n<div class=\"expanded\"><p>Compartiment Recuperare Ortopedie Pediatric\u0103<br \/>\r\nAmbulatoriu Integrat<br \/>\r\nDoctor \u00een \u0218tiin\u021be Medicale<br \/>\r\n<br \/>\r\nAmbulatoriu: <a href=\"tel:+40725945116\">0725 945 116<\/a> (Luni-Vineri 07:00-15:00)<\/p><\/div>\n<\/div><\/div>\n\n<\/div><\/div>\n<\/div>","protected":false},"excerpt":{"rendered":"<p>Consulta\u021biile de ortopedie pediatric\u0103 din cadrul Centrului Na\u021bional Clinic de Recuperare Neuropsihomotorie Copii \u201eDr. Nicolae Rob\u0103nescu\u201d ofer\u0103 diagnostic \u0219i tratament pentru afec\u021biuni ortopedice la copii \u00eentre 0-18 ani, integrate cu servicii de recuperare medical\u0103 \u00een ambulatoriu, spitalizare de zi sau continu\u0103. Dr. Georgescu Ileana, medic primar ortopedie pediatric\u0103 cu doctorat \u00een medicin\u0103, coordoneaz\u0103 compartimentul dedicat &#8230; <a title=\"Ortopedie pediatric\u0103\" class=\"read-more\" href=\"https:\/\/naturalpixel.net\/recuperarecopii\/ortopedie-pediatrica-copii-bucuresti\/\" aria-label=\"Read more about Ortopedie pediatric\u0103\">Read more<\/a><\/p>\n","protected":false},"author":1,"featured_media":0,"parent":0,"menu_order":0,"comment_status":"closed","ping_status":"closed","template":"","meta":{"footnotes":""},"class_list":["post-4714","page","type-page","status-publish"],"_links":{"self":[{"href":"https:\/\/naturalpixel.net\/recuperarecopii\/wp-json\/wp\/v2\/pages\/4714","targetHints":{"allow":["GET"]}}],"collection":[{"href":"https:\/\/naturalpixel.net\/recuperarecopii\/wp-json\/wp\/v2\/pages"}],"about":[{"href":"https:\/\/naturalpixel.net\/recuperarecopii\/wp-json\/wp\/v2\/types\/page"}],"author":[{"embeddable":true,"href":"https:\/\/naturalpixel.net\/recuperarecopii\/wp-json\/wp\/v2\/users\/1"}],"replies":[{"embeddable":true,"href":"https:\/\/naturalpixel.net\/recuperarecopii\/wp-json\/wp\/v2\/comments?post=4714"}],"version-history":[{"count":2,"href":"https:\/\/naturalpixel.net\/recuperarecopii\/wp-json\/wp\/v2\/pages\/4714\/revisions"}],"predecessor-version":[{"id":4829,"href":"https:\/\/naturalpixel.net\/recuperarecopii\/wp-json\/wp\/v2\/pages\/4714\/revisions\/4829"}],"wp:attachment":[{"href":"https:\/\/naturalpixel.net\/recuperarecopii\/wp-json\/wp\/v2\/media?parent=4714"}],"curies":[{"name":"wp","href":"https:\/\/api.w.org\/{rel}","templated":true}]}}