{"id":4709,"date":"2025-12-03T18:17:24","date_gmt":"2025-12-03T18:17:24","guid":{"rendered":"https:\/\/naturalpixel.net\/recuperarecopii\/?page_id=4709"},"modified":"2026-03-02T11:49:53","modified_gmt":"2026-03-02T11:49:53","slug":"consultatii-neurologie-pediatrica-bucuresti","status":"publish","type":"page","link":"https:\/\/naturalpixel.net\/recuperarecopii\/consultatii-neurologie-pediatrica-bucuresti\/","title":{"rendered":"Consultatii neurologie pediatric\u0103"},"content":{"rendered":"<div class=\"gb-container gb-container-0be6146d\">\n<div class=\"gb-container gb-container-fab78e7d\"><div class=\"gb-inside-container\">\n\n<p>Consulta\u021biile de neurologie pediatric\u0103 din cadrul Centrului Na\u021bional Clinic de Recuperare Neuropsihomotorie Copii \u201eDr. Nicolae Rob\u0103nescu\u201d se adreseaz\u0103 copiilor cu v\u00e2rste \u00eentre 0 \u0219i 18 ani care prezint\u0103 tulbur\u0103ri de dezvoltare neuropsihomotorie, crize convulsive, paralizii cerebrale, afec\u021biuni neuromusculare, traumatisme cranio-cerebrale sau alte boli ale sistemului nervos. \u00cen ambulatoriul integrat, consulta\u021biile sunt efectuate de medici primari cu experien\u021b\u0103 \u00een neurologie pediatric\u0103, care realizeaz\u0103 evaluarea clinic\u0103 detaliat\u0103, recomand\u0103 investiga\u021biile necesare (analize, EEG, imagistic\u0103, teste genetice) \u0219i elaboreaz\u0103 un plan terapeutic personalizat, \u00een str\u00e2ns\u0103 leg\u0103tur\u0103 cu echipa de recuperare medical\u0103, medicin\u0103 fizic\u0103 \u0219i reabilitare. P\u0103rin\u021bii pot programa consulta\u021bii \u00een intervalele orare dedicate neurologiei pediatrice, folosind datele de contact \u0219i numerele de telefon afi\u0219ate pe site, astfel \u00eenc\u00e2t copilul s\u0103 beneficieze rapid de un diagnostic corect, monitorizare pe termen lung \u0219i integrare \u00een programe de recuperare adaptate nevoilor sale.<\/p>\n\n<\/div><\/div>\n\n<div class=\"gb-container gb-container-97ddc147\"><div class=\"gb-inside-container\">\n\n<figure class=\"gb-block-image gb-block-image-3e938582\"><img loading=\"lazy\" decoding=\"async\" width=\"1024\" height=\"683\" class=\"gb-image gb-image-3e938582 image-style img\" src=\"https:\/\/naturalpixel.net\/recuperarecopii\/wp-content\/uploads\/2025\/10\/slider_2-1024x683.jpg\" alt=\"\" title=\"slider_2\" srcset=\"https:\/\/naturalpixel.net\/recuperarecopii\/wp-content\/uploads\/2025\/10\/slider_2-1024x683.jpg 1024w, https:\/\/naturalpixel.net\/recuperarecopii\/wp-content\/uploads\/2025\/10\/slider_2-300x200.jpg 300w, https:\/\/naturalpixel.net\/recuperarecopii\/wp-content\/uploads\/2025\/10\/slider_2-768x512.jpg 768w, https:\/\/naturalpixel.net\/recuperarecopii\/wp-content\/uploads\/2025\/10\/slider_2-1536x1024.jpg 1536w, https:\/\/naturalpixel.net\/recuperarecopii\/wp-content\/uploads\/2025\/10\/slider_2.jpg 1920w\" sizes=\"auto, (max-width: 1024px) 100vw, 1024px\" \/><\/figure>\n\n<\/div><\/div>\n<\/div>\n\n<div class=\"gb-container gb-container-5ab7a396\">\n<div class=\"gb-container gb-container-b4c25fa8\">\n<div class=\"gb-container gb-container-68b8a67a\"><div class=\"gb-inside-container\">\n\n<h3 class=\"gb-headline gb-headline-48dc581d gb-headline-text\">Afec\u021biuni<\/h3>\n\n\n\n<p>Consulta\u021biile de neurologie pediatric\u0103 de la Centrul Na\u021bional Clinic de Recuperare Neuropsihomotorie Copii \u201eDr. Nicolae Rob\u0103nescu\u201d abordeaz\u0103 o gam\u0103 larg\u0103 de tulbur\u0103ri neuropsihomotorii la copii \u00eentre 0-18 ani, oferind diagnostic, monitorizare \u0219i planuri de recuperare integrate.<a rel=\"noreferrer noopener\" target=\"_blank\" href=\"https:\/\/ms.ro\/ro\/unitati-sanitare\/centrul-national-clinic-de-recuperare-neuropsihomotorie-copii-dr-nicolae-robanescu\/\"><\/a>\u200b<\/p>\n\n\n\n<ul class=\"wp-block-list\">\n<li><strong>Paralizii cerebrale<\/strong>&nbsp;(tetrapareze, parapareze, hemipareze spastice sau flasce).<a href=\"https:\/\/ms.ro\/ro\/unitati-sanitare\/centrul-national-clinic-de-recuperare-neuropsihomotorie-copii-dr-nicolae-robanescu\/\" target=\"_blank\" rel=\"noreferrer noopener\"><\/a>\u200b<\/li>\n\n\n\n<li><strong>Sechele post-traumatice cranio-cerebrale<\/strong>&nbsp;(dup\u0103 accidente sau leziuni).<a href=\"https:\/\/ms.ro\/ro\/unitati-sanitare\/centrul-national-clinic-de-recuperare-neuropsihomotorie-copii-dr-nicolae-robanescu\/\" target=\"_blank\" rel=\"noreferrer noopener\"><\/a>\u200b<\/li>\n\n\n\n<li><strong>Boli neuromusculare<\/strong>&nbsp;(distrofii musculare, atrofii spinale).<a href=\"https:\/\/ms.ro\/ro\/unitati-sanitare\/centrul-national-clinic-de-recuperare-neuropsihomotorie-copii-dr-nicolae-robanescu\/\" target=\"_blank\" rel=\"noreferrer noopener\"><\/a>\u200b<\/li>\n\n\n\n<li><strong>Paralizii de plex brahial<\/strong>&nbsp;(afectare nervoas\u0103 la na\u0219tere sau traumatic\u0103).<a href=\"https:\/\/ms.ro\/ro\/unitati-sanitare\/centrul-national-clinic-de-recuperare-neuropsihomotorie-copii-dr-nicolae-robanescu\/\" target=\"_blank\" rel=\"noreferrer noopener\"><\/a>\u200b<\/li>\n\n\n\n<li><strong>Neuropatii senzitivo-motorii<\/strong>&nbsp;(polineuropatii, mononeuropatii).<a href=\"https:\/\/ms.ro\/ro\/unitati-sanitare\/centrul-national-clinic-de-recuperare-neuropsihomotorie-copii-dr-nicolae-robanescu\/\" target=\"_blank\" rel=\"noreferrer noopener\"><\/a>\u200b<\/li>\n\n\n\n<li><strong>Tumori cerebrale cu sechele postoperatorii<\/strong>&nbsp;(efecte reziduale dup\u0103 interven\u021bii).<a href=\"https:\/\/ms.ro\/ro\/unitati-sanitare\/centrul-national-clinic-de-recuperare-neuropsihomotorie-copii-dr-nicolae-robanescu\/\" target=\"_blank\" rel=\"noreferrer noopener\"><\/a>\u200b<\/li>\n\n\n\n<li><strong>Malforma\u021bii vasculare cerebrale rupte<\/strong>&nbsp;(anevrisme, AVM-uri cu sechele).<a href=\"https:\/\/ms.ro\/ro\/unitati-sanitare\/centrul-national-clinic-de-recuperare-neuropsihomotorie-copii-dr-nicolae-robanescu\/\" target=\"_blank\" rel=\"noreferrer noopener\"><\/a>\u200b<\/li>\n\n\n\n<li><strong>Hidrocefalii operate sau stabilizate<\/strong>&nbsp;(monitorizare post-shunt).<a href=\"https:\/\/ms.ro\/ro\/unitati-sanitare\/centrul-national-clinic-de-recuperare-neuropsihomotorie-copii-dr-nicolae-robanescu\/\" target=\"_blank\" rel=\"noreferrer noopener\"><\/a>\u200b<\/li>\n\n\n\n<li><strong>\u00cent\u00e2rzieri mintale<\/strong>&nbsp;(u\u0219oare p\u00e2n\u0103 la severe, asociate cu deficien\u021be motorii).<a href=\"https:\/\/ms.ro\/ro\/unitati-sanitare\/centrul-national-clinic-de-recuperare-neuropsihomotorie-copii-dr-nicolae-robanescu\/\" target=\"_blank\" rel=\"noreferrer noopener\"><\/a>\u200b<\/li>\n\n\n\n<li><strong>Tulbur\u0103ri pervazive de dezvoltare<\/strong>&nbsp;(autism, sindrom Rett).<a href=\"https:\/\/ms.ro\/ro\/unitati-sanitare\/centrul-national-clinic-de-recuperare-neuropsihomotorie-copii-dr-nicolae-robanescu\/\" target=\"_blank\" rel=\"noreferrer noopener\"><\/a>\u200b<\/li>\n\n\n\n<li><strong>Tulbur\u0103ri reactive sau de adaptare<\/strong>&nbsp;(post-traumatisme cranio-cerebrale).<a href=\"https:\/\/ms.ro\/ro\/unitati-sanitare\/centrul-national-clinic-de-recuperare-neuropsihomotorie-copii-dr-nicolae-robanescu\/\" target=\"_blank\" rel=\"noreferrer noopener\"><\/a>\u200b<\/li>\n\n\n\n<li><strong>Tulbur\u0103ri de comportament<\/strong>&nbsp;(cu etiologie neurologic\u0103 variat\u0103).<a href=\"https:\/\/ms.ro\/ro\/unitati-sanitare\/centrul-national-clinic-de-recuperare-neuropsihomotorie-copii-dr-nicolae-robanescu\/\" target=\"_blank\" rel=\"noreferrer noopener\"><\/a>\u200b<\/li>\n<\/ul>\n\n<\/div><\/div>\n<\/div>\n<div class=\"gb-shapes\"><div class=\"gb-shape gb-shape-1\"><svg xmlns=\"http:\/\/www.w3.org\/2000\/svg\" viewBox=\"0 0 1200 218\" preserveAspectRatio=\"none\"><path d=\"M0 218h1200v-31.3l-40 4.4c-40 4.8-120 13.1-200 0-80-13.6-160-48.6-240-66.7-80-17.8-160-17.8-240-8.8-80 8.6-160 26.9-240 8.8-80-17.7-160-71.1-200-97.7L0 0v218z\"\/><\/svg><\/div><div class=\"gb-shape gb-shape-2\"><svg xmlns=\"http:\/\/www.w3.org\/2000\/svg\" viewBox=\"0 0 1200 218\" preserveAspectRatio=\"none\"><path d=\"M0 218h1200v-31.3l-40 4.4c-40 4.8-120 13.1-200 0-80-13.6-160-48.6-240-66.7-80-17.8-160-17.8-240-8.8-80 8.6-160 26.9-240 8.8-80-17.7-160-71.1-200-97.7L0 0v218z\"\/><\/svg><\/div><\/div><\/div>\n\n<div class=\"gb-container gb-container-ef9cf393\">\n<div class=\"gb-container gb-container-2e52666f\"><div class=\"gb-inside-container\">\n\n<h2 class=\"gb-headline gb-headline-2150e0d7 gb-headline-text\">Echipa<\/h2>\n\n\n\n<div class=\"gb-grid-wrapper\">\n<div class=\"team gb-grid-colum\">\n<a href=\"https:\/\/naturalpixel.net\/recuperarecopii\/wp-content\/uploads\/2026\/03\/Dr.-Madalina-Leanca-neurologie-Pediatrica-992x1024.jpeg\">\n<img decoding=\"async\" src=\"https:\/\/naturalpixel.net\/recuperarecopii\/wp-content\/uploads\/2026\/03\/Dr.-Madalina-Leanca-neurologie-Pediatrica-768x793.jpeg\" alt=\"Dr. M\u0103d\u0103lina Leanca - neurologie Pediatrica\" \/><\/a>\n<p><strong>Dr. M\u0103d\u0103lina Cristina Leanca<\/strong><\/p>\n<p>Medic primar Neurologie Pediatric\u0103<\/p>\n<div class=\"expanded\"><p>Ambulatoriu Integrat<br \/>\r\nElectroencefalografie<br \/>\r\nDoctor \u00een \u0218tiin\u021be Medicale<br \/>\r\n<br \/>\r\nAmbulatoriu: <a href=\"tel:+40725973431\">0725 973 431<\/a> (Luni-Vineri 07:00-15:00)<\/p><\/div>\n<\/div>\n<div class=\"team gb-grid-colum\">\n<a href=\"https:\/\/naturalpixel.net\/recuperarecopii\/wp-content\/uploads\/2026\/03\/Dr.-Daniela-Dorina-Vasile-neurologie-pediatrica-893x1024.jpeg\">\n<img decoding=\"async\" src=\"https:\/\/naturalpixel.net\/recuperarecopii\/wp-content\/uploads\/2026\/03\/Dr.-Daniela-Dorina-Vasile-neurologie-pediatrica-768x881.jpeg\" alt=\"Dr. Daniela Dorina Vasile - neurologie pediatrica\" \/><\/a>\n<p><strong>Dr. Daniela Dorina Vasile<\/strong><\/p>\n<p>Medic primar Neurologie Pediatric\u0103<\/p>\n<div class=\"expanded\"><p>Cronici Neurologie Pediatric\u0103<br \/>\r\nElectroencefalografie, Electromiografie<br \/>\r\n<br \/>\r\nInternare cronici: <a href=\"tel:+40730555243\">0730 555 243<\/a> (Miercuri-Joi 13:00-15:00)<br \/>\r\nAmbulatoriu cronici: <a href=\"tel:+40731351444\">0731 351 444<\/a> (Luni-Mar\u021bi 07:00-10:00)<\/p><\/div>\n<\/div><\/div>\n\n<\/div><\/div>\n<\/div>","protected":false},"excerpt":{"rendered":"<p>Consulta\u021biile de neurologie pediatric\u0103 din cadrul Centrului Na\u021bional Clinic de Recuperare Neuropsihomotorie Copii \u201eDr. Nicolae Rob\u0103nescu\u201d se adreseaz\u0103 copiilor cu v\u00e2rste \u00eentre 0 \u0219i 18 ani care prezint\u0103 tulbur\u0103ri de dezvoltare neuropsihomotorie, crize convulsive, paralizii cerebrale, afec\u021biuni neuromusculare, traumatisme cranio-cerebrale sau alte boli ale sistemului nervos. \u00cen ambulatoriul integrat, consulta\u021biile sunt efectuate de medici primari &#8230; <a title=\"Consultatii neurologie pediatric\u0103\" class=\"read-more\" href=\"https:\/\/naturalpixel.net\/recuperarecopii\/consultatii-neurologie-pediatrica-bucuresti\/\" aria-label=\"Read more about Consultatii neurologie pediatric\u0103\">Read more<\/a><\/p>\n","protected":false},"author":1,"featured_media":0,"parent":0,"menu_order":0,"comment_status":"closed","ping_status":"closed","template":"","meta":{"footnotes":""},"class_list":["post-4709","page","type-page","status-publish"],"_links":{"self":[{"href":"https:\/\/naturalpixel.net\/recuperarecopii\/wp-json\/wp\/v2\/pages\/4709","targetHints":{"allow":["GET"]}}],"collection":[{"href":"https:\/\/naturalpixel.net\/recuperarecopii\/wp-json\/wp\/v2\/pages"}],"about":[{"href":"https:\/\/naturalpixel.net\/recuperarecopii\/wp-json\/wp\/v2\/types\/page"}],"author":[{"embeddable":true,"href":"https:\/\/naturalpixel.net\/recuperarecopii\/wp-json\/wp\/v2\/users\/1"}],"replies":[{"embeddable":true,"href":"https:\/\/naturalpixel.net\/recuperarecopii\/wp-json\/wp\/v2\/comments?post=4709"}],"version-history":[{"count":2,"href":"https:\/\/naturalpixel.net\/recuperarecopii\/wp-json\/wp\/v2\/pages\/4709\/revisions"}],"predecessor-version":[{"id":4828,"href":"https:\/\/naturalpixel.net\/recuperarecopii\/wp-json\/wp\/v2\/pages\/4709\/revisions\/4828"}],"wp:attachment":[{"href":"https:\/\/naturalpixel.net\/recuperarecopii\/wp-json\/wp\/v2\/media?parent=4709"}],"curies":[{"name":"wp","href":"https:\/\/api.w.org\/{rel}","templated":true}]}}