{"id":4665,"date":"2025-10-09T18:08:24","date_gmt":"2025-10-09T18:08:24","guid":{"rendered":"https:\/\/naturalpixel.net\/recuperarecopii\/?page_id=4665"},"modified":"2026-03-02T11:44:43","modified_gmt":"2026-03-02T11:44:43","slug":"recuperare-medicala-copii-medicina-fizica-si-reabilitare","status":"publish","type":"page","link":"https:\/\/naturalpixel.net\/recuperarecopii\/recuperare-medicala-copii-medicina-fizica-si-reabilitare\/","title":{"rendered":"Recuperare Medical\u0103 Copii, Medicin\u0103 Fizic\u0103 \u0219i Reabilitare"},"content":{"rendered":"<div class=\"gb-container gb-container-0be6146d\">\n<div class=\"gb-container gb-container-fab78e7d\"><div class=\"gb-inside-container\">\n\n<p>La Centrul Na\u021bional Clinic de Recuperare Neuropsihomotorie Copii \u201cRob\u0103nescu &#8211; Padure\u201d oferim servicii specializate de recuperare medical\u0103 \u0219i reabilitare dedicate copiilor cu afec\u021biuni neuropsihomotorii \u0219i alte tulbur\u0103ri ce afecteaz\u0103 mobilitatea \u0219i dezvoltarea, precum \u0219i adul\u021bilor \u00een cazuri excep\u021bionale.<\/p>\n\n\n\n<p>Ne adres\u0103m copiilor cu v\u00e2rste \u00eentre 0 \u0219i 18 ani, pun\u00e2nd la dispozi\u021bie un cadru multidisciplinar profesionist \u0219i terapii personalizate, menite s\u0103 sus\u021bin\u0103 recuperarea \u0219i integrarea lor social\u0103 \u0219i func\u021bional\u0103.<\/p>\n\n<\/div><\/div>\n\n<div class=\"gb-container gb-container-97ddc147\"><div class=\"gb-inside-container\">\n\n<figure class=\"gb-block-image gb-block-image-3e938582\"><img loading=\"lazy\" decoding=\"async\" width=\"1024\" height=\"683\" class=\"gb-image gb-image-3e938582 image-style img\" src=\"https:\/\/naturalpixel.net\/recuperarecopii\/wp-content\/uploads\/2025\/10\/slider_2-1024x683.jpg\" alt=\"\" title=\"slider_2\" srcset=\"https:\/\/naturalpixel.net\/recuperarecopii\/wp-content\/uploads\/2025\/10\/slider_2-1024x683.jpg 1024w, https:\/\/naturalpixel.net\/recuperarecopii\/wp-content\/uploads\/2025\/10\/slider_2-300x200.jpg 300w, https:\/\/naturalpixel.net\/recuperarecopii\/wp-content\/uploads\/2025\/10\/slider_2-768x512.jpg 768w, https:\/\/naturalpixel.net\/recuperarecopii\/wp-content\/uploads\/2025\/10\/slider_2-1536x1024.jpg 1536w, https:\/\/naturalpixel.net\/recuperarecopii\/wp-content\/uploads\/2025\/10\/slider_2.jpg 1920w\" sizes=\"auto, (max-width: 1024px) 100vw, 1024px\" \/><\/figure>\n\n<\/div><\/div>\n<\/div>\n\n<div class=\"gb-container gb-container-b9cb0291\">\n<div class=\"gb-container gb-container-45c52b73\"><div class=\"gb-inside-container\">\n\n<h2 class=\"gb-headline gb-headline-2ef5adbf gb-headline-text\">Servicii oferite<\/h2>\n\n\n\n<p><strong>Kinetoterapie pediatrica:<\/strong>&nbsp;terapie prin mi\u0219care dedicat\u0103 stimul\u0103rii \u0219i refacerii func\u021biilor motorii, cu tehnici adaptate v\u00e2rstei \u0219i nevoilor specifice ale copilului.<\/p>\n\n\n\n<p><strong>Fizioterapie:<\/strong>&nbsp;folosim metode moderne de electroterapie, laserterapie \u0219i alte proceduri fizice pentru a ameliora durerea, a cre\u0219te mobilitatea \u0219i a accelera vindecarea.<\/p>\n\n\n\n<p><strong>Ergoterapie:<\/strong>&nbsp;activit\u0103\u021bi terapeutice centrate pe dezvoltarea abilit\u0103\u021bilor func\u021bionale de zi cu zi, pentru a sprijini copilul \u00een autonomia sa.<\/p>\n\n\n\n<p><strong>Evalu\u0103ri \u0219i planuri individualizate:<\/strong>&nbsp;medicii speciali\u0219ti \u00eempreun\u0103 cu terapeu\u021bii elaboreaz\u0103 planuri personalizate de tratament conform diagnosticului \u0219i etapei de dezvoltare.<\/p>\n\n\n\n<p><strong>Suport pentru afec\u021biuni diverse:<\/strong>&nbsp;paralizie cerebral\u0103, tulbur\u0103ri de dezvoltare psihomotorie, sechele post-traumatice, probleme ortopedice, tulbur\u0103ri neuromusculare \u0219i alte patologii specifice pediatriei.<\/p>\n\n\n\n<h2 class=\"gb-headline gb-headline-8c3151db gb-headline-text\">Regimuri terapeutice<\/h2>\n\n\n\n<p>Centrul asigur\u0103 servicii at\u00e2t \u00een regim de internare (spitalizare continu\u0103 sau de zi), c\u00e2t \u0219i \u00een regim ambulatoriu, oferind flexibilitate \u0219i continuitate \u00een procesul terapeutic. Serviciile se desf\u0103\u0219oar\u0103 cu echipamente moderne \u0219i tehnici actualizate conform standardelor europene.<\/p>\n\n\n\n<h2 class=\"gb-headline gb-headline-67dd16c7 gb-headline-text\">Echipa multidisciplinar\u0103<\/h2>\n\n\n\n<p>Experien\u021ba \u0219i devotamentul echipei noastre, format\u0103 din medici speciali\u0219ti \u00een recuperare, kinetoterapeu\u021bi, fizioterapeu\u021bi, ergoterapeu\u021bi \u0219i cadre medicale auxiliare, garanteaz\u0103 \u00eengrijire complex\u0103 \u0219i adaptat\u0103 fiec\u0103rui caz, cu implicarea familiei \u00een procesul de recuperare.<\/p>\n\n<\/div><\/div>\n<\/div>\n\n<div class=\"gb-container gb-container-5ab7a396\">\n<div class=\"gb-container gb-container-b4c25fa8\">\n<div class=\"gb-container gb-container-68b8a67a\"><div class=\"gb-inside-container\">\n\n<h3 class=\"gb-headline gb-headline-48dc581d gb-headline-text\">Afec\u021biuni tratate<\/h3>\n\n\n\n<p>Ne adres\u0103m copiilor cu urm\u0103toarele afec\u021biuni, pentru care asigur\u0103m tratament complex \u0219i recuperare personalizat\u0103:<\/p>\n\n\n\n<p class=\"gb-headline gb-headline-19a422a9\"><span class=\"gb-icon\"><svg aria-hidden=\"true\" height=\"1em\" width=\"1em\" viewBox=\"0 0 512 512\" xmlns=\"http:\/\/www.w3.org\/2000\/svg\"><path fill=\"currentColor\" d=\"M256 8C119.033 8 8 119.033 8 256s111.033 248 248 248 248-111.033 248-248S392.967 8 256 8zm0 48c110.532 0 200 89.451 200 200 0 110.532-89.451 200-200 200-110.532 0-200-89.451-200-200 0-110.532 89.451-200 200-200m140.204 130.267l-22.536-22.718c-4.667-4.705-12.265-4.736-16.97-.068L215.346 303.697l-59.792-60.277c-4.667-4.705-12.265-4.736-16.97-.069l-22.719 22.536c-4.705 4.667-4.736 12.265-.068 16.971l90.781 91.516c4.667 4.705 12.265 4.736 16.97.068l172.589-171.204c4.704-4.668 4.734-12.266.067-16.971z\"><\/path><\/svg><\/span><span class=\"gb-headline-text\">Paralizii cerebrale (tetrapareze, parapareze, hemipareze)<\/span><\/p>\n\n\n\n<p class=\"gb-headline gb-headline-1186cbcb\"><span class=\"gb-icon\"><svg aria-hidden=\"true\" height=\"1em\" width=\"1em\" viewBox=\"0 0 512 512\" xmlns=\"http:\/\/www.w3.org\/2000\/svg\"><path fill=\"currentColor\" d=\"M256 8C119.033 8 8 119.033 8 256s111.033 248 248 248 248-111.033 248-248S392.967 8 256 8zm0 48c110.532 0 200 89.451 200 200 0 110.532-89.451 200-200 200-110.532 0-200-89.451-200-200 0-110.532 89.451-200 200-200m140.204 130.267l-22.536-22.718c-4.667-4.705-12.265-4.736-16.97-.068L215.346 303.697l-59.792-60.277c-4.667-4.705-12.265-4.736-16.97-.069l-22.719 22.536c-4.705 4.667-4.736 12.265-.068 16.971l90.781 91.516c4.667 4.705 12.265 4.736 16.97.068l172.589-171.204c4.704-4.668 4.734-12.266.067-16.971z\"><\/path><\/svg><\/span><span class=\"gb-headline-text\">Sechele dup\u0103 traumatisme cranio-cerebrale<\/span><\/p>\n\n\n\n<p class=\"gb-headline gb-headline-b4b61865\"><span class=\"gb-icon\"><svg aria-hidden=\"true\" height=\"1em\" width=\"1em\" viewBox=\"0 0 512 512\" xmlns=\"http:\/\/www.w3.org\/2000\/svg\"><path fill=\"currentColor\" d=\"M256 8C119.033 8 8 119.033 8 256s111.033 248 248 248 248-111.033 248-248S392.967 8 256 8zm0 48c110.532 0 200 89.451 200 200 0 110.532-89.451 200-200 200-110.532 0-200-89.451-200-200 0-110.532 89.451-200 200-200m140.204 130.267l-22.536-22.718c-4.667-4.705-12.265-4.736-16.97-.068L215.346 303.697l-59.792-60.277c-4.667-4.705-12.265-4.736-16.97-.069l-22.719 22.536c-4.705 4.667-4.736 12.265-.068 16.971l90.781 91.516c4.667 4.705 12.265 4.736 16.97.068l172.589-171.204c4.704-4.668 4.734-12.266.067-16.971z\"><\/path><\/svg><\/span><span class=\"gb-headline-text\">Boli neuromusculare<\/span><\/p>\n\n\n\n<p class=\"gb-headline gb-headline-71ae3f3a\"><span class=\"gb-icon\"><svg aria-hidden=\"true\" height=\"1em\" width=\"1em\" viewBox=\"0 0 512 512\" xmlns=\"http:\/\/www.w3.org\/2000\/svg\"><path fill=\"currentColor\" d=\"M256 8C119.033 8 8 119.033 8 256s111.033 248 248 248 248-111.033 248-248S392.967 8 256 8zm0 48c110.532 0 200 89.451 200 200 0 110.532-89.451 200-200 200-110.532 0-200-89.451-200-200 0-110.532 89.451-200 200-200m140.204 130.267l-22.536-22.718c-4.667-4.705-12.265-4.736-16.97-.068L215.346 303.697l-59.792-60.277c-4.667-4.705-12.265-4.736-16.97-.069l-22.719 22.536c-4.705 4.667-4.736 12.265-.068 16.971l90.781 91.516c4.667 4.705 12.265 4.736 16.97.068l172.589-171.204c4.704-4.668 4.734-12.266.067-16.971z\"><\/path><\/svg><\/span><span class=\"gb-headline-text\">Paralizii de plex brahial<\/span><\/p>\n\n\n\n<p class=\"gb-headline gb-headline-96e23801\"><span class=\"gb-icon\"><svg aria-hidden=\"true\" height=\"1em\" width=\"1em\" viewBox=\"0 0 512 512\" xmlns=\"http:\/\/www.w3.org\/2000\/svg\"><path fill=\"currentColor\" d=\"M256 8C119.033 8 8 119.033 8 256s111.033 248 248 248 248-111.033 248-248S392.967 8 256 8zm0 48c110.532 0 200 89.451 200 200 0 110.532-89.451 200-200 200-110.532 0-200-89.451-200-200 0-110.532 89.451-200 200-200m140.204 130.267l-22.536-22.718c-4.667-4.705-12.265-4.736-16.97-.068L215.346 303.697l-59.792-60.277c-4.667-4.705-12.265-4.736-16.97-.069l-22.719 22.536c-4.705 4.667-4.736 12.265-.068 16.971l90.781 91.516c4.667 4.705 12.265 4.736 16.97.068l172.589-171.204c4.704-4.668 4.734-12.266.067-16.971z\"><\/path><\/svg><\/span><span class=\"gb-headline-text\">Neuropatii senzitivo-motorii<\/span><\/p>\n\n\n\n<p class=\"gb-headline gb-headline-dc54d6ee\"><span class=\"gb-icon\"><svg aria-hidden=\"true\" height=\"1em\" width=\"1em\" viewBox=\"0 0 512 512\" xmlns=\"http:\/\/www.w3.org\/2000\/svg\"><path fill=\"currentColor\" d=\"M256 8C119.033 8 8 119.033 8 256s111.033 248 248 248 248-111.033 248-248S392.967 8 256 8zm0 48c110.532 0 200 89.451 200 200 0 110.532-89.451 200-200 200-110.532 0-200-89.451-200-200 0-110.532 89.451-200 200-200m140.204 130.267l-22.536-22.718c-4.667-4.705-12.265-4.736-16.97-.068L215.346 303.697l-59.792-60.277c-4.667-4.705-12.265-4.736-16.97-.069l-22.719 22.536c-4.705 4.667-4.736 12.265-.068 16.971l90.781 91.516c4.667 4.705 12.265 4.736 16.97.068l172.589-171.204c4.704-4.668 4.734-12.266.067-16.971z\"><\/path><\/svg><\/span><span class=\"gb-headline-text\">Tumori cerebrale cu leziuni sechelare postoperatorii<\/span><\/p>\n\n\n\n<p class=\"gb-headline gb-headline-37253561\"><span class=\"gb-icon\"><svg aria-hidden=\"true\" height=\"1em\" width=\"1em\" viewBox=\"0 0 512 512\" xmlns=\"http:\/\/www.w3.org\/2000\/svg\"><path fill=\"currentColor\" d=\"M256 8C119.033 8 8 119.033 8 256s111.033 248 248 248 248-111.033 248-248S392.967 8 256 8zm0 48c110.532 0 200 89.451 200 200 0 110.532-89.451 200-200 200-110.532 0-200-89.451-200-200 0-110.532 89.451-200 200-200m140.204 130.267l-22.536-22.718c-4.667-4.705-12.265-4.736-16.97-.068L215.346 303.697l-59.792-60.277c-4.667-4.705-12.265-4.736-16.97-.069l-22.719 22.536c-4.705 4.667-4.736 12.265-.068 16.971l90.781 91.516c4.667 4.705 12.265 4.736 16.97.068l172.589-171.204c4.704-4.668 4.734-12.266.067-16.971z\"><\/path><\/svg><\/span><span class=\"gb-headline-text\">Malforma\u021bii vasculare cerebrale rupte cu sechele postoperatorii<\/span><\/p>\n\n\n\n<p class=\"gb-headline gb-headline-6e930ebd\"><span class=\"gb-icon\"><svg aria-hidden=\"true\" height=\"1em\" width=\"1em\" viewBox=\"0 0 512 512\" xmlns=\"http:\/\/www.w3.org\/2000\/svg\"><path fill=\"currentColor\" d=\"M256 8C119.033 8 8 119.033 8 256s111.033 248 248 248 248-111.033 248-248S392.967 8 256 8zm0 48c110.532 0 200 89.451 200 200 0 110.532-89.451 200-200 200-110.532 0-200-89.451-200-200 0-110.532 89.451-200 200-200m140.204 130.267l-22.536-22.718c-4.667-4.705-12.265-4.736-16.97-.068L215.346 303.697l-59.792-60.277c-4.667-4.705-12.265-4.736-16.97-.069l-22.719 22.536c-4.705 4.667-4.736 12.265-.068 16.971l90.781 91.516c4.667 4.705 12.265 4.736 16.97.068l172.589-171.204c4.704-4.668 4.734-12.266.067-16.971z\"><\/path><\/svg><\/span><span class=\"gb-headline-text\">Hidrocefalii operate sau stabilizate<\/span><\/p>\n\n\n\n<h4 class=\"wp-block-heading has-base-3-color has-text-color has-link-color wp-elements-e46ceb2bcaff7a1d85fa2b4574dbdd19\">Afec\u021biuni asociate psihiatrice<\/h4>\n\n\n\n<p class=\"gb-headline gb-headline-0619ae24\"><span class=\"gb-icon\"><svg aria-hidden=\"true\" height=\"1em\" width=\"1em\" viewBox=\"0 0 512 512\" xmlns=\"http:\/\/www.w3.org\/2000\/svg\"><path fill=\"currentColor\" d=\"M256 8C119.033 8 8 119.033 8 256s111.033 248 248 248 248-111.033 248-248S392.967 8 256 8zm0 48c110.532 0 200 89.451 200 200 0 110.532-89.451 200-200 200-110.532 0-200-89.451-200-200 0-110.532 89.451-200 200-200m140.204 130.267l-22.536-22.718c-4.667-4.705-12.265-4.736-16.97-.068L215.346 303.697l-59.792-60.277c-4.667-4.705-12.265-4.736-16.97-.069l-22.719 22.536c-4.705 4.667-4.736 12.265-.068 16.971l90.781 91.516c4.667 4.705 12.265 4.736 16.97.068l172.589-171.204c4.704-4.668 4.734-12.266.067-16.971z\"><\/path><\/svg><\/span><span class=\"gb-headline-text\">\u00cent\u00e2rzieri mintale (de la u\u0219oare p\u00e2n\u0103 la severe)<\/span><\/p>\n\n\n\n<p class=\"gb-headline gb-headline-759e0e91\"><span class=\"gb-icon\"><svg aria-hidden=\"true\" height=\"1em\" width=\"1em\" viewBox=\"0 0 512 512\" xmlns=\"http:\/\/www.w3.org\/2000\/svg\"><path fill=\"currentColor\" d=\"M256 8C119.033 8 8 119.033 8 256s111.033 248 248 248 248-111.033 248-248S392.967 8 256 8zm0 48c110.532 0 200 89.451 200 200 0 110.532-89.451 200-200 200-110.532 0-200-89.451-200-200 0-110.532 89.451-200 200-200m140.204 130.267l-22.536-22.718c-4.667-4.705-12.265-4.736-16.97-.068L215.346 303.697l-59.792-60.277c-4.667-4.705-12.265-4.736-16.97-.069l-22.719 22.536c-4.705 4.667-4.736 12.265-.068 16.971l90.781 91.516c4.667 4.705 12.265 4.736 16.97.068l172.589-171.204c4.704-4.668 4.734-12.266.067-16.971z\"><\/path><\/svg><\/span><span class=\"gb-headline-text\">Tulbur\u0103ri pervazive de dezvoltare (autism, sindrom Rett)<\/span><\/p>\n\n\n\n<p class=\"gb-headline gb-headline-c840debf\"><span class=\"gb-icon\"><svg aria-hidden=\"true\" height=\"1em\" width=\"1em\" viewBox=\"0 0 512 512\" xmlns=\"http:\/\/www.w3.org\/2000\/svg\"><path fill=\"currentColor\" d=\"M256 8C119.033 8 8 119.033 8 256s111.033 248 248 248 248-111.033 248-248S392.967 8 256 8zm0 48c110.532 0 200 89.451 200 200 0 110.532-89.451 200-200 200-110.532 0-200-89.451-200-200 0-110.532 89.451-200 200-200m140.204 130.267l-22.536-22.718c-4.667-4.705-12.265-4.736-16.97-.068L215.346 303.697l-59.792-60.277c-4.667-4.705-12.265-4.736-16.97-.069l-22.719 22.536c-4.705 4.667-4.736 12.265-.068 16.971l90.781 91.516c4.667 4.705 12.265 4.736 16.97.068l172.589-171.204c4.704-4.668 4.734-12.266.067-16.971z\"><\/path><\/svg><\/span><span class=\"gb-headline-text\">Tulbur\u0103ri reactive sau de adaptare dup\u0103 traumatisme cranio-cerebrale<\/span><\/p>\n\n\n\n<p class=\"gb-headline gb-headline-db6fa28a\"><span class=\"gb-icon\"><svg aria-hidden=\"true\" height=\"1em\" width=\"1em\" viewBox=\"0 0 512 512\" xmlns=\"http:\/\/www.w3.org\/2000\/svg\"><path fill=\"currentColor\" d=\"M256 8C119.033 8 8 119.033 8 256s111.033 248 248 248 248-111.033 248-248S392.967 8 256 8zm0 48c110.532 0 200 89.451 200 200 0 110.532-89.451 200-200 200-110.532 0-200-89.451-200-200 0-110.532 89.451-200 200-200m140.204 130.267l-22.536-22.718c-4.667-4.705-12.265-4.736-16.97-.068L215.346 303.697l-59.792-60.277c-4.667-4.705-12.265-4.736-16.97-.069l-22.719 22.536c-4.705 4.667-4.736 12.265-.068 16.971l90.781 91.516c4.667 4.705 12.265 4.736 16.97.068l172.589-171.204c4.704-4.668 4.734-12.266.067-16.971z\"><\/path><\/svg><\/span><span class=\"gb-headline-text\">Tulbur\u0103ri de comportament cu diverse cauze<\/span><\/p>\n\n<\/div><\/div>\n<\/div>\n<div class=\"gb-shapes\"><div class=\"gb-shape gb-shape-1\"><svg xmlns=\"http:\/\/www.w3.org\/2000\/svg\" viewBox=\"0 0 1200 218\" preserveAspectRatio=\"none\"><path d=\"M0 218h1200v-31.3l-40 4.4c-40 4.8-120 13.1-200 0-80-13.6-160-48.6-240-66.7-80-17.8-160-17.8-240-8.8-80 8.6-160 26.9-240 8.8-80-17.7-160-71.1-200-97.7L0 0v218z\"\/><\/svg><\/div><div class=\"gb-shape gb-shape-2\"><svg xmlns=\"http:\/\/www.w3.org\/2000\/svg\" viewBox=\"0 0 1200 218\" preserveAspectRatio=\"none\"><path d=\"M0 218h1200v-31.3l-40 4.4c-40 4.8-120 13.1-200 0-80-13.6-160-48.6-240-66.7-80-17.8-160-17.8-240-8.8-80 8.6-160 26.9-240 8.8-80-17.7-160-71.1-200-97.7L0 0v218z\"\/><\/svg><\/div><\/div><\/div>\n\n<div class=\"gb-container gb-container-dcc49191\">\n<div class=\"gb-container gb-container-1f2811d4\"><div class=\"gb-inside-container\">\n\n<h2 class=\"gb-headline gb-headline-a169a635 gb-headline-text\">Echipamente \u0219i facilit\u0103\u021bi<\/h2>\n\n\n\n<p>Centrul dispune de laboratoare moderne pentru explor\u0103ri func\u021bionale, neurofiziologie, analiza multifactorial\u0103 a mi\u0219c\u0103rii, precum \u0219i facilit\u0103\u021bi pentru recuperare robotizat\u0103 a membrelor, toate menite s\u0103 asigure cea mai bun\u0103 \u00eengrijire \u0219i monitorizare a progresului pacientului.<\/p>\n\n<\/div><\/div>\n<\/div>\n\n<div class=\"gb-container gb-container-ef9cf393\">\n<div class=\"gb-container gb-container-2e52666f\"><div class=\"gb-inside-container\">\n\n<h2 class=\"gb-headline gb-headline-2150e0d7 gb-headline-text\">Echipa<\/h2>\n\n\n\n<div class=\"gb-grid-wrapper\">\n<div class=\"team gb-grid-colum\">\n<a href=\"https:\/\/naturalpixel.net\/recuperarecopii\/wp-content\/uploads\/2026\/03\/Dr.-Mihaela-Bejan-medicina-fizica-si-reabilitare.jpeg\">\n<img decoding=\"async\" src=\"https:\/\/naturalpixel.net\/recuperarecopii\/wp-content\/uploads\/2026\/03\/Dr.-Mihaela-Bejan-medicina-fizica-si-reabilitare-768x772.jpeg\" alt=\"Dr. Mihaela Bejan - medicina fizica si reabilitare\" \/><\/a>\n<p><strong>Dr. Mihaela Bejan<\/strong><\/p>\n<p>\u0218ef de Sec\u021bie<\/p>\n<div class=\"expanded\"><p>Medic primar Medicin\u0103 Fizic\u0103 \u0219i de Reabilitare<br \/>\r\nSec\u021bia Clinic\u0103 Recuperare Neuropsihomotorie Copii<br \/>\r\nApiterapie, Fitoterapie \u0219i Aromaterapie, Homeopatie<br \/>\r\nEcografia aparatului locomotor<br \/>\r\nDoctor \u00een \u0218tiin\u021be Medicale<br \/>\r\n<br \/>\r\nInternare: <a href=\"tel:+40736355875\">0736 355 875<\/a> (Miercuri-Joi 13:00-15:00)<br \/>\r\nAmbulatoriu: <a href=\"tel:+40730565575\">0730 565 575<\/a> (Mar\u021bi-Miercuri-Joi 13:00-15:00)<\/p><\/div>\n<\/div>\n<div class=\"team gb-grid-colum\">\n<a href=\"https:\/\/naturalpixel.net\/recuperarecopii\/wp-content\/uploads\/2025\/12\/Dr.-Andrada-Mirea.png\">\n<img decoding=\"async\" src=\"https:\/\/naturalpixel.net\/recuperarecopii\/wp-content\/uploads\/2025\/12\/Dr.-Andrada-Mirea.png\" alt=\"Dr. Andrada Mirea\" \/><\/a>\n<p><strong>Dr. Andrada Mirea<\/strong><\/p>\n<p>Medic specialist Medicinia Fizica<\/p>\n<div class=\"expanded\"><p>Profesor Universitar<br \/>\r\nMedic primar Pediatrie<br \/>\r\nMedic specialist Medicin\u0103 Fizic\u0103 \u0219i de Reabilitare<br \/>\r\nDoctor \u00een \u0218tiin\u021be Medicale, Managementul Serviciilor de S\u0103n\u0103tate<br \/>\r\n<br \/>\r\nProgramari<br \/>\r\nTel: <A href=\"tel:+40 728 310 073\">+40 728 310 073<\/a><\/p><\/div>\n<\/div>\n<div class=\"team gb-grid-colum\">\n<a href=\"https:\/\/naturalpixel.net\/recuperarecopii\/wp-content\/uploads\/2026\/03\/Dr.-Nicoleta-Chiriloi-medicina-fizica-si-de-reabilitare-890x1024.jpeg\">\n<img decoding=\"async\" src=\"https:\/\/naturalpixel.net\/recuperarecopii\/wp-content\/uploads\/2026\/03\/Dr.-Nicoleta-Chiriloi-medicina-fizica-si-de-reabilitare-768x884.jpeg\" alt=\"Dr. Nicoleta Chiriloi - medicina fizica si de reabilitare\" \/><\/a>\n<p><strong>Dr. Nicoleta Chiriloi<\/strong><\/p>\n<p>Medic primar Medicin\u0103 Fizic\u0103 \u0219i de Reabilitare<\/p>\n<div class=\"expanded\"><p>Sec\u021bia Clinic\u0103 Recuperare Neuropsihomotorie Copii<br \/>\r\nAmbulatoriu Integrat<br \/>\r\nEcografia musculoscheletal\u0103 \u00een reabilitarea medical\u0103<br \/>\r\nDoctor \u00een \u0218tiin\u021be Medicale<br \/>\r\n<br \/>\r\nInternare: <a href=\"tel:+40736355875\">0736 355 875<\/a> (Miercuri-Joi 13:00-15:00)<br \/>\r\nAmbulatoriu: <a href=\"tel:+40730565575\">0730 565 575<\/a> (Mar\u021bi-Miercuri-Joi 13:00-15:00)<\/p><\/div>\n<\/div>\n<div class=\"team gb-grid-colum\">\n<a href=\"https:\/\/naturalpixel.net\/recuperarecopii\/wp-content\/uploads\/2026\/03\/Dr.-Anca-Grigoriu-893x1024.jpeg\">\n<img decoding=\"async\" src=\"https:\/\/naturalpixel.net\/recuperarecopii\/wp-content\/uploads\/2026\/03\/Dr.-Anca-Grigoriu-768x880.jpeg\" alt=\"Dr. Anca Grigoriu\" \/><\/a>\n<p><strong>Dr. Anca Irina Grigoriu<\/strong><\/p>\n<p>Medic primar Medicin\u0103 Fizic\u0103 \u0219i de Reabilitare<\/p>\n<div class=\"expanded\"><p>Sec\u021bia Clinic\u0103 Recuperare Neuropsihomotorie Copii<br \/>\r\nAmbulatoriu Integrat<br \/>\r\nDoctor \u00een \u0218tiin\u021be Medicale<br \/>\r\n<br \/>\r\nAnaliz\u0103 mers: <a href=\"tel:+40723130374\">0723 130 374<\/a> (Luni-Vineri 13:00-15:00)<br \/>\r\nAmbulatoriu: <a href=\"tel:+40730565575\">0730 565 575<\/a><\/p><\/div>\n<\/div>\n<div class=\"team gb-grid-colum\">\n<a href=\"https:\/\/naturalpixel.net\/recuperarecopii\/wp-content\/uploads\/2026\/03\/Dr.-Raluca-Petcu-medicina-fizica-si-de-reabilitare-886x1024.jpeg\">\n<img decoding=\"async\" src=\"https:\/\/naturalpixel.net\/recuperarecopii\/wp-content\/uploads\/2026\/03\/Dr.-Raluca-Petcu-medicina-fizica-si-de-reabilitare-768x888.jpeg\" alt=\"Dr. Raluca Petcu - medicina fizica si de reabilitare\" \/><\/a>\n<p><strong>Dr. Irina Raluca Petcu<\/strong><\/p>\n<p>Medic primar Medicin\u0103 Fizic\u0103 \u0219i de Reabilitare<\/p>\n<div class=\"expanded\"><p>Sec\u021bia Clinic\u0103 Recuperare, Spitalizare de Zi<br \/>\r\nEcografia musculoscheletal\u0103<br \/>\r\nDoctor \u00een \u0218tiin\u021be Medicale<br \/>\r\n<br \/>\r\nInternare: <a href=\"tel:+40730555243\">0730 555 243<\/a> (Miercuri-Joi 13:00-15:00)<br \/>\r\nAmbulatoriu: <a href=\"tel:+40730565575\">0730 565 575<\/a> (Mar\u021bi-Miercuri-Joi 13:00-15:00)<\/p><\/div>\n<\/div>\n<div class=\"team gb-grid-colum\">\n<a href=\"https:\/\/naturalpixel.net\/recuperarecopii\/wp-content\/uploads\/2026\/03\/Dr.-Diana-Carabageac-medicina-fizica-si-de-reabilitare-751x1024.jpeg\">\n<img decoding=\"async\" src=\"https:\/\/naturalpixel.net\/recuperarecopii\/wp-content\/uploads\/2026\/03\/Dr.-Diana-Carabageac-medicina-fizica-si-de-reabilitare-768x1047.jpeg\" alt=\"Dr. Diana Carabageac - medicina fizica si de reabilitare\" \/><\/a>\n<p><strong>Dr. Diana Elena Carabageac<\/strong><\/p>\n<p>Medic specialist Medicin\u0103 Fizic\u0103 \u0219i de Reabilitare<\/p>\n<div class=\"expanded\"><p>Internare: <a href=\"tel:+40730555243\">0730 555 243<\/a> (Miercuri-Joi 13:00-15:00)<br \/>\r\nAmbulatoriu: <a href=\"tel:+40730565575\">0730 565 575<\/a><\/p><\/div>\n<\/div><\/div>\n\n<\/div><\/div>\n<\/div>","protected":false},"excerpt":{"rendered":"<p>La Centrul Na\u021bional Clinic de Recuperare Neuropsihomotorie Copii \u201cRob\u0103nescu &#8211; Padure\u201d oferim servicii specializate de recuperare medical\u0103 \u0219i reabilitare dedicate copiilor cu afec\u021biuni neuropsihomotorii \u0219i alte tulbur\u0103ri ce afecteaz\u0103 mobilitatea \u0219i dezvoltarea, precum \u0219i adul\u021bilor \u00een cazuri excep\u021bionale. Ne adres\u0103m copiilor cu v\u00e2rste \u00eentre 0 \u0219i 18 ani, pun\u00e2nd la dispozi\u021bie un cadru multidisciplinar profesionist &#8230; <a title=\"Recuperare Medical\u0103 Copii, Medicin\u0103 Fizic\u0103 \u0219i Reabilitare\" class=\"read-more\" href=\"https:\/\/naturalpixel.net\/recuperarecopii\/recuperare-medicala-copii-medicina-fizica-si-reabilitare\/\" aria-label=\"Read more about Recuperare Medical\u0103 Copii, Medicin\u0103 Fizic\u0103 \u0219i Reabilitare\">Read more<\/a><\/p>\n","protected":false},"author":1,"featured_media":0,"parent":0,"menu_order":0,"comment_status":"closed","ping_status":"closed","template":"","meta":{"footnotes":""},"class_list":["post-4665","page","type-page","status-publish"],"_links":{"self":[{"href":"https:\/\/naturalpixel.net\/recuperarecopii\/wp-json\/wp\/v2\/pages\/4665","targetHints":{"allow":["GET"]}}],"collection":[{"href":"https:\/\/naturalpixel.net\/recuperarecopii\/wp-json\/wp\/v2\/pages"}],"about":[{"href":"https:\/\/naturalpixel.net\/recuperarecopii\/wp-json\/wp\/v2\/types\/page"}],"author":[{"embeddable":true,"href":"https:\/\/naturalpixel.net\/recuperarecopii\/wp-json\/wp\/v2\/users\/1"}],"replies":[{"embeddable":true,"href":"https:\/\/naturalpixel.net\/recuperarecopii\/wp-json\/wp\/v2\/comments?post=4665"}],"version-history":[{"count":21,"href":"https:\/\/naturalpixel.net\/recuperarecopii\/wp-json\/wp\/v2\/pages\/4665\/revisions"}],"predecessor-version":[{"id":4826,"href":"https:\/\/naturalpixel.net\/recuperarecopii\/wp-json\/wp\/v2\/pages\/4665\/revisions\/4826"}],"wp:attachment":[{"href":"https:\/\/naturalpixel.net\/recuperarecopii\/wp-json\/wp\/v2\/media?parent=4665"}],"curies":[{"name":"wp","href":"https:\/\/api.w.org\/{rel}","templated":true}]}}