{"id":3583,"date":"2020-12-07T18:06:07","date_gmt":"2020-12-07T18:06:07","guid":{"rendered":"https:\/\/gpsites.co\/donate\/?page_id=3583"},"modified":"2026-03-18T07:55:48","modified_gmt":"2026-03-18T07:55:48","slug":"contact","status":"publish","type":"page","link":"https:\/\/naturalpixel.net\/recuperarecopii\/contact\/","title":{"rendered":"Contact"},"content":{"rendered":"<div class=\"gb-container gb-container-b097da39\">\n<div class=\"gb-container gb-container-74988f7a\">\n\n<p class=\"gb-headline gb-headline-60619b97\"><span class=\"gb-icon\"><svg aria-hidden=\"true\" height=\"1em\" width=\"1em\" viewBox=\"0 0 384 512\" xmlns=\"http:\/\/www.w3.org\/2000\/svg\"><path fill=\"currentColor\" d=\"M172.268 501.67C26.97 291.031 0 269.413 0 192 0 85.961 85.961 0 192 0s192 85.961 192 192c0 77.413-26.97 99.031-172.268 309.67-9.535 13.774-29.93 13.773-39.464 0zM192 272c44.183 0 80-35.817 80-80s-35.817-80-80-80-80 35.817-80 80 35.817 80 80 80z\"><\/path><\/svg><\/span><span class=\"gb-headline-text\"><strong>Adresa:<br><\/strong><a href=\"https:\/\/maps.app.goo.gl\/2R9h6Eb1KTees1qK7\" data-type=\"link\" data-id=\"https:\/\/maps.app.goo.gl\/2R9h6Eb1KTees1qK7\" target=\"_blank\" rel=\"noopener\">Str. Dumitru Minca, nr.44, sector 4, BUCURESTI<\/a><\/span><\/p>\n\n\n\n<p class=\"gb-headline gb-headline-91baf631\"><span class=\"gb-icon\"><svg aria-hidden=\"true\" height=\"1em\" width=\"1em\" viewBox=\"0 0 512 512\" xmlns=\"http:\/\/www.w3.org\/2000\/svg\"><path fill=\"currentColor\" d=\"M493.4 24.6l-104-24c-11.3-2.6-22.9 3.3-27.5 13.9l-48 112c-4.2 9.8-1.4 21.3 6.9 28l60.6 49.6c-36 76.7-98.9 140.5-177.2 177.2l-49.6-60.6c-6.8-8.3-18.2-11.1-28-6.9l-112 48C3.9 366.5-2 378.1.6 389.4l24 104C27.1 504.2 36.7 512 48 512c256.1 0 464-207.5 464-464 0-11.2-7.7-20.9-18.6-23.4z\"><\/path><\/svg><\/span><span class=\"gb-headline-text\"><a href=\"tel:+40 73 055 5243\">+40 73 055 5243<\/a><\/span><\/p>\n\n\n\n<p class=\"gb-headline gb-headline-dd7571f4\"><span class=\"gb-icon\"><svg aria-hidden=\"true\" height=\"1em\" width=\"1em\" viewBox=\"0 0 512 512\" xmlns=\"http:\/\/www.w3.org\/2000\/svg\"><path fill=\"currentColor\" d=\"M493.4 24.6l-104-24c-11.3-2.6-22.9 3.3-27.5 13.9l-48 112c-4.2 9.8-1.4 21.3 6.9 28l60.6 49.6c-36 76.7-98.9 140.5-177.2 177.2l-49.6-60.6c-6.8-8.3-18.2-11.1-28-6.9l-112 48C3.9 366.5-2 378.1.6 389.4l24 104C27.1 504.2 36.7 512 48 512c256.1 0 464-207.5 464-464 0-11.2-7.7-20.9-18.6-23.4z\"><\/path><\/svg><\/span><span class=\"gb-headline-text\">Fax: 0372 893 331<\/span><\/p>\n\n\n\n<p class=\"gb-headline gb-headline-a82def16\"><span class=\"gb-icon\"><svg aria-hidden=\"true\" height=\"1em\" width=\"1em\" viewBox=\"0 0 512 512\" xmlns=\"http:\/\/www.w3.org\/2000\/svg\"><path fill=\"currentColor\" d=\"M464 64H48C21.49 64 0 85.49 0 112v288c0 26.51 21.49 48 48 48h416c26.51 0 48-21.49 48-48V112c0-26.51-21.49-48-48-48zm0 48v40.805c-22.422 18.259-58.168 46.651-134.587 106.49-16.841 13.247-50.201 45.072-73.413 44.701-23.208.375-56.579-31.459-73.413-44.701C106.18 199.465 70.425 171.067 48 152.805V112h416zM48 400V214.398c22.914 18.251 55.409 43.862 104.938 82.646 21.857 17.205 60.134 55.186 103.062 54.955 42.717.231 80.509-37.199 103.053-54.947 49.528-38.783 82.032-64.401 104.947-82.653V400H48z\"><\/path><\/svg><\/span><span class=\"gb-headline-text\"><a href=\"mailto:secretariat@recuperarecopii.ro\">secretariat@recuperarecopii.ro<\/a><\/span><\/p>\n\n<\/div>\n\n<div class=\"gb-container gb-container-5aa30eb6\">\n\n<p><\/p>\n\n<\/div>\n<\/div>\n\n<div class=\"gb-container gb-container-10c052bf\">\n<div class=\"gb-container gb-container-d8bbdba9\">\n\n<h2 class=\"gb-text\">INTERIOR TELEFOANE<\/h2>\n\n\n\n<figure class=\"wp-block-table\"><table class=\"has-fixed-layout\"><tbody><tr><td>Prof. Univ. Dr. Mirea Andrada, medic primar Pediatrie, medic specialist Medicin\u0103 Fizic\u0103 \u0219i de&nbsp;Reabilitare, Doctor \u00een Medicin\u0103, Director Medical<\/td><td>111<\/td><\/tr><tr><td>Dr. Adam Nicolae Cristian, medic primar Psihiatrie Pediatric\u0103<\/td><td>126<\/td><\/tr><tr><td>Dr. B\u0103dina Mihaela, medic primar Medicin\u0103 de Laborator, Doctor \u00een Medicin\u0103<\/td><td>154<\/td><\/tr><tr><td>Dr. Bejan Mihaela, medic primar RMFB \u2013 \u0218ef de Sec\u021bie Clinic\u0103 Recuperare Neuropsihomotorie Copii<\/td><td>132<\/td><\/tr><tr><td>Dr. Bercu Cristian, medic primar Medicin\u0103 de Laborator \u2013 \u0218ef de Laborator<\/td><td>153<\/td><\/tr><tr><td>Dr. Carabageac Diana Elena, medic specialist Medicin\u0103 Fizic\u0103 \u0219i de Reabilitare<\/td><td>161<\/td><\/tr><tr><td>Dr. Chiriloi Nicoleta, medic primar Medicin\u0103 Fizic\u0103 \u0219i de Reabilitare<\/td><td>138<\/td><\/tr><tr><td>Dr. Costache Gabriela, medic specialist Psihiatrie Pediatric\u0103<\/td><td>126<\/td><\/tr><tr><td>Dr. Craia Ala, medic primar Epidemiologie<\/td><td>194<\/td><\/tr><tr><td>Dr. Croitoru Raluca Leti\u021bia, medic primar Radiologie \u2013 Imagistic\u0103 Medical\u0103 \u2013 RX<\/td><td>201<\/td><\/tr><tr><td>Dr. Dr\u0103g\u0103nici Roxana Amelia, medic primar Pediatrie<\/td><td>166<\/td><\/tr><tr><td>Dr. Georgescu Ileana, medic primar Ortopedie Pediatric\u0103, Doctor \u00een Medicin\u0103<\/td><td>128<\/td><\/tr><tr><td>Dr. Gheorghe Fronea Andra Ivona, medic primar Endocrinologie \u2013 DXA<\/td><td>161<\/td><\/tr><tr><td>Dr. Grigora\u0219 Petru Florin, medic specialist ATI<\/td><td>158<\/td><\/tr><tr><td>Dr. Grigoriu Anca Irina, medic primar RMFB, Doctor \u00een Medicin\u0103 \u2013 Analiza Multifactorial\u0103 a Mi\u0219c\u0103rii<\/td><td>127<\/td><\/tr><tr><td>Dr. Guliman Andreea, medic specialist Radiologie \u2013 Imagistic\u0103 Medical\u0103 \u2013 RMN<\/td><td>196<\/td><\/tr><tr><td>Dr. Leanca M\u0103d\u0103lina Cristina, medic primar Neurologie Pediatric\u0103, Doctorand \u2013 EEG<\/td><td>141<\/td><\/tr><tr><td>Dr. Morcov Cristian Gabriel, medic primar MF, Doctor \u00een Medicin\u0103<\/td><td>145<\/td><\/tr><tr><td>Dr. Neagu Elena, medic primar Genetic\u0103 Medical\u0103<\/td><td>153, 154<\/td><\/tr><tr><td>Dr. Nicolae Georgiana \u2013 medic specialist Cardiologie Pediatric\u0103, Medic primar Pediatrie, Asist. Univ., Doctor \u00een Medicin\u0103 \u2013 Ecocardiografie general\u0103<\/td><td>150<\/td><\/tr><tr><td>Dr. Petcu Irina Raluca, medic primar Medicin\u0103 Fizic\u0103 \u0219i de Reabilitare, Doctorand&nbsp;<\/td><td>138<\/td><\/tr><tr><td>Dr. Roman Iulia Mara, medic specialist Radiologie \u2013 Imagistic\u0103 Medical\u0103 \u2013 RMN<\/td><td>196<\/td><\/tr><tr><td>Dr. Shelby Elena Silvia, medic primar Genetic\u0103 Medical\u0103, Doctor \u00een Medicin\u0103, C\u0218<\/td><td>124<\/td><\/tr><tr><td>Dr. Vasile Daniela Dorina, medic primar Neurologie Pediatric\u0103 \u2013 EEG, EMG<\/td><td>137<\/td><\/tr><tr><td>Compartiment de Educa\u021bie Terapeutic\u0103 \u2013 Asist. Univ. Dr. Psiholog principal Morcov Maria Veronica, Doctor \u00een Medicin\u0103<\/td><td>134<\/td><\/tr><tr><td>Asist. Med. \u0218ef Bordeianu Corina Sanda<\/td><td>119<\/td><\/tr><tr><td>Sal\u0103 Tratamente &#8211; parter<\/td><td>139<\/td><\/tr><tr><td>Sal\u0103 Tratamente &#8211; etaj 1<\/td><td>166<\/td><\/tr><tr><td>Laborator RMFB (Baza de tratament) \u2013 Kt. Minea R\u0103zvan \u0218tefan<\/td><td>121<\/td><\/tr><tr><td>Ergoterapie 1<\/td><td>142<\/td><\/tr><tr><td>Ergoterapie 2<\/td><td>144<\/td><\/tr><tr><td>Farmacie<\/td><td>116<\/td><\/tr><tr><td>EEG Somn<\/td><td>162<\/td><\/tr><tr><td>Compartiment Achizi\u021bii Publice, Contractare<\/td><td>113<\/td><\/tr><tr><td>Compartiment Evaluare \u0219i Statistic\u0103 Medical\u0103<\/td><td>119<\/td><\/tr><tr><td>Compartiment Financiar-Contabilitate<\/td><td>136<\/td><\/tr><tr><td>Compartiment Juridic \u2013 Consilier Juridic Iubi\u0219 Oana Carmen<\/td><td>160<\/td><\/tr><tr><td>Compartiment Tehnic<\/td><td>140<\/td><\/tr><tr><td>Serviciul Administrativ<\/td><td>140<\/td><\/tr><tr><td>Serviciul RUNOS<\/td><td>112<\/td><\/tr><tr><td>Poarta<\/td><td>111<\/td><\/tr><\/tbody><\/table><\/figure>\n\n<\/div>\n<\/div>","protected":false},"excerpt":{"rendered":"<p>Adresa:Str. Dumitru Minca, nr.44, sector 4, BUCURESTI +40 73 055 5243 Fax: 0372 893 331 secretariat@recuperarecopii.ro INTERIOR TELEFOANE Prof. Univ. Dr. Mirea Andrada, medic primar Pediatrie, medic specialist Medicin\u0103 Fizic\u0103 \u0219i de&nbsp;Reabilitare, Doctor \u00een Medicin\u0103, Director Medical 111 Dr. Adam Nicolae Cristian, medic primar Psihiatrie Pediatric\u0103 126 Dr. B\u0103dina Mihaela, medic primar Medicin\u0103 de Laborator, &#8230; <a title=\"Contact\" class=\"read-more\" href=\"https:\/\/naturalpixel.net\/recuperarecopii\/contact\/\" aria-label=\"Read more about Contact\">Read more<\/a><\/p>\n","protected":false},"author":1,"featured_media":0,"parent":0,"menu_order":0,"comment_status":"closed","ping_status":"closed","template":"","meta":{"footnotes":""},"class_list":["post-3583","page","type-page","status-publish"],"_links":{"self":[{"href":"https:\/\/naturalpixel.net\/recuperarecopii\/wp-json\/wp\/v2\/pages\/3583","targetHints":{"allow":["GET"]}}],"collection":[{"href":"https:\/\/naturalpixel.net\/recuperarecopii\/wp-json\/wp\/v2\/pages"}],"about":[{"href":"https:\/\/naturalpixel.net\/recuperarecopii\/wp-json\/wp\/v2\/types\/page"}],"author":[{"embeddable":true,"href":"https:\/\/naturalpixel.net\/recuperarecopii\/wp-json\/wp\/v2\/users\/1"}],"replies":[{"embeddable":true,"href":"https:\/\/naturalpixel.net\/recuperarecopii\/wp-json\/wp\/v2\/comments?post=3583"}],"version-history":[{"count":4,"href":"https:\/\/naturalpixel.net\/recuperarecopii\/wp-json\/wp\/v2\/pages\/3583\/revisions"}],"predecessor-version":[{"id":4947,"href":"https:\/\/naturalpixel.net\/recuperarecopii\/wp-json\/wp\/v2\/pages\/3583\/revisions\/4947"}],"wp:attachment":[{"href":"https:\/\/naturalpixel.net\/recuperarecopii\/wp-json\/wp\/v2\/media?parent=3583"}],"curies":[{"name":"wp","href":"https:\/\/api.w.org\/{rel}","templated":true}]}}