{"id":3575,"date":"2020-12-07T18:05:20","date_gmt":"2020-12-07T18:05:20","guid":{"rendered":"https:\/\/gpsites.co\/donate\/?page_id=3575"},"modified":"2026-03-12T12:24:42","modified_gmt":"2026-03-12T12:24:42","slug":"about","status":"publish","type":"page","link":"https:\/\/naturalpixel.net\/recuperarecopii\/about\/","title":{"rendered":"About"},"content":{"rendered":"\n<div class=\"gb-element-f40d29ca\">\n<h2 class=\"gb-headline gb-headline-d7a58a78 gb-headline-text\">ISTORIC<\/h2>\n\n\n\n<p>Structura pe care s-a constituit actualul Centrul Na\u021bional Clinic de Recuperare Neuropsihomotorie Copii \u201cRob\u0103nescu &#8211; P\u0103dure\u201d a fost prima Sec\u021bie de recuperare func\u021bional\u0103 a copiilor cu deficien\u021be fizice \u0219i neuropsihomotorii din Rom\u00e2nia, \u00eenfiin\u0163at\u0103 la Spitalul de Copii C\u0103l\u0103ra\u0219i, \u00een 1968, de c\u0103tre Dr. Nicolae Rob\u0103nescu, creator f\u0103r\u0103 portofoliu de \u015fcoal\u0103 de recuperare pentru copii, al c\u0103rui nume \u00eel poart\u0103 Centrul nostru.<\/p>\n\n\n\n<p>Dup\u0103 cutremurul din 1977, Sec\u0163ia a fost mutat\u0103 \u00een fosta Maternitate Avrig (actualul sediu al Direc\u021biei de S\u0103n\u0103tate Public\u0103 a Municipiului Bucure\u0219ti), iar din 1993 Sec\u021bia a func\u0163ionat \u00een pavilionul Spitalului \u201cM. S. Curie\u201d p\u00e2n\u0103 \u00een 2006, c\u00e2nd la 17 mai \u00een Raportul de \u021bar\u0103, Rom\u00e2niei i s-a impus \u00eentocmirea strategiei copilului deficient fizic. Parlamentul Rom\u00e2niei a dat Legea nr. 377 din 2006, pentru \u00eenfiin\u021barea Centrului Medical Clinic de Recuperare Neuropsihomotorie pentru Copii \u201cDr. Nicolae Rob\u0103nescu\u201d pe structura fostei Sec\u021bii de Recuperare a Spitalului \u201cM. S. Curie\u201d.<\/p>\n\n\n\n<p>Din martie 2007, Centrul are personalitate juridic\u0103, se afl\u0103 \u00een subordinea Ministerului S\u0103n\u0103t\u0103\u021bii, este o structur\u0103 de tip european, conectat\u0103 academic la Universitatea de Medicin\u0103 \u0219i Farmacie \u201cCarol Davila\u201d. Centrul este singura clinic\u0103 universitar\u0103 de recuperare copii din \u021bar\u0103, av\u00e2nd menirea s\u0103 preg\u0103teasc\u0103 toate cadrele sanitare (medici \u0219i terapeu\u021bi) care lucreaz\u0103 \u00een recuperarea copilului<\/p>\n\n\n\n<p>Din 2013, Centrul, prin Ordinul nr. 770 emis de Ministerul S\u0103n\u0103t\u0103\u021bii, s-a transformat \u00een Centrul Na\u021bional Clinic de Recuperare Neuropsihomotorie Copii \u201cDr. Nicolae Rob\u0103nescu\u201d .<\/p>\n\n\n\n<p>Din 18.09.2025, conform Ordinului nr. 1016 emis de Ministerul S\u0103n\u0103t\u0103\u021bii, Centrul \u0219i-a schimbat denumirea \u00een Centrul Na\u021bional Clinic de Recuperare Neuropsihomotorie Copii \u201cRob\u0103nescu &#8211; P\u0103dure\u201d.<\/p>\n\n\n\n<h3 class=\"wp-block-heading\">TIPUL \u015eI PROFILUL<\/h3>\n\n\n\n<p>Centrul Na\u021bional Clinic de Recuperare Neuropsihomotorie Copii \u201cRob\u0103nescu &#8211; P\u0103dure\u201d este structur\u0103 unic\u0103 \u00een Rom\u00e2nia, de tip european, spital clinic tip monospecialitate, de recuperare neuropsihomotorie a copilului.<\/p>\n\n\n\n<p>Este institu\u0163ie de interes public na\u0163ional, \u00een domeniul public.<\/p>\n\n\n\n<p>Centrul este clasificat \u00een categoria II M.<\/p>\n\n\n\n<p>Mauris eros etiam praesent volutpat posuere. Metus fringilla ullamcorper odio aliquam lacinia conubia mauris tempor etiam ultricies proin quisque lectus sociis tristique integer phasellus inceptos taciti pretium adipiscing praesent lobortis morbi cras magna vivamus per risus fermentum tortor sagittis ligula.<\/p>\n\n\n\n<h3 class=\"wp-block-heading\">MISIUNEA, VIZIUNEA \u015eI VALORILE CENTRULUI NA\u021aIONAL CLINIC DE RECUPERARE NEUROPSIHOMOTORIE COPII \u201cDR. NICOLAE ROBANESCU<\/h3>\n\n\n\n<p><strong>Misiunea&nbsp;<\/strong>Centrului este de a p\u0103stra statutul de Centru de excelen\u0163\u0103 \u00een domeniul \u00eengrijirilor de s\u0103n\u0103tate personalizate, care s\u0103 rezolve patologia copiilor cu deficien\u0163e neuropsihomotorii \u00een cel mai bun \u015fi eficient mod posibil \u015fi totodat\u0103, de a promova dezvoltarea cercet\u0103rii \u015ftiin\u0163ifice de profil \u015fi de a asigura formarea de speciali\u015fti \u00een domeniul recuper\u0103rii copilului.<\/p>\n\n\n\n<p><strong>Viziunea&nbsp;<\/strong>Centrului este de a crea un cadru de organizare profesionist pentru serviciile de s\u0103n\u0103tate care ofer\u0103 \u00een\u0163elegerea, suportul \u015fi ajutorul terapeutic oferit pacien\u0163ilor, etalon al profesionalismului \u015fi calit\u0103\u0163ii serviciilor, \u00eentr-un mediu pl\u0103cut, cu un program de lucru accesibil utilizatorilor, folosind \u00een mod adecvat resursele.<\/p>\n\n\n\n<p><strong>Valorile dup\u0103 care ne organiz\u0103m activitatea:<\/strong><\/p>\n\n\n\n<p><em><strong>Profesionalism<\/strong>:<\/em>&nbsp;Ne str\u0103duim ca pacien\u0163ii s\u0103 primeasc\u0103 servicii medicale de calitate \u0219i sigure.<\/p>\n\n\n\n<p><strong><em>Comunicare eficient\u0103<\/em>:<\/strong>&nbsp;Beneficiarii s\u0103 primeasc\u0103 informa\u0163iile \u015fi r\u0103spunsurile adecvate.<\/p>\n\n\n\n<p><em><strong>Colaborare bun\u0103<\/strong>:<\/em>&nbsp;Speciali\u015ftii s\u0103 ia decizii \u00een comun cu pacien\u0163ii\/ apar\u0163in\u0103torii pentru a \u00eenv\u0103\u0163a s\u0103 \u015fi le asume.<\/p>\n\n\n\n<p><strong><em>Demnitate, respect \u015fi<\/em><em>&nbsp;confiden\u0163ialitate<\/em><\/strong><em>.<\/em><\/p>\n\n\n\n<p><em><strong>Siguran\u0163\u0103<\/strong>:<\/em>&nbsp;Asumarea responsabilit\u0103\u0163ii de a \u00eembun\u0103t\u0103\u0163i \u00een mod constant o cultur\u0103 care s\u0103 asigure siguran\u0163a \u015fi bun\u0103starea tuturor pacien\u0163ilor, vizitatorilor \u015fi personalului.<\/p>\n\n\n\n<p><em><strong>Integritate<\/strong>:<\/em>&nbsp;Deciziile, ac\u0163iunile \u015fi comportamentele noastre s\u0103 se bazeze pe onestitate, \u00eencredere, corectitudine, precum \u015fi pe standarde etice.<\/p>\n\n\n\n<p><em><strong>Munca \u00een echip\u0103<\/strong>:<\/em>&nbsp;Mobilizare salvatoare, respect reciproc.<\/p>\n\n\n\n<p><strong><em>Optimizarea<\/em>\u00a0raportului cost\/ calitate pentru serviciile oferite<\/strong>.<br><br><\/p>\n\n\n\n<h3 class=\"wp-block-heading\">DINAMIZAREA STRATEGIEI CENTRULUI NA\u021aIONAL CLINIC DE RECUPERARE NEUROPSIHOMOTORIE COPII \u201cROB\u0102NESCU &#8211; P\u0102DURE\u201d<\/h3>\n\n\n\n<p>Este realizabil\u0103 prin mobilizarea \u00eentregului personal \u0219i implicarea \u00een ceea ce prive\u015fte nevoile \u015fi posibilit\u0103\u0163ile de dezvoltare ale Centrului.<\/p>\n\n\n\n<p>Personalul medical, paramedical \u0219i administrativ trebuie consultat permanent cu privire la viziunea asupra dezvolt\u0103rii Centrului, \u00een concordan\u0163\u0103 cu dezvoltarea \u015ftiin\u0163ei \u015fi tehnicii \u00een domeniu.<\/p>\n\n\n\n<p>Colectivul trebuie s\u0103 fie \u00eentr-o permanent\u0103 competi\u0163ie de prezentare a experien\u0163ei personale, a literaturii citite, a experien\u0163ei altor Centre \u0219i a noilor metode de recuperare neuropsihomotorie.<\/p>\n\n\n\n<p>\u00cen cadrul Centrului sunt organizate prezent\u0103ri (despre nout\u0103\u021bile aduse \u00een domeniu, studii de caz) cu personalul interesat, de c\u0103tre angaja\u021bii care au fost instrui\u021bi prin cursuri, work-shop-uri, care au participat la conferin\u021be \u00een \u021bar\u0103 \u0219i \u00een str\u0103in\u0103tate.<\/p>\n<\/div>\n\n\n\n<p><\/p>\n","protected":false},"excerpt":{"rendered":"<p>ISTORIC Structura pe care s-a constituit actualul Centrul Na\u021bional Clinic de Recuperare Neuropsihomotorie Copii \u201cRob\u0103nescu &#8211; P\u0103dure\u201d a fost prima Sec\u021bie de recuperare func\u021bional\u0103 a copiilor cu deficien\u021be fizice \u0219i neuropsihomotorii din Rom\u00e2nia, \u00eenfiin\u0163at\u0103 la Spitalul de Copii C\u0103l\u0103ra\u0219i, \u00een 1968, de c\u0103tre Dr. Nicolae Rob\u0103nescu, creator f\u0103r\u0103 portofoliu de \u015fcoal\u0103 de recuperare pentru copii, &#8230; <a title=\"About\" class=\"read-more\" href=\"https:\/\/naturalpixel.net\/recuperarecopii\/about\/\" aria-label=\"Read more about About\">Read more<\/a><\/p>\n","protected":false},"author":1,"featured_media":0,"parent":0,"menu_order":0,"comment_status":"closed","ping_status":"closed","template":"","meta":{"footnotes":""},"class_list":["post-3575","page","type-page","status-publish"],"_links":{"self":[{"href":"https:\/\/naturalpixel.net\/recuperarecopii\/wp-json\/wp\/v2\/pages\/3575","targetHints":{"allow":["GET"]}}],"collection":[{"href":"https:\/\/naturalpixel.net\/recuperarecopii\/wp-json\/wp\/v2\/pages"}],"about":[{"href":"https:\/\/naturalpixel.net\/recuperarecopii\/wp-json\/wp\/v2\/types\/page"}],"author":[{"embeddable":true,"href":"https:\/\/naturalpixel.net\/recuperarecopii\/wp-json\/wp\/v2\/users\/1"}],"replies":[{"embeddable":true,"href":"https:\/\/naturalpixel.net\/recuperarecopii\/wp-json\/wp\/v2\/comments?post=3575"}],"version-history":[{"count":5,"href":"https:\/\/naturalpixel.net\/recuperarecopii\/wp-json\/wp\/v2\/pages\/3575\/revisions"}],"predecessor-version":[{"id":4927,"href":"https:\/\/naturalpixel.net\/recuperarecopii\/wp-json\/wp\/v2\/pages\/3575\/revisions\/4927"}],"wp:attachment":[{"href":"https:\/\/naturalpixel.net\/recuperarecopii\/wp-json\/wp\/v2\/media?parent=3575"}],"curies":[{"name":"wp","href":"https:\/\/api.w.org\/{rel}","templated":true}]}}