{"id":3573,"date":"2020-12-07T18:05:01","date_gmt":"2020-12-07T18:05:01","guid":{"rendered":"https:\/\/gpsites.co\/donate\/?page_id=3573"},"modified":"2026-04-05T06:26:27","modified_gmt":"2026-04-05T06:26:27","slug":"home","status":"publish","type":"page","link":"https:\/\/naturalpixel.net\/recuperarecopii\/","title":{"rendered":"Home"},"content":{"rendered":"<div class=\"gb-container gb-container-79bb67ca\">\n<div class=\"gb-container gb-container-1f374ffb\">\n<div class=\"gb-container gb-container-7e1173fb\">\n\n<h1 class=\"wp-block-heading has-base-3-color has-text-color has-link-color wp-elements-86130a1f57de6a162b48cd77fb8ac03f\">Centrul National Clinic de Recuperare Neuropsihomotorie Copii<\/h1>\n\n\n\n<h1 class=\"gb-headline gb-headline-d3968179 gb-headline-text\">Robanescu &#8211; Padure<\/h1>\n\n\n\n<p class=\"gb-headline gb-headline-7146ed23 gb-headline-text\"><\/p>\n\n\n\n<a class=\"gb-button gb-button-78b4acef gb-button-text\" href=\"https:\/\/gpsites.co\/donate\/ways-to-help\/\" target=\"_blank\" rel=\"noopener\">Programari<\/a>\n\n<\/div>\n<\/div>\n<div class=\"gb-shapes\"><div class=\"gb-shape gb-shape-1\"><svg xmlns=\"http:\/\/www.w3.org\/2000\/svg\" viewBox=\"0 0 1200 194.3\" preserveAspectRatio=\"none\"><path d=\"M1200 133.3l-50 8.9c-50 8.6-150 26.9-250 31.1-100 4.2-200-4.2-300-26.7S400 89.2 300 62.2C200 35.8 100 17.5 50 8.9L0 0v194.3h1200v-61z\"\/><\/svg><\/div><\/div><\/div>\n\n\n<div><div class=\"gb-container gb-container-542c25ed\">\n\n<h2 class=\"gb-headline gb-headline-f55e21fc\"><span class=\"gb-icon\"><svg xmlns=\"http:\/\/www.w3.org\/2000\/svg\" viewBox=\"0 0 23.896 21.232\"><path d=\"M11.948 21.232c-.398 0-.779-.158-1.061-.439l-8.84-8.84a7.01 7.01 0 010-9.902c2.729-2.729 7.17-2.729 9.9-.001l.025-.024A6.956 6.956 0 0116.898 0h.001c1.87 0 3.628.729 4.949 2.051l.002.002a7.008 7.008 0 01-.002 9.9l-8.84 8.84a1.499 1.499 0 01-1.06.439zm-4.95-18.23a3.99 3.99 0 00-2.829 1.17 4.006 4.006 0 000 5.659l7.779 7.78 7.779-7.78A3.978 3.978 0 0020.9 7.002a3.978 3.978 0 00-1.171-2.829l-.002-.002A3.98 3.98 0 0016.899 3h-.001a3.976 3.976 0 00-2.828 1.171l-.014.013-1.048 1.048c-.562.562-1.559.562-2.121 0l-1.06-1.06a3.992 3.992 0 00-2.829-1.17z\"><\/path><\/svg><\/span><span class=\"gb-headline-text\"><strong>Servicii oferite<\/strong><\/span><\/h2>\n\n\n\n<div class=\"wp-block-columns is-layout-flex wp-container-core-columns-is-layout-9d6595d7 wp-block-columns-is-layout-flex\">\n<div class=\"wp-block-column is-layout-flow wp-block-column-is-layout-flow\" style=\"flex-basis:50%\"><div class=\"gb-container gb-container-83b9fe33\">\n\n<h4 class=\"gb-headline gb-headline-763af875 gb-headline-text\"><a href=\"https:\/\/naturalpixel.net\/recuperarecopii\/recuperare-medicala-copii-medicina-fizica-si-reabilitare\/\" data-type=\"link\" data-id=\"https:\/\/naturalpixel.net\/recuperarecopii\/recuperare-medicala-copii-medicina-fizica-si-reabilitare\/\">Recuperare, medicin\u0103 fizic\u0103 \u0219i reabilitare<\/a><\/h4>\n\n\n\n<p>Spitalul ofer\u0103 servicii specializate de&nbsp;<strong>recuperare medical\u0103, medicin\u0103 fizic\u0103 \u0219i reabilitare<\/strong>, dedicate copiilor care necesit\u0103 sprijin \u00een dezvoltarea \u0219i refacerea func\u021biilor motorii. Echipa multidisciplinar\u0103 de speciali\u0219ti utilizeaz\u0103 terapii moderne de&nbsp;<strong>kinetoterapie, fizioterapie \u0219i ergoterapie<\/strong>, adaptate nevoilor fiec\u0103rui pacient, pentru a sus\u021bine procesul de recuperare neuropsihomotorie \u0219i \u00eembun\u0103t\u0103\u021birea calit\u0103\u021bii vie\u021bii. <a href=\"https:\/\/naturalpixel.net\/recuperarecopii\/recuperare-medicala-copii-medicina-fizica-si-reabilitare\/\">Detalii<\/a><\/p>\n\n<\/div><\/div>\n\n\n\n<div class=\"wp-block-column is-layout-flow wp-block-column-is-layout-flow\" style=\"flex-basis:50%\"><div class=\"gb-container gb-container-28452b19\">\n\n<h4 class=\"gb-headline gb-headline-a6a0fd42 gb-headline-text\"><strong><strong>Consultatii neurologie pediatric\u0103<\/strong><\/strong><\/h4>\n\n\n\n<p>Consulta\u021biile de neurologie pediatric\u0103 ofer\u0103 evalu\u0103ri am\u0103nun\u021bite \u0219i monitorizare pentru copiii cu afec\u021biuni neuropsihomotorii. Echipa medical\u0103 specializat\u0103, prin consulturi individualizate, urm\u0103re\u0219te diagnosticul, tratamentul \u0219i recuperarea afec\u021biunilor neurologice cronice, contribuind la \u00eembun\u0103t\u0103\u021birea func\u021biilor motorii \u0219i cognitive ale micilor pacien\u021bi.&nbsp;<\/p>\n\n<\/div><\/div>\n<\/div>\n\n\n\n<div class=\"wp-block-columns is-layout-flex wp-container-core-columns-is-layout-9d6595d7 wp-block-columns-is-layout-flex\">\n<div class=\"wp-block-column is-layout-flow wp-block-column-is-layout-flow\"><div class=\"gb-container gb-container-860b5c9e\">\n\n<h4 class=\"gb-headline gb-headline-e47f85b8 gb-headline-text\"><strong><strong>Consultatii ortopedie pediatric\u0103<\/strong><\/strong><\/h4>\n\n\n\n<p>Asigur\u0103 evaluarea \u0219i tratamentul afec\u021biunilor ortopedice specifice copiilor, cu accent pe diagnosticarea precoce \u0219i managementul optim al problemelor de dezvoltare musculoscheletal\u0103. <\/p>\n\n<\/div><\/div>\n\n\n\n<div class=\"wp-block-column is-layout-flow wp-block-column-is-layout-flow\"><div class=\"gb-container gb-container-1a9edceb\">\n\n<h4 class=\"gb-headline gb-headline-c917d610 gb-headline-text\"><strong><strong><strong>Consultatii psihiatrie pediatric\u0103<\/strong><\/strong><\/strong><\/h4>\n\n\n\n<p>Vizeaz\u0103 diagnosticarea \u0219i gestionarea unor afec\u021biuni precum tulbur\u0103rile de adaptare, tulbur\u0103rile pervazive de dezvoltare, autismul, \u00eent\u00e2rzierile mintale \u0219i tulbur\u0103rile de comportament, oferind suport at\u00e2t copiilor, c\u00e2t \u0219i familiilor acestora. <\/p>\n\n<\/div><\/div>\n<\/div>\n\n\n\n<div class=\"wp-block-columns is-layout-flex wp-container-core-columns-is-layout-9d6595d7 wp-block-columns-is-layout-flex\">\n<div class=\"wp-block-column is-layout-flow wp-block-column-is-layout-flow\"><div class=\"gb-container gb-container-a28e6d5f\">\n\n<h4 class=\"gb-headline gb-headline-1899b872 gb-headline-text\"><strong><strong>Consultatii endocrinologie<\/strong><\/strong><\/h4>\n\n\n\n<p>Asigura diagnosticarea \u0219i tratamentul afec\u021biunilor hormonale ce afecteaz\u0103 cre\u0219terea, dezvoltarea \u0219i metabolismul copiilor. Sunt gestionate probleme precum tulbur\u0103rile de cre\u0219tere, pubertatea precoce sau \u00eent\u00e2rziat\u0103, boli ale glandei tiroide, diabetul zaharat, disfunc\u021bii ale glandelor suprarenale \u0219i tulbur\u0103ri metabolice. <\/p>\n\n<\/div><\/div>\n\n\n\n<div class=\"wp-block-column is-layout-flow wp-block-column-is-layout-flow\"><div class=\"gb-container gb-container-bccdef86\">\n\n<h4 class=\"gb-headline gb-headline-aa6cd880 gb-headline-text\"><strong><strong><strong>Consultatii cardiologie pediatric\u0103<\/strong><\/strong><\/strong><\/h4>\n\n\n\n<p>Ofer\u0103 evalu\u0103ri complexe pentru diagnosticul \u0219i tratarea afec\u021biunilor cardiace la copii, inclusiv malforma\u021bii congenitale, aritmii \u0219i alte tulbur\u0103ri cardiovasculare. Serviciul include investiga\u021bii specifice precum ecocardiografia \u0219i electrocardiograma (EKG), prin care se monitorizeaz\u0103 func\u021bia \u0219i structura inimii, asigur\u00e2nd o interven\u021bie precoce \u0219i un management adecvat pentru s\u0103n\u0103tatea cardiovascular\u0103 optim\u0103 a micilor pacien\u021bi.<\/p>\n\n<\/div><\/div>\n<\/div>\n\n\n\n<div class=\"wp-block-columns is-layout-flex wp-container-core-columns-is-layout-9d6595d7 wp-block-columns-is-layout-flex\">\n<div class=\"wp-block-column is-layout-flow wp-block-column-is-layout-flow\"><div class=\"gb-container gb-container-9710d612\">\n\n<h4 class=\"gb-headline gb-headline-b980b0e6 gb-headline-text\"><strong><strong>Psihologie &#8211; Logopedie &#8211; Educa\u021bie Terapeutic\u0103<\/strong><\/strong><\/h4>\n\n\n\n<p>Evalu\u0103ri \u0219i interven\u021bii specializate pentru copii&nbsp;cu dificult\u0103\u021bi de comunicare, limbaj \u0219i&nbsp;dezvoltare emo\u021bional\u0103. Terapia logopedic\u0103&nbsp;vizeaz\u0103 corectarea tulbur\u0103rilor de vorbire, ritm \u0219i&nbsp;fluen\u021b\u0103, iar&nbsp;psihologia pediatric\u0103 sprijin\u0103 gestionarea aspectelor&nbsp;emo\u021bionale \u0219i&nbsp;comportamentale. Educa\u021bia&nbsp;terapeutic\u0103 ajut\u0103 copiii s\u0103&nbsp;dob\u00e2ndeasc\u0103 \u0219i&nbsp;s\u0103 dezvolte abilit\u0103\u021bi func\u021bionale \u0219i sociale, contribuind&nbsp;la o dezvoltare armonioas\u0103&nbsp;\u0219i echilibrat\u0103.<\/p>\n\n<\/div><\/div>\n\n\n\n<div class=\"wp-block-column is-layout-flow wp-block-column-is-layout-flow\"><div class=\"gb-container gb-container-b02464e1\">\n\n<h4 class=\"gb-headline gb-headline-8bc1ca0a gb-headline-text\"><strong><strong><strong>Diagnostic \u0219i terapii \u00een bolile rare<\/strong><\/strong><\/strong><\/h4>\n\n\n\n<p>Evalu\u0103ri complexe \u0219i tratamente personalizate pentru afec\u021biuni neurologice \u0219i genetice rare, asigur\u00e2nd \u00eengrijire specializat\u0103 \u0219i multidisciplinar\u0103. Include administrarea terapiilor moderne, precum cele pentru amiotrofia spinal\u0103 progresiv\u0103, cu scopul de a \u00eembun\u0103t\u0103\u021bi calitatea vie\u021bii \u0219i prognosisului pacien\u021bilor, prin utilizarea celor mai avansate tehnologii \u0219i proceduri terapeutice.<\/p>\n\n<\/div><\/div>\n<\/div>\n\n\n\n<div class=\"wp-block-columns is-layout-flex wp-container-core-columns-is-layout-9d6595d7 wp-block-columns-is-layout-flex\">\n<div class=\"wp-block-column is-layout-flow wp-block-column-is-layout-flow\"><div class=\"gb-container gb-container-dd20c00c\">\n\n<h4 class=\"gb-headline gb-headline-995b6d5a gb-headline-text\"><strong><strong><strong>Investigatii<\/strong><\/strong><\/strong><\/h4>\n\n\n\n<p>Includ o gam\u0103 variat\u0103 de teste esen\u021biale pentru diagnostic \u0219i monitorizarea evolu\u021biei st\u0103rii de s\u0103n\u0103tate a copiilor. Printre aceste investiga\u021bii se num\u0103r\u0103 electromiografia pentru afec\u021biuni neuromusculare, ecografiile de \u0219old \u0219i aparat locomotor, electroencefalografia, radiologia \u0219i rezonan\u021ba magnetic\u0103 nuclear\u0103 (RMN). Totodat\u0103, centrul ofer\u0103 investiga\u021bii moderne precum analiza multifactorial\u0103 a mersului, electrocardiografia (ECG) \u0219i monitoriz\u0103ri Holter pentru evaluarea func\u021biei cardiace, toate realizate cu aparatur\u0103 de ultim\u0103 genera\u021bie, neinvaziv\u0103 \u0219i adaptat\u0103 v\u00e2rstei copiilor.<\/p>\n\n<\/div><\/div>\n\n\n\n<div class=\"wp-block-column is-layout-flow wp-block-column-is-layout-flow\"><\/div>\n<\/div>\n\n<\/div><\/div>\n\n\n<div class=\"gb-container gb-container-ccd8ceab\">\n<div class=\"gb-container gb-container-33fe3524\">\n<div class=\"gb-container gb-container-4e44e0a6\"><div class=\"gb-inside-container\">\n\n<h3 class=\"gb-headline gb-headline-31146b9b gb-headline-text\">Centrul National Clinic de Recuperare Neuropsihomotorie Copii Doctor Nicolae Robanescu<\/h3>\n\n\n\n<p class=\"has-white-color has-text-color\">Centrul este dedicat diagnosticului, tratamentului \u0219i recuper\u0103rii copiilor cu afec\u021biuni neuropsihomotorii \u0219i boli rare, oferind servicii medicale complexe \u0219i personalizate. Prin echipe multidisciplinare \u0219i tehnologii moderne, asigur\u0103 examin\u0103ri \u0219i terapii de \u00eenalt\u0103 specializare, facilit\u00e2nd accesul la tratamente inovatoare \u0219i urm\u0103rirea evolu\u021biei pacientului cu scopul \u00eembun\u0103t\u0103\u021birii calit\u0103\u021bii vie\u021bii.<\/p>\n\n\n\n<p>Beneficiaz\u0103 de o echip\u0103 multidisciplinar\u0103 format\u0103 din speciali\u0219ti \u00een neurologie pediatric\u0103, ortopedie, psihiatrie, endocrinologie, cardiologie, psihologie, logopedie \u0219i educa\u021bie terapeutic\u0103. Ace\u0219ti profesioni\u0219ti colaboreaz\u0103 str\u00e2ns pentru a oferi un diagnostic precis, tratamente personalizate \u0219i planuri complexe de recuperare, pun\u00e2nd \u00een centrul aten\u021biei nevoile individuale ale fiec\u0103rui copil \u0219i urm\u0103rind \u00eembun\u0103t\u0103\u021birea calit\u0103\u021bii vie\u021bii prin abord\u0103ri integrate \u0219i coordonate.<\/p>\n\n\n\n<p>Pe l\u00e2ng\u0103 metodele clasice, pacien\u021bii beneficiaz\u0103 de acces la studii clinice \u0219i terapii inovatoare, facilit\u00e2nd astfel accesul la cele mai noi op\u021biuni terapeutice, inclusiv tratamente de ultim\u0103 genera\u021bie pentru boli rare \u0219i afec\u021biuni complexe. Aceast\u0103 abordare integrat\u0103 asigur\u0103 o \u00eengrijire complet\u0103 \u0219i modern\u0103, orientat\u0103 c\u0103tre cele mai bune rezultate pentru fiecare copil.<\/p>\n\n<\/div><\/div>\n<\/div>\n<div class=\"gb-shapes\"><div class=\"gb-shape gb-shape-1\"><svg xmlns=\"http:\/\/www.w3.org\/2000\/svg\" viewBox=\"0 0 1200 218\" preserveAspectRatio=\"none\"><path d=\"M0 218h1200v-31.3l-40 4.4c-40 4.8-120 13.1-200 0-80-13.6-160-48.6-240-66.7-80-17.8-160-17.8-240-8.8-80 8.6-160 26.9-240 8.8-80-17.7-160-71.1-200-97.7L0 0v218z\"\/><\/svg><\/div><div class=\"gb-shape gb-shape-2\"><svg xmlns=\"http:\/\/www.w3.org\/2000\/svg\" viewBox=\"0 0 1200 218\" preserveAspectRatio=\"none\"><path d=\"M0 218h1200v-31.3l-40 4.4c-40 4.8-120 13.1-200 0-80-13.6-160-48.6-240-66.7-80-17.8-160-17.8-240-8.8-80 8.6-160 26.9-240 8.8-80-17.7-160-71.1-200-97.7L0 0v218z\"\/><\/svg><\/div><\/div><\/div>\n\n<div class=\"gb-container gb-container-3254c11d\">\n\n<a class=\"gb-button gb-button-b7365c61\" href=\"https:\/\/gpsites.co\/donate\/donate\/\" target=\"_blank\" rel=\"noopener\"><span class=\"gb-button-text\">Programari<\/span><span class=\"gb-icon\"><svg height=\"15\" width=\"15\" xmlns=\"http:\/\/www.w3.org\/2000\/svg\" fill=\"none\" viewBox=\"0 0 15 15\"><path stroke=\"currentColor\" d=\"M13.5 7.5l-4-4m4 4l-4 4m4-4H1\"><\/path><\/svg><\/span><\/a>\n\n<\/div>","protected":false},"excerpt":{"rendered":"<p>Centrul National Clinic de Recuperare Neuropsihomotorie Copii Robanescu &#8211; Padure Servicii oferite Recuperare, medicin\u0103 fizic\u0103 \u0219i reabilitare Spitalul ofer\u0103 servicii specializate de&nbsp;recuperare medical\u0103, medicin\u0103 fizic\u0103 \u0219i reabilitare, dedicate copiilor care necesit\u0103 sprijin \u00een dezvoltarea \u0219i refacerea func\u021biilor motorii. Echipa multidisciplinar\u0103 de speciali\u0219ti utilizeaz\u0103 terapii moderne de&nbsp;kinetoterapie, fizioterapie \u0219i ergoterapie, adaptate nevoilor fiec\u0103rui pacient, pentru a &#8230; <a title=\"Home\" class=\"read-more\" href=\"https:\/\/naturalpixel.net\/recuperarecopii\/\" aria-label=\"Read more about Home\">Read more<\/a><\/p>\n","protected":false},"author":1,"featured_media":0,"parent":0,"menu_order":0,"comment_status":"closed","ping_status":"closed","template":"","meta":{"footnotes":""},"class_list":["post-3573","page","type-page","status-publish"],"_links":{"self":[{"href":"https:\/\/naturalpixel.net\/recuperarecopii\/wp-json\/wp\/v2\/pages\/3573","targetHints":{"allow":["GET"]}}],"collection":[{"href":"https:\/\/naturalpixel.net\/recuperarecopii\/wp-json\/wp\/v2\/pages"}],"about":[{"href":"https:\/\/naturalpixel.net\/recuperarecopii\/wp-json\/wp\/v2\/types\/page"}],"author":[{"embeddable":true,"href":"https:\/\/naturalpixel.net\/recuperarecopii\/wp-json\/wp\/v2\/users\/1"}],"replies":[{"embeddable":true,"href":"https:\/\/naturalpixel.net\/recuperarecopii\/wp-json\/wp\/v2\/comments?post=3573"}],"version-history":[{"count":39,"href":"https:\/\/naturalpixel.net\/recuperarecopii\/wp-json\/wp\/v2\/pages\/3573\/revisions"}],"predecessor-version":[{"id":4984,"href":"https:\/\/naturalpixel.net\/recuperarecopii\/wp-json\/wp\/v2\/pages\/3573\/revisions\/4984"}],"wp:attachment":[{"href":"https:\/\/naturalpixel.net\/recuperarecopii\/wp-json\/wp\/v2\/media?parent=3573"}],"curies":[{"name":"wp","href":"https:\/\/api.w.org\/{rel}","templated":true}]}}